{"id":4439,"date":"2025-03-20T14:23:00","date_gmt":"2025-03-20T14:23:00","guid":{"rendered":"https:\/\/miamedic.lt\/?post_type=product&#038;p=4439"},"modified":"2026-03-02T10:56:31","modified_gmt":"2026-03-02T10:56:31","slug":"lip-polish","status":"publish","type":"product","link":"https:\/\/miamedic.lt\/en\/shop\/lip-polish\/","title":{"rendered":"LIP POLISH"},"content":{"rendered":"<p class=\"\" data-start=\"296\" data-end=\"671\"><strong>iS Clinical LIP POLISH<\/strong> &#8211; \u0160is subtilus, ta\u010diau veiksmingas l\u016bp\u0173 \u0161veitiklis praturtintas antioksidantais ir maitinan\u010diais aliejais. Jis \u0161velniai atnaujina l\u016bp\u0173 od\u0105, efektyviai pa\u0161alindamas sausas l\u0105steles, suteikia dr\u0117gm\u0117s, elastingumo ir sveik\u0105 spindes\u012f. Puikus pasirinkimas kasdienei l\u016bp\u0173 prie\u017ei\u016brai, siekiant i\u0161laikyti j\u0173 \u0161velnum\u0105 ir glotnum\u0105.<\/p>\n<p data-start=\"45\" data-end=\"63\"><strong data-start=\"49\" data-end=\"61\">Effect<\/strong><\/p>\n<p class=\"\" data-start=\"64\" data-end=\"289\">\u2022 \u0160velniai pa\u0161alina negyvas odos l\u0105steles ir i\u0161lygina l\u016bp\u0173 tekst\u016br\u0105<br data-start=\"131\" data-end=\"134\" \/>\u2022 Suteikia stipri\u0105 antioksidacin\u0119 apsaug\u0105<br data-start=\"175\" data-end=\"178\" \/>\u2022 L\u016bpos tampa \u0161velnios, lygios ir \u0161vytin\u010dios<br data-start=\"222\" data-end=\"225\" \/>\u2022 Dr\u0117kina, maitina ir mink\u0161tina od\u0105<br data-start=\"260\" data-end=\"263\" \/>\u2022 Sud\u0117tyje n\u0117ra paraben\u0173<\/p>\n<p data-start=\"585\" data-end=\"967\"><strong>Usage:<\/strong><\/p>\n<div class=\"page\" title=\"Page 11\">\n<div class=\"section\">\n<div class=\"layoutArea\">\n<div class=\"column\">\n<div class=\"page\" title=\"Page 16\">\n<div class=\"section\">\n<div class=\"layoutArea\">\n<div class=\"column\">\n<div class=\"page\" title=\"Page 21\">\n<div class=\"section\">\n<div class=\"layoutArea\">\n<div class=\"column\">\n<div class=\"page\" title=\"Page 22\">\n<div class=\"section\">\n<div class=\"layoutArea\">\n<div class=\"column\">\n<div class=\"page\" title=\"Page 23\">\n<div class=\"section\">\n<div class=\"layoutArea\">\n<div class=\"column\">\n<div class=\"page\" title=\"Page 24\">\n<div class=\"section\">\n<div class=\"layoutArea\">\n<div class=\"column\">\n<p>Sukamaisiais judesiais uz\u030ctepkite nedideli\u0328 s\u030cveitiklio kieki\u0328 ant dre\u0307gnu\u0328 lu\u0304pu\u0328, tada nuplaukite vandeniu. Taikyti 2-3 kartus per savaite\u0328 arba pagal poreiki\u0328.<\/p>\n<\/div>\n<\/div>\n<\/div>\n<\/div>\n<\/div>\n<\/div>\n<\/div>\n<\/div>\n<\/div>\n<\/div>\n<\/div>\n<\/div>\n<\/div>\n<\/div>\n<\/div>\n<\/div>\n<\/div>\n<\/div>\n<\/div>\n<\/div>\n<\/div>\n<\/div>\n<\/div>\n<\/div>","protected":false},"excerpt":{"rendered":"<p>L\u016bp\u0173 \u0161veitiklis, praturtintas antioksidantais ir maitinan\u010diais aliejais.<\/p>","protected":false},"featured_media":4440,"comment_status":"open","ping_status":"closed","template":"","meta":[],"product_cat":[448,417,238],"product_tag":[],"class_list":{"0":"post-4439","1":"product","2":"type-product","3":"status-publish","4":"has-post-thumbnail","6":"product_cat-is-clinical-ir-circadia","7":"product_cat-is-clinical-ir-valmont","8":"product_cat-lupu-sveitikliai","9":"pa_brands-is-clinical","10":"pa_talpa-15g","12":"first","13":"instock","14":"taxable","15":"shipping-taxable","16":"purchasable","17":"product-type-simple"},"_links":{"self":[{"href":"https:\/\/miamedic.lt\/en\/wp-json\/wp\/v2\/product\/4439","targetHints":{"allow":["GET"]}}],"collection":[{"href":"https:\/\/miamedic.lt\/en\/wp-json\/wp\/v2\/product"}],"about":[{"href":"https:\/\/miamedic.lt\/en\/wp-json\/wp\/v2\/types\/product"}],"replies":[{"embeddable":true,"href":"https:\/\/miamedic.lt\/en\/wp-json\/wp\/v2\/comments?post=4439"}],"version-history":[{"count":3,"href":"https:\/\/miamedic.lt\/en\/wp-json\/wp\/v2\/product\/4439\/revisions"}],"predecessor-version":[{"id":12869,"href":"https:\/\/miamedic.lt\/en\/wp-json\/wp\/v2\/product\/4439\/revisions\/12869"}],"wp:featuredmedia":[{"embeddable":true,"href":"https:\/\/miamedic.lt\/en\/wp-json\/wp\/v2\/media\/4440"}],"wp:attachment":[{"href":"https:\/\/miamedic.lt\/en\/wp-json\/wp\/v2\/media?parent=4439"}],"wp:term":[{"taxonomy":"product_cat","embeddable":true,"href":"https:\/\/miamedic.lt\/en\/wp-json\/wp\/v2\/product_cat?post=4439"},{"taxonomy":"product_tag","embeddable":true,"href":"https:\/\/miamedic.lt\/en\/wp-json\/wp\/v2\/product_tag?post=4439"}],"curies":[{"name":"wp","href":"https:\/\/api.w.org\/{rel}","templated":true}]}}