{"id":4435,"date":"2025-03-20T14:14:24","date_gmt":"2025-03-20T14:14:24","guid":{"rendered":"https:\/\/miamedic.lt\/?post_type=product&#038;p=4435"},"modified":"2026-03-02T10:56:40","modified_gmt":"2026-03-02T10:56:40","slug":"youth-eye-complex","status":"publish","type":"product","link":"https:\/\/miamedic.lt\/en\/shop\/youth-eye-complex\/","title":{"rendered":"YOUTH EYE COMPLEX"},"content":{"rendered":"<p class=\"\" data-start=\"296\" data-end=\"671\"><strong>iS Clinical YOUTH EYE COMPLEX<\/strong> &#8211; \u0160is pa\u017eangus paaki\u0173 kremas sukurtas naudojant modernias technologijas, orientuotas \u012f jautrios periorbitalin\u0117s zonos poreikius. Formul\u0117 praturtinta veiksmingais peptidais, augimo faktoriais, aktyviais antioksidantais ir hialurono r\u016bg\u0161ties mikrosferomis. Ji efektyviai ma\u017eina rauk\u0161les, \u0161viesina paakius, ma\u017eina patinim\u0105 bei giliai dr\u0117kina od\u0105, suteikdama jai \u0161vyt\u0117jimo ir gaivumo. Naudojant reguliariai, u\u017etikrinamas ilgalaikis atjauninantis poveikis.<\/p>\n<p data-start=\"45\" data-end=\"63\"><strong data-start=\"49\" data-end=\"61\">Effect<\/strong><\/p>\n<p class=\"translation-block\" data-start=\"64\" data-end=\"379\">\u2022 Reduces the appearance of wrinkles and fine lines in the under-eye area<br data-start=\"125\" data-end=\"128\">\n\u2022 Brightens dark circles under the eyes<br data-start=\"164\" data-end=\"167\">\n\u2022 Intensively hydrates and nourishes the skin<br data-start=\"203\" data-end=\"206\">\n\u2022 Improves skin elasticity and firmness<br data-start=\"246\" data-end=\"249\">\n\u2022 Provides strong antioxidant protection<br data-start=\"291\" data-end=\"294\">\n\u2022 Delivers an immediate visual effect and long-lasting results<br data-start=\"350\" data-end=\"353\">\n\u2022 Paraben-free<\/p>\n<p data-start=\"585\" data-end=\"967\"><strong>Usage:<\/strong><\/p>\n<div class=\"page\" title=\"Page 11\">\n<div class=\"section\">\n<div class=\"layoutArea\">\n<div class=\"column\">\n<div class=\"page\" title=\"Page 16\">\n<div class=\"section\">\n<div class=\"layoutArea\">\n<div class=\"column\">\n<div class=\"page\" title=\"Page 21\">\n<div class=\"section\">\n<div class=\"layoutArea\">\n<div class=\"column\">\n<div class=\"page\" title=\"Page 22\">\n<div class=\"section\">\n<div class=\"layoutArea\">\n<div class=\"column\">\n<div class=\"page\" title=\"Page 23\">\n<div class=\"section\">\n<div class=\"layoutArea\">\n<div class=\"column\">\n<p>Apply a small amount of cream (1\/2 pump) to the periorbital area along the bone contour. The cream can also be applied to the lips.<\/p>\n<\/div>\n<\/div>\n<\/div>\n<\/div>\n<\/div>\n<\/div>\n<\/div>\n<\/div>\n<\/div>\n<\/div>\n<\/div>\n<\/div>\n<\/div>\n<\/div>\n<\/div>\n<\/div>\n<\/div>\n<\/div>\n<\/div>\n<\/div>","protected":false},"excerpt":{"rendered":"<p>This advanced eye cream is created using modern technologies, focusing on the needs of the sensitive periorbital area.<\/p>","protected":false},"featured_media":4436,"comment_status":"open","ping_status":"closed","template":"","meta":[],"product_cat":[448,417,83],"product_tag":[],"class_list":{"0":"post-4435","1":"product","2":"type-product","3":"status-publish","4":"has-post-thumbnail","6":"product_cat-is-clinical-ir-circadia","7":"product_cat-is-clinical-ir-valmont","8":"product_cat-paakiu-kremai","9":"pa_brands-is-clinical","10":"pa_talpa-15g","12":"first","13":"instock","14":"taxable","15":"shipping-taxable","16":"purchasable","17":"product-type-simple"},"_links":{"self":[{"href":"https:\/\/miamedic.lt\/en\/wp-json\/wp\/v2\/product\/4435","targetHints":{"allow":["GET"]}}],"collection":[{"href":"https:\/\/miamedic.lt\/en\/wp-json\/wp\/v2\/product"}],"about":[{"href":"https:\/\/miamedic.lt\/en\/wp-json\/wp\/v2\/types\/product"}],"replies":[{"embeddable":true,"href":"https:\/\/miamedic.lt\/en\/wp-json\/wp\/v2\/comments?post=4435"}],"version-history":[{"count":3,"href":"https:\/\/miamedic.lt\/en\/wp-json\/wp\/v2\/product\/4435\/revisions"}],"predecessor-version":[{"id":12875,"href":"https:\/\/miamedic.lt\/en\/wp-json\/wp\/v2\/product\/4435\/revisions\/12875"}],"wp:featuredmedia":[{"embeddable":true,"href":"https:\/\/miamedic.lt\/en\/wp-json\/wp\/v2\/media\/4436"}],"wp:attachment":[{"href":"https:\/\/miamedic.lt\/en\/wp-json\/wp\/v2\/media?parent=4435"}],"wp:term":[{"taxonomy":"product_cat","embeddable":true,"href":"https:\/\/miamedic.lt\/en\/wp-json\/wp\/v2\/product_cat?post=4435"},{"taxonomy":"product_tag","embeddable":true,"href":"https:\/\/miamedic.lt\/en\/wp-json\/wp\/v2\/product_tag?post=4435"}],"curies":[{"name":"wp","href":"https:\/\/api.w.org\/{rel}","templated":true}]}}