{"id":4431,"date":"2025-03-20T13:01:40","date_gmt":"2025-03-20T13:01:40","guid":{"rendered":"https:\/\/miamedic.lt\/?post_type=product&#038;p=4431"},"modified":"2026-03-02T10:56:49","modified_gmt":"2026-03-02T10:56:49","slug":"youth-serum","status":"publish","type":"product","link":"https:\/\/miamedic.lt\/en\/shop\/youth-serum\/","title":{"rendered":"YOUTH SERUM"},"content":{"rendered":"<p class=\"\" data-start=\"296\" data-end=\"671\"><strong>iS CLINICAL YOUTH SERUM<\/strong> &#8211; Serumas sukurtas su bioidenti\u0161kais vario tripeptido augimo faktoriais ir centella asiatica ekstraktu, kurie suteikia tiek momentin\u012f, tiek ilgalaik\u012f rezultat\u0105. Oda tampa stangresn\u0117, elastingesn\u0117, rauk\u0161li\u0173 gylis pastebimai suma\u017e\u0117ja. Extremozyme\u00ae patentuota technologija kartu su antioksidantais u\u017etikrina stipri\u0105 apsaug\u0105 nuo aplinkos streso ir laisv\u0173j\u0173 radikal\u0173 poveikio. Idealiai tinka naudoti kasdien, \u012fskaitant ir jautri\u0105 paaki\u0173 zon\u0105.<\/p>\n<p data-start=\"45\" data-end=\"63\"><strong data-start=\"49\" data-end=\"61\">Effect<\/strong><\/p>\n<p class=\"translation-block\" data-start=\"79\" data-end=\"497\">\u2022 The safe growth factors in the formula help protect the skin from the formation of cancerous cells\n\u2022 Clinically proven to stimulate collagen and elastin synthesis\n\u2022 Protects against DNA damage thanks to Extremozyme\u00ae technology\n\u2022 Instantly smooths fine wrinkles and provides a long-lasting firming effect\n\u2022 Improves skin elasticity and texture\n\u2022 Suitable for use around the eyes and under makeup\n\u2022 Free from parabens<\/p>\n<p data-start=\"585\" data-end=\"967\"><strong>Usage:<\/strong><\/p>\n<div class=\"page\" title=\"Page 11\">\n<div class=\"section\">\n<div class=\"layoutArea\">\n<div class=\"column\">\n<div class=\"page\" title=\"Page 16\">\n<div class=\"section\">\n<div class=\"layoutArea\">\n<div class=\"column\">\n<div class=\"page\" title=\"Page 21\">\n<div class=\"section\">\n<div class=\"layoutArea\">\n<div class=\"column\">\n<div class=\"page\" title=\"Page 22\">\n<div class=\"section\">\n<div class=\"layoutArea\">\n<div class=\"column\">\n<p>Apply a small amount (1-2 drops) to the palm and gently distribute the serum on the face and the area around the eyes using your fingertips.<\/p>\n<\/div>\n<\/div>\n<\/div>\n<\/div>\n<\/div>\n<\/div>\n<\/div>\n<\/div>\n<\/div>\n<\/div>\n<\/div>\n<\/div>\n<\/div>\n<\/div>\n<\/div>\n<\/div>","protected":false},"excerpt":{"rendered":"<p>Created with bioidentical copper tripeptide growth factors and Centella Asiatica extract, which provide both immediate and long-term results.<\/p>","protected":false},"featured_media":4432,"comment_status":"open","ping_status":"closed","template":"","meta":[],"product_cat":[448,417,107],"product_tag":[],"class_list":{"0":"post-4431","1":"product","2":"type-product","3":"status-publish","4":"has-post-thumbnail","6":"product_cat-is-clinical-ir-circadia","7":"product_cat-is-clinical-ir-valmont","8":"product_cat-serumai","9":"pa_brands-is-clinical","10":"pa_talpa-30ml-2","12":"first","13":"instock","14":"taxable","15":"shipping-taxable","16":"purchasable","17":"product-type-simple"},"_links":{"self":[{"href":"https:\/\/miamedic.lt\/en\/wp-json\/wp\/v2\/product\/4431","targetHints":{"allow":["GET"]}}],"collection":[{"href":"https:\/\/miamedic.lt\/en\/wp-json\/wp\/v2\/product"}],"about":[{"href":"https:\/\/miamedic.lt\/en\/wp-json\/wp\/v2\/types\/product"}],"replies":[{"embeddable":true,"href":"https:\/\/miamedic.lt\/en\/wp-json\/wp\/v2\/comments?post=4431"}],"version-history":[{"count":2,"href":"https:\/\/miamedic.lt\/en\/wp-json\/wp\/v2\/product\/4431\/revisions"}],"predecessor-version":[{"id":12879,"href":"https:\/\/miamedic.lt\/en\/wp-json\/wp\/v2\/product\/4431\/revisions\/12879"}],"wp:featuredmedia":[{"embeddable":true,"href":"https:\/\/miamedic.lt\/en\/wp-json\/wp\/v2\/media\/4432"}],"wp:attachment":[{"href":"https:\/\/miamedic.lt\/en\/wp-json\/wp\/v2\/media?parent=4431"}],"wp:term":[{"taxonomy":"product_cat","embeddable":true,"href":"https:\/\/miamedic.lt\/en\/wp-json\/wp\/v2\/product_cat?post=4431"},{"taxonomy":"product_tag","embeddable":true,"href":"https:\/\/miamedic.lt\/en\/wp-json\/wp\/v2\/product_tag?post=4431"}],"curies":[{"name":"wp","href":"https:\/\/api.w.org\/{rel}","templated":true}]}}