{"id":4425,"date":"2025-03-20T12:52:57","date_gmt":"2025-03-20T12:52:57","guid":{"rendered":"https:\/\/miamedic.lt\/?post_type=product&#038;p=4425"},"modified":"2026-03-02T10:56:58","modified_gmt":"2026-03-02T10:56:58","slug":"youth-complex","status":"publish","type":"product","link":"https:\/\/miamedic.lt\/en\/shop\/youth-complex\/","title":{"rendered":"YOUTH COMPLEX"},"content":{"rendered":"<p class=\"\" data-start=\"296\" data-end=\"671\"><strong>iS Clinical YOUTH COMPLEX<\/strong> &#8211; \u0160is lengvos tekst\u016bros daugiafunkcis kremas sukurtas siekiant ne tik akimirksniu pagerinti odos b\u016bkl\u0119, bet ir u\u017etikrinti ilgalaik\u012f rezultat\u0105. Formul\u0117je esantys augimo faktoriai bei peptidai aktyviai skatina nat\u016bral\u0173 kolageno, elastino ir hialurono r\u016bg\u0161ties gamyb\u0105, tod\u0117l oda tampa stangresn\u0117, elastingesn\u0117 ir tolygesnio atspalvio. Kremas efektyviai dr\u0117kina, u\u017epildo rauk\u0161les, lengvai \u0161vei\u010dia ir suteikia odai \u0161vyt\u0117jimo.<\/p>\n<p data-start=\"45\" data-end=\"63\"><strong data-start=\"49\" data-end=\"61\">Effect<\/strong><\/p>\n<p class=\"translation-block\" data-start=\"64\" data-end=\"351\">\u2022 Clinically proven to stimulate collagen and elastin production<br data-start=\"124\" data-end=\"127\">\n\u2022 The skin becomes soft, smooth, and silky<br data-start=\"162\" data-end=\"165\">\n\u2022 Provides a lifting effect and strengthens the skin's structure<br data-start=\"223\" data-end=\"226\">\n\u2022 Reduces fine and deep wrinkles<br data-start=\"262\" data-end=\"265\">\n\u2022 Quick visible effects with long-lasting results<br data-start=\"322\" data-end=\"325\">\n\u2022 Paraben-free<\/p>\n<p data-start=\"585\" data-end=\"967\"><strong>Usage:<\/strong><\/p>\n<div class=\"page\" title=\"Page 11\">\n<div class=\"section\">\n<div class=\"layoutArea\">\n<div class=\"column\">\n<div class=\"page\" title=\"Page 16\">\n<div class=\"section\">\n<div class=\"layoutArea\">\n<div class=\"column\">\n<div class=\"page\" title=\"Page 21\">\n<div class=\"section\">\n<div class=\"layoutArea\">\n<div class=\"column\">\n<p>Apply a small amount of cream to the face and distribute evenly.<\/p>\n<\/div>\n<\/div>\n<\/div>\n<\/div>\n<\/div>\n<\/div>\n<\/div>\n<\/div>\n<\/div>\n<\/div>\n<\/div>\n<\/div>","protected":false},"excerpt":{"rendered":"<p>A multifunctional cream designed to not only instantly improve skin condition but also ensure long-term results.<\/p>","protected":false},"featured_media":4427,"comment_status":"open","ping_status":"closed","template":"","meta":[],"product_cat":[448,417,129],"product_tag":[],"class_list":{"0":"post-4425","1":"product","2":"type-product","3":"status-publish","4":"has-post-thumbnail","6":"product_cat-is-clinical-ir-circadia","7":"product_cat-is-clinical-ir-valmont","8":"product_cat-veido-kremai","9":"pa_brands-is-clinical","10":"pa_talpa-30g","12":"first","13":"instock","14":"taxable","15":"shipping-taxable","16":"purchasable","17":"product-type-simple"},"_links":{"self":[{"href":"https:\/\/miamedic.lt\/en\/wp-json\/wp\/v2\/product\/4425","targetHints":{"allow":["GET"]}}],"collection":[{"href":"https:\/\/miamedic.lt\/en\/wp-json\/wp\/v2\/product"}],"about":[{"href":"https:\/\/miamedic.lt\/en\/wp-json\/wp\/v2\/types\/product"}],"replies":[{"embeddable":true,"href":"https:\/\/miamedic.lt\/en\/wp-json\/wp\/v2\/comments?post=4425"}],"version-history":[{"count":4,"href":"https:\/\/miamedic.lt\/en\/wp-json\/wp\/v2\/product\/4425\/revisions"}],"predecessor-version":[{"id":12878,"href":"https:\/\/miamedic.lt\/en\/wp-json\/wp\/v2\/product\/4425\/revisions\/12878"}],"wp:featuredmedia":[{"embeddable":true,"href":"https:\/\/miamedic.lt\/en\/wp-json\/wp\/v2\/media\/4427"}],"wp:attachment":[{"href":"https:\/\/miamedic.lt\/en\/wp-json\/wp\/v2\/media?parent=4425"}],"wp:term":[{"taxonomy":"product_cat","embeddable":true,"href":"https:\/\/miamedic.lt\/en\/wp-json\/wp\/v2\/product_cat?post=4425"},{"taxonomy":"product_tag","embeddable":true,"href":"https:\/\/miamedic.lt\/en\/wp-json\/wp\/v2\/product_tag?post=4425"}],"curies":[{"name":"wp","href":"https:\/\/api.w.org\/{rel}","templated":true}]}}