{"id":4419,"date":"2025-03-20T12:43:27","date_gmt":"2025-03-20T12:43:27","guid":{"rendered":"https:\/\/miamedic.lt\/?post_type=product&#038;p=4419"},"modified":"2026-03-02T10:57:07","modified_gmt":"2026-03-02T10:57:07","slug":"youth-intensive-creme","status":"publish","type":"product","link":"https:\/\/miamedic.lt\/en\/shop\/youth-intensive-creme\/","title":{"rendered":"YOUTH INTENSIVE CR\u00c8ME"},"content":{"rendered":"<p class=\"\" data-start=\"412\" data-end=\"854\"><strong>iS CLINICAL YOUTH INTENSIVE CR\u00c8ME<\/strong> &#8211; Prabangi, sodrios tekst\u016bros kremo formul\u0117 sukurta taip, kad efektyviai kovot\u0173 su am\u017eiaus po\u017eymiais ir pad\u0117t\u0173 i\u0161laikyti jaunatvi\u0161k\u0105 odos i\u0161vaizd\u0105. Kremas praturtintas bioidenti\u0161kais augimo faktoriais, stipriais antioksidantais, peptidais bei baltymais, kurie kartu skatina odos atsinaujinim\u0105 ir elastingum\u0105. Hialurono r\u016bg\u0161ties mikrosferos akimirksniu u\u017epildo rauk\u0161les, suteikia odai \u0161velnumo, stangrumo bei ilgalaik\u0119 dr\u0117gm\u0117s doz\u0119 visai dienai.<\/p>\n<p data-start=\"45\" data-end=\"63\"><strong data-start=\"49\" data-end=\"61\">Effect<\/strong><\/p>\n<p class=\"translation-block\" data-start=\"74\" data-end=\"410\">\u2022 Intense 24-hour hydration\n\u2022 Stimulates collagen production\n\u2022 Reduces fine and deep wrinkles\n\u2022 Nourishes the skin with essential active ingredients\n\u2022 Provides strong antioxidant protection\n\u2022 Improves skin elasticity and strengthens its structure\n\u2022 Has protective properties against environmental factors\n\u2022 Paraben-free<\/p>\n<p data-start=\"585\" data-end=\"967\"><strong>Usage:<\/strong><\/p>\n<div class=\"page\" title=\"Page 11\">\n<div class=\"section\">\n<div class=\"layoutArea\">\n<div class=\"column\">\n<div class=\"page\" title=\"Page 16\">\n<div class=\"section\">\n<div class=\"layoutArea\">\n<div class=\"column\">\n<div class=\"page\" title=\"Page 20\">\n<div class=\"section\">\n<div class=\"layoutArea\">\n<div class=\"column\">\n<p>Apply a small amount of cream to the face and\/or neck and distribute evenly.<\/p>\n<\/div>\n<\/div>\n<\/div>\n<\/div>\n<\/div>\n<\/div>\n<\/div>\n<\/div>\n<\/div>\n<\/div>\n<\/div>\n<\/div>","protected":false},"excerpt":{"rendered":"<p>The cream formula is designed to effectively combat signs of aging and help maintain a youthful appearance of the skin.<\/p>","protected":false},"featured_media":4422,"comment_status":"open","ping_status":"closed","template":"","meta":[],"product_cat":[448,417,129],"product_tag":[],"class_list":{"0":"post-4419","1":"product","2":"type-product","3":"status-publish","4":"has-post-thumbnail","6":"product_cat-is-clinical-ir-circadia","7":"product_cat-is-clinical-ir-valmont","8":"product_cat-veido-kremai","9":"pa_brands-is-clinical","10":"pa_talpa-100g","11":"pa_talpa-50g","13":"first","14":"instock","15":"taxable","16":"shipping-taxable","17":"purchasable","18":"product-type-variable"},"_links":{"self":[{"href":"https:\/\/miamedic.lt\/en\/wp-json\/wp\/v2\/product\/4419","targetHints":{"allow":["GET"]}}],"collection":[{"href":"https:\/\/miamedic.lt\/en\/wp-json\/wp\/v2\/product"}],"about":[{"href":"https:\/\/miamedic.lt\/en\/wp-json\/wp\/v2\/types\/product"}],"replies":[{"embeddable":true,"href":"https:\/\/miamedic.lt\/en\/wp-json\/wp\/v2\/comments?post=4419"}],"version-history":[{"count":2,"href":"https:\/\/miamedic.lt\/en\/wp-json\/wp\/v2\/product\/4419\/revisions"}],"predecessor-version":[{"id":12880,"href":"https:\/\/miamedic.lt\/en\/wp-json\/wp\/v2\/product\/4419\/revisions\/12880"}],"wp:featuredmedia":[{"embeddable":true,"href":"https:\/\/miamedic.lt\/en\/wp-json\/wp\/v2\/media\/4422"}],"wp:attachment":[{"href":"https:\/\/miamedic.lt\/en\/wp-json\/wp\/v2\/media?parent=4419"}],"wp:term":[{"taxonomy":"product_cat","embeddable":true,"href":"https:\/\/miamedic.lt\/en\/wp-json\/wp\/v2\/product_cat?post=4419"},{"taxonomy":"product_tag","embeddable":true,"href":"https:\/\/miamedic.lt\/en\/wp-json\/wp\/v2\/product_tag?post=4419"}],"curies":[{"name":"wp","href":"https:\/\/api.w.org\/{rel}","templated":true}]}}