{"id":4411,"date":"2025-03-20T12:34:31","date_gmt":"2025-03-20T12:34:31","guid":{"rendered":"https:\/\/miamedic.lt\/?post_type=product&#038;p=4411"},"modified":"2026-03-02T10:57:15","modified_gmt":"2026-03-02T10:57:15","slug":"brightening-serum","status":"publish","type":"product","link":"https:\/\/miamedic.lt\/en\/shop\/brightening-serum\/","title":{"rendered":"BRIGHTENING SERUM"},"content":{"rendered":"<p class=\"\" data-start=\"296\" data-end=\"671\"><strong>iS Clinical BRIGHTENING serumas<\/strong><\/p>\n<p class=\"\" data-start=\"296\" data-end=\"671\">\u0160is lengvos tekst\u016bros serumas intensyviai i\u0161lygina odos atspalv\u012f, \u0161velniai skatina odos atsinaujinim\u0105 bei reguliuoja melanino gamyb\u0105, slopindamas tirozinaz\u0117s aktyvum\u0105. Naudojamas kaip stiprinanti priemon\u0117, serumas pagerina kit\u0173 veikli\u0173j\u0173 med\u017eiag\u0173 \u012fsiskverbim\u0105 ir u\u017etikrina dar efektyvesnius pigmentacijos ma\u017einimo rezultatus. Tinka visiems odos tipams, siekiantiems skaistesn\u0117s, tolygesn\u0117s odos.<\/p>\n<p data-start=\"45\" data-end=\"63\"><strong data-start=\"49\" data-end=\"61\">Effect<\/strong><\/p>\n<p class=\"\" data-start=\"64\" data-end=\"294\">\u2022 Saugiai \u0161viesina ir balina od\u0105<br data-start=\"96\" data-end=\"99\" \/>\u2022 Dr\u0117kina, mink\u0161tina ir gerina odos tekst\u016br\u0105<br data-start=\"143\" data-end=\"146\" \/>\u2022 Be hidrochinono ir paraben\u0173<br data-start=\"175\" data-end=\"178\" \/>\u2022 \u201eBooster\u201c efektas \u2013 sustiprina hiperpigmentacijos gydym\u0105 naudojant kartu su <strong data-start=\"256\" data-end=\"279\">Brightening Complex<\/strong><\/p>\n<p data-start=\"585\" data-end=\"967\"><strong>Usage:<\/strong><\/p>\n<div class=\"page\" title=\"Page 11\">\n<div class=\"section\">\n<div class=\"layoutArea\">\n<div class=\"column\">\n<div class=\"page\" title=\"Page 16\">\n<div class=\"section\">\n<div class=\"layoutArea\">\n<div class=\"column\">\n<div class=\"page\" title=\"Page 19\">\n<div class=\"section\">\n<div class=\"layoutArea\">\n<div class=\"column\">\n<p>3-4 las\u030cus serumo uz\u030clas\u030cinkite ant delno ir lengvai pirs\u030ctu\u0328 galiukais tepkite pigmentines vietas.<\/p>\n<\/div>\n<\/div>\n<\/div>\n<\/div>\n<\/div>\n<\/div>\n<\/div>\n<\/div>\n<\/div>\n<\/div>\n<\/div>\n<\/div>","protected":false},"excerpt":{"rendered":"<p>Intensyviai i\u0161lygina odos atspalv\u012f, \u0161velniai skatina odos atsinaujinim\u0105 bei reguliuoja melanino gamyb\u0105, slopindamas tirozinaz\u0117s aktyvum\u0105.<\/p>","protected":false},"featured_media":4414,"comment_status":"open","ping_status":"closed","template":"","meta":[],"product_cat":[448,417,107],"product_tag":[],"class_list":{"0":"post-4411","1":"product","2":"type-product","3":"status-publish","4":"has-post-thumbnail","6":"product_cat-is-clinical-ir-circadia","7":"product_cat-is-clinical-ir-valmont","8":"product_cat-serumai","9":"pa_brands-is-clinical","10":"pa_talpa-15ml","11":"pa_talpa-375ml","12":"pa_talpa-30ml-2","14":"first","15":"instock","16":"taxable","17":"shipping-taxable","18":"purchasable","19":"product-type-variable"},"_links":{"self":[{"href":"https:\/\/miamedic.lt\/en\/wp-json\/wp\/v2\/product\/4411","targetHints":{"allow":["GET"]}}],"collection":[{"href":"https:\/\/miamedic.lt\/en\/wp-json\/wp\/v2\/product"}],"about":[{"href":"https:\/\/miamedic.lt\/en\/wp-json\/wp\/v2\/types\/product"}],"replies":[{"embeddable":true,"href":"https:\/\/miamedic.lt\/en\/wp-json\/wp\/v2\/comments?post=4411"}],"version-history":[{"count":3,"href":"https:\/\/miamedic.lt\/en\/wp-json\/wp\/v2\/product\/4411\/revisions"}],"predecessor-version":[{"id":10937,"href":"https:\/\/miamedic.lt\/en\/wp-json\/wp\/v2\/product\/4411\/revisions\/10937"}],"wp:featuredmedia":[{"embeddable":true,"href":"https:\/\/miamedic.lt\/en\/wp-json\/wp\/v2\/media\/4414"}],"wp:attachment":[{"href":"https:\/\/miamedic.lt\/en\/wp-json\/wp\/v2\/media?parent=4411"}],"wp:term":[{"taxonomy":"product_cat","embeddable":true,"href":"https:\/\/miamedic.lt\/en\/wp-json\/wp\/v2\/product_cat?post=4411"},{"taxonomy":"product_tag","embeddable":true,"href":"https:\/\/miamedic.lt\/en\/wp-json\/wp\/v2\/product_tag?post=4411"}],"curies":[{"name":"wp","href":"https:\/\/api.w.org\/{rel}","templated":true}]}}