{"id":4398,"date":"2025-03-19T22:55:24","date_gmt":"2025-03-19T22:55:24","guid":{"rendered":"https:\/\/miamedic.lt\/?post_type=product&#038;p=4398"},"modified":"2026-03-02T10:57:24","modified_gmt":"2026-03-02T10:57:24","slug":"brightening-complex","status":"publish","type":"product","link":"https:\/\/miamedic.lt\/en\/shop\/brightening-complex\/","title":{"rendered":"BRIGHTENING COMPLEX"},"content":{"rendered":"<p class=\"\" data-start=\"296\" data-end=\"671\"><strong>iS CLINICAL Brightening Complex<\/strong> &#8211; \u0160i unikali kremo formul\u0117 sukurta siekiant saugiai ir efektyviai \u0161viesinti pigmentines d\u0117mes bei tolyginti odos atspalv\u012f. Inovatyvus patentuot\u0173 ingredient\u0173 kompleksas ne tik dr\u0117kina ir ramina od\u0105, bet ir veikia visus pigmentacijos procesus, u\u017etikrindamas ilgalaikius rezultatus. Produktas taip pat apsaugo nuo laisv\u0173j\u0173 radikal\u0173 \u017ealos ir palaiko odos elastingum\u0105 bei skaistum\u0105.<\/p>\n<p data-start=\"45\" data-end=\"63\"><strong data-start=\"49\" data-end=\"61\">Effect<\/strong><\/p>\n<p class=\"\" data-start=\"64\" data-end=\"294\">\u2022 Saugiai \u0161viesina ir balina od\u0105<br data-start=\"96\" data-end=\"99\" \/>\u2022 U\u017etikrina stipri\u0105 antioksidacin\u0119 apsaug\u0105<br data-start=\"141\" data-end=\"144\" \/>\u2022 Giliai dr\u0117kina ir mink\u0161tina od\u0105<br data-start=\"177\" data-end=\"180\" \/>\u2022 Padeda sutraukti poras<br data-start=\"204\" data-end=\"207\" \/>\u2022 Veikia visus penkis pigmentacijos susidarymo etapus<br data-start=\"260\" data-end=\"263\" \/>\u2022 Be hidrochinono ir paraben\u0173<\/p>\n<p data-start=\"585\" data-end=\"967\"><strong>Usage:<\/strong><\/p>\n<div class=\"page\" title=\"Page 11\">\n<div class=\"section\">\n<div class=\"layoutArea\">\n<div class=\"column\">\n<div class=\"page\" title=\"Page 16\">\n<div class=\"section\">\n<div class=\"layoutArea\">\n<div class=\"column\">\n<p>Uz\u030clas\u030cinkite 1-2 las\u030cus ant periorbitaline\u0307s srities is\u030cilgai kaulo kras\u030cto.<\/p>\n<\/div>\n<\/div>\n<\/div>\n<\/div>\n<\/div>\n<\/div>\n<\/div>\n<\/div>","protected":false},"excerpt":{"rendered":"<p>This unique cream formula is designed to safely and effectively lighten pigmentation spots and even out skin tone.<\/p>","protected":false},"featured_media":4399,"comment_status":"open","ping_status":"closed","template":"","meta":[],"product_cat":[448,417,129],"product_tag":[],"class_list":{"0":"post-4398","1":"product","2":"type-product","3":"status-publish","4":"has-post-thumbnail","6":"product_cat-is-clinical-ir-circadia","7":"product_cat-is-clinical-ir-valmont","8":"product_cat-veido-kremai","9":"pa_brands-is-clinical","10":"pa_talpa-30g","11":"pa_talpa-5g","13":"first","14":"instock","15":"taxable","16":"shipping-taxable","17":"purchasable","18":"product-type-variable"},"_links":{"self":[{"href":"https:\/\/miamedic.lt\/en\/wp-json\/wp\/v2\/product\/4398","targetHints":{"allow":["GET"]}}],"collection":[{"href":"https:\/\/miamedic.lt\/en\/wp-json\/wp\/v2\/product"}],"about":[{"href":"https:\/\/miamedic.lt\/en\/wp-json\/wp\/v2\/types\/product"}],"replies":[{"embeddable":true,"href":"https:\/\/miamedic.lt\/en\/wp-json\/wp\/v2\/comments?post=4398"}],"version-history":[{"count":2,"href":"https:\/\/miamedic.lt\/en\/wp-json\/wp\/v2\/product\/4398\/revisions"}],"predecessor-version":[{"id":12863,"href":"https:\/\/miamedic.lt\/en\/wp-json\/wp\/v2\/product\/4398\/revisions\/12863"}],"wp:featuredmedia":[{"embeddable":true,"href":"https:\/\/miamedic.lt\/en\/wp-json\/wp\/v2\/media\/4399"}],"wp:attachment":[{"href":"https:\/\/miamedic.lt\/en\/wp-json\/wp\/v2\/media?parent=4398"}],"wp:term":[{"taxonomy":"product_cat","embeddable":true,"href":"https:\/\/miamedic.lt\/en\/wp-json\/wp\/v2\/product_cat?post=4398"},{"taxonomy":"product_tag","embeddable":true,"href":"https:\/\/miamedic.lt\/en\/wp-json\/wp\/v2\/product_tag?post=4398"}],"curies":[{"name":"wp","href":"https:\/\/api.w.org\/{rel}","templated":true}]}}