{"id":4391,"date":"2025-03-19T22:48:23","date_gmt":"2025-03-19T22:48:23","guid":{"rendered":"https:\/\/miamedic.lt\/?post_type=product&#038;p=4391"},"modified":"2026-03-02T10:57:33","modified_gmt":"2026-03-02T10:57:33","slug":"poly-vitamin-serum","status":"publish","type":"product","link":"https:\/\/miamedic.lt\/en\/shop\/poly-vitamin-serum\/","title":{"rendered":"POLY-VITAMIN SERUM"},"content":{"rendered":"<p class=\"product_title entry-title\"><strong>iS Clinical POLY-VITAMIN SERUM<\/strong><\/p>\n<p class=\"product_title entry-title\">D\u0117l savo galingos, atstatomosios formul\u0117s \u0161is serumas puikiai tinka vis\u0173 tip\u0173 odai, ypa\u010d sausai, pavargusiai ar pa\u017eeistai. Veikliosios med\u017eiagos u\u017etikrina gil\u0173 vitamin\u0173, mineral\u0173 ir antioksidant\u0173 \u012fsisavinim\u0105, gerina odos metabolizm\u0105, stiprina apsaugines funkcijas ir ilgainiui atkuria odos sveik\u0105 i\u0161vaizd\u0105 bei spindes\u012f.<\/p>\n<p data-start=\"45\" data-end=\"63\"><strong data-start=\"49\" data-end=\"61\">Effect<\/strong><\/p>\n<p class=\"\" data-start=\"64\" data-end=\"342\">\u2022 Skatina l\u0105steli\u0173 regeneracij\u0105 ir spartina med\u017eiag\u0173 apykait\u0105<br data-start=\"125\" data-end=\"128\" \/>\u2022 Gerina mikrocirkuliacij\u0105<br data-start=\"154\" data-end=\"157\" \/>\u2022 Padidina odos tonus\u0105 ir elastingum\u0105<br data-start=\"194\" data-end=\"197\" \/>\u2022 U\u017etikrina intensyv\u0173 dr\u0117kinim\u0105<br data-start=\"228\" data-end=\"231\" \/>\u2022 Padeda esant dermatitui ir jautriai odai<br data-start=\"273\" data-end=\"276\" \/>\u2022 L\u0117tina sen\u0117jimo procesus bei tinka odai po onkologinio gydymo<br data-start=\"339\" data-end=\"342\" \/>\u2022 Sud\u0117tyje n\u0117ra paraben\u0173<\/p>\n<p data-start=\"76\" data-end=\"397\"><strong>Usage:<\/strong><\/p>\n<div class=\"page\" title=\"Page 13\">\n<div class=\"section\">\n<div class=\"layoutArea\">\n<div class=\"column\">\n<div class=\"page\" title=\"Page 14\">\n<div class=\"section\">\n<div class=\"layoutArea\">\n<div class=\"column\">\n<div class=\"page\" title=\"Page 15\">\n<div class=\"section\">\n<div class=\"layoutArea\">\n<div class=\"column\">\n<div class=\"page\" title=\"Page 17\">\n<div class=\"section\">\n<div class=\"layoutArea\">\n<div class=\"column\">\n<p>Uz\u030clas\u030cinkite 3-4 las\u030cus ant delno ir lengvai pirs\u030ctu\u0328 galiukais tolygiai paskirstykite seruma\u0328 ant veido.<\/p>\n<\/div>\n<\/div>\n<\/div>\n<\/div>\n<\/div>\n<\/div>\n<\/div>\n<\/div>\n<\/div>\n<\/div>\n<\/div>\n<\/div>\n<\/div>\n<\/div>\n<\/div>\n<\/div>","protected":false},"excerpt":{"rendered":"<p>Pagerina l\u0105steli\u0173 metabolizm\u0105 ir efektyviai atkuria pa\u017eeist\u0105, i\u0161saus\u0117jusi\u0105 ir pabalusi\u0105 od\u0105.<\/p>","protected":false},"featured_media":4395,"comment_status":"open","ping_status":"closed","template":"","meta":[],"product_cat":[448,417,107],"product_tag":[],"class_list":{"0":"post-4391","1":"product","2":"type-product","3":"status-publish","4":"has-post-thumbnail","6":"product_cat-is-clinical-ir-circadia","7":"product_cat-is-clinical-ir-valmont","8":"product_cat-serumai","9":"pa_brands-is-clinical","10":"pa_talpa-15ml","11":"pa_talpa-375ml","12":"pa_talpa-30ml-2","14":"first","15":"instock","16":"taxable","17":"shipping-taxable","18":"purchasable","19":"product-type-variable"},"_links":{"self":[{"href":"https:\/\/miamedic.lt\/en\/wp-json\/wp\/v2\/product\/4391","targetHints":{"allow":["GET"]}}],"collection":[{"href":"https:\/\/miamedic.lt\/en\/wp-json\/wp\/v2\/product"}],"about":[{"href":"https:\/\/miamedic.lt\/en\/wp-json\/wp\/v2\/types\/product"}],"replies":[{"embeddable":true,"href":"https:\/\/miamedic.lt\/en\/wp-json\/wp\/v2\/comments?post=4391"}],"version-history":[{"count":3,"href":"https:\/\/miamedic.lt\/en\/wp-json\/wp\/v2\/product\/4391\/revisions"}],"predecessor-version":[{"id":10065,"href":"https:\/\/miamedic.lt\/en\/wp-json\/wp\/v2\/product\/4391\/revisions\/10065"}],"wp:featuredmedia":[{"embeddable":true,"href":"https:\/\/miamedic.lt\/en\/wp-json\/wp\/v2\/media\/4395"}],"wp:attachment":[{"href":"https:\/\/miamedic.lt\/en\/wp-json\/wp\/v2\/media?parent=4391"}],"wp:term":[{"taxonomy":"product_cat","embeddable":true,"href":"https:\/\/miamedic.lt\/en\/wp-json\/wp\/v2\/product_cat?post=4391"},{"taxonomy":"product_tag","embeddable":true,"href":"https:\/\/miamedic.lt\/en\/wp-json\/wp\/v2\/product_tag?post=4391"}],"curies":[{"name":"wp","href":"https:\/\/api.w.org\/{rel}","templated":true}]}}