{"id":4387,"date":"2025-03-19T22:42:42","date_gmt":"2025-03-19T22:42:42","guid":{"rendered":"https:\/\/miamedic.lt\/?post_type=product&#038;p=4387"},"modified":"2026-03-02T10:57:41","modified_gmt":"2026-03-02T10:57:41","slug":"c-eye-serum-advance","status":"publish","type":"product","link":"https:\/\/miamedic.lt\/en\/shop\/c-eye-serum-advance\/","title":{"rendered":"C Eye Serum Advance+"},"content":{"rendered":"<p class=\"product_title entry-title\"><strong>iS Clinical C Eye Serum Advance+<\/strong><\/p>\n<p class=\"\" data-start=\"58\" data-end=\"583\">\u0160is pa\u017eangus paaki\u0173 serumas sukurtas specialiai jautriai periorbitalinei zonai. Formul\u0117je derinama 7,5% stabilizuota L-askorbo r\u016bg\u0161tis (vitaminas C) su bioidenti\u0161ku vario tripeptidu, siekiant efektyviai suma\u017einti rauk\u0161li\u0173 gyl\u012f, patinim\u0105 ir tamsius ratilus. Serumas taip pat stiprina odos strukt\u016br\u0105, gerina tonus\u0105 ir tekst\u016br\u0105 bei suteikia stipri\u0105 antioksidacin\u0119 apsaug\u0105 nuo aplinkos veiksni\u0173. Rezultatas \u2013 \u0161vytintis, gaivus ir atjaun\u0117j\u0119s \u017evilgsnis.<\/p>\n<p data-start=\"87\" data-end=\"105\"><strong data-start=\"91\" data-end=\"103\">Effect<\/strong><\/p>\n<p class=\"\" data-start=\"106\" data-end=\"244\">\u2022 \u0160viesina paaki\u0173 zon\u0105 ir ma\u017eina tamsius ratilus<br data-start=\"154\" data-end=\"157\" \/>\u2022 Suma\u017eina paburkim\u0105 ir nuovargio po\u017eymius<br data-start=\"199\" data-end=\"202\" \/>\u2022 Lygina smulkias rauk\u0161leles aplink akis<\/p>\n<p data-start=\"585\" data-end=\"967\"><strong>Usage:<\/strong><\/p>\n<div class=\"page\" title=\"Page 11\">\n<div class=\"section\">\n<div class=\"layoutArea\">\n<div class=\"column\">\n<div class=\"page\" title=\"Page 16\">\n<div class=\"section\">\n<div class=\"layoutArea\">\n<div class=\"column\">\n<p>Uz\u030clas\u030cinkite 1-2 las\u030cus ant periorbitaline\u0307s srities is\u030cilgai kaulo kras\u030cto.<\/p>\n<\/div>\n<\/div>\n<\/div>\n<\/div>\n<\/div>\n<\/div>\n<\/div>\n<\/div>","protected":false},"excerpt":{"rendered":"<p>\u0160is pa\u017eangus paaki\u0173 serumas sukurtas specialiai jautriai periorbitalinei zonai.<\/p>","protected":false},"featured_media":4388,"comment_status":"open","ping_status":"closed","template":"","meta":[],"product_cat":[448,417,83],"product_tag":[],"class_list":{"0":"post-4387","1":"product","2":"type-product","3":"status-publish","4":"has-post-thumbnail","6":"product_cat-is-clinical-ir-circadia","7":"product_cat-is-clinical-ir-valmont","8":"product_cat-paakiu-kremai","9":"pa_brands-is-clinical","10":"pa_talpa-15ml","11":"pa_talpa-375ml","13":"first","14":"instock","15":"taxable","16":"shipping-taxable","17":"purchasable","18":"product-type-variable"},"_links":{"self":[{"href":"https:\/\/miamedic.lt\/en\/wp-json\/wp\/v2\/product\/4387","targetHints":{"allow":["GET"]}}],"collection":[{"href":"https:\/\/miamedic.lt\/en\/wp-json\/wp\/v2\/product"}],"about":[{"href":"https:\/\/miamedic.lt\/en\/wp-json\/wp\/v2\/types\/product"}],"replies":[{"embeddable":true,"href":"https:\/\/miamedic.lt\/en\/wp-json\/wp\/v2\/comments?post=4387"}],"version-history":[{"count":2,"href":"https:\/\/miamedic.lt\/en\/wp-json\/wp\/v2\/product\/4387\/revisions"}],"predecessor-version":[{"id":12569,"href":"https:\/\/miamedic.lt\/en\/wp-json\/wp\/v2\/product\/4387\/revisions\/12569"}],"wp:featuredmedia":[{"embeddable":true,"href":"https:\/\/miamedic.lt\/en\/wp-json\/wp\/v2\/media\/4388"}],"wp:attachment":[{"href":"https:\/\/miamedic.lt\/en\/wp-json\/wp\/v2\/media?parent=4387"}],"wp:term":[{"taxonomy":"product_cat","embeddable":true,"href":"https:\/\/miamedic.lt\/en\/wp-json\/wp\/v2\/product_cat?post=4387"},{"taxonomy":"product_tag","embeddable":true,"href":"https:\/\/miamedic.lt\/en\/wp-json\/wp\/v2\/product_tag?post=4387"}],"curies":[{"name":"wp","href":"https:\/\/api.w.org\/{rel}","templated":true}]}}