{"id":4380,"date":"2025-03-19T22:34:51","date_gmt":"2025-03-19T22:34:51","guid":{"rendered":"https:\/\/miamedic.lt\/?post_type=product&#038;p=4380"},"modified":"2026-03-02T10:57:51","modified_gmt":"2026-03-02T10:57:51","slug":"super-serum-advance","status":"publish","type":"product","link":"https:\/\/miamedic.lt\/en\/shop\/super-serum-advance\/","title":{"rendered":"SUPER SERUM ADVANCE"},"content":{"rendered":"<p class=\"product_title entry-title\"><strong>iS Clinical SUPER SERUM ADVANCE serumas<\/strong><\/p>\n<p class=\"product_title entry-title\">Pa\u017eangi serumo formul\u0117 sujungia 15% stabilios L-askorbo r\u016bg\u0161ties koncentracij\u0105 (vitaminas C) su bioidenti\u0161ku vario tripeptidu \u2013 augimo faktoriumi, kuris klini\u0161kai \u012frodytai gerina odos b\u016bkl\u0119. \u0160is derinys ne tik efektyviai jaunina od\u0105, bet ir skatina nat\u016bral\u0173 gijimo proces\u0105, padeda lyginti randus, ma\u017einti rauk\u0161les bei stiprina apsaug\u0105 nuo oksidacinio streso. Oda tampa lygesn\u0117, \u0161viesesn\u0117 ir elastingesn\u0117.<\/p>\n<p data-start=\"45\" data-end=\"63\"><strong data-start=\"49\" data-end=\"61\">Effect<\/strong><\/p>\n<p class=\"\" data-start=\"64\" data-end=\"342\">\u2022 Pastebimai ma\u017eina pavir\u0161ines ir gilias rauk\u0161les<br data-start=\"113\" data-end=\"116\" \/>\u2022 Padeda suma\u017einti randus, ypa\u010d hipertrofinius<br data-start=\"162\" data-end=\"165\" \/>\u2022 Saugiu b\u016bdu \u0161viesina od\u0105 ir kovoja su hiperpigmentacija<br data-start=\"222\" data-end=\"225\" \/>\u2022 Skatina kolageno sintez\u0119 ir stiprina odos elastingum\u0105<br data-start=\"280\" data-end=\"283\" \/>\u2022 Suteikia stipri\u0105 antioksidacin\u0119 apsaug\u0105<br data-start=\"324\" data-end=\"327\" \/>\u2022 Be paraben\u0173<\/p>\n<p data-start=\"76\" data-end=\"397\"><strong>Usage:<\/strong><\/p>\n<div class=\"page\" title=\"Page 13\">\n<div class=\"section\">\n<div class=\"layoutArea\">\n<div class=\"column\">\n<div class=\"page\" title=\"Page 14\">\n<div class=\"section\">\n<div class=\"layoutArea\">\n<div class=\"column\">\n<div class=\"page\" title=\"Page 15\">\n<div class=\"section\">\n<div class=\"layoutArea\">\n<div class=\"column\">\n<p>Uz\u030clas\u030cinkite 3-4 las\u030cus ant delno ir lengvai pirs\u030ctu\u0328 galiukais tolygiai paskirstykite seruma\u0328 ant veido.<\/p>\n<\/div>\n<\/div>\n<\/div>\n<\/div>\n<\/div>\n<\/div>\n<\/div>\n<\/div>\n<\/div>\n<\/div>\n<\/div>\n<\/div>","protected":false},"excerpt":{"rendered":"<p>Efektyviai jaunina od\u0105, skatina nat\u016bral\u0173 gijimo proces\u0105, padeda lyginti randus, ma\u017einti rauk\u0161les.<\/p>","protected":false},"featured_media":4383,"comment_status":"open","ping_status":"closed","template":"","meta":[],"product_cat":[448,417,107],"product_tag":[],"class_list":{"0":"post-4380","1":"product","2":"type-product","3":"status-publish","4":"has-post-thumbnail","6":"product_cat-is-clinical-ir-circadia","7":"product_cat-is-clinical-ir-valmont","8":"product_cat-serumai","9":"pa_brands-is-clinical","10":"pa_talpa-15ml","11":"pa_talpa-375ml","12":"pa_talpa-30ml-2","14":"first","15":"instock","16":"taxable","17":"shipping-taxable","18":"purchasable","19":"product-type-variable"},"_links":{"self":[{"href":"https:\/\/miamedic.lt\/en\/wp-json\/wp\/v2\/product\/4380","targetHints":{"allow":["GET"]}}],"collection":[{"href":"https:\/\/miamedic.lt\/en\/wp-json\/wp\/v2\/product"}],"about":[{"href":"https:\/\/miamedic.lt\/en\/wp-json\/wp\/v2\/types\/product"}],"replies":[{"embeddable":true,"href":"https:\/\/miamedic.lt\/en\/wp-json\/wp\/v2\/comments?post=4380"}],"version-history":[{"count":4,"href":"https:\/\/miamedic.lt\/en\/wp-json\/wp\/v2\/product\/4380\/revisions"}],"predecessor-version":[{"id":12570,"href":"https:\/\/miamedic.lt\/en\/wp-json\/wp\/v2\/product\/4380\/revisions\/12570"}],"wp:featuredmedia":[{"embeddable":true,"href":"https:\/\/miamedic.lt\/en\/wp-json\/wp\/v2\/media\/4383"}],"wp:attachment":[{"href":"https:\/\/miamedic.lt\/en\/wp-json\/wp\/v2\/media?parent=4380"}],"wp:term":[{"taxonomy":"product_cat","embeddable":true,"href":"https:\/\/miamedic.lt\/en\/wp-json\/wp\/v2\/product_cat?post=4380"},{"taxonomy":"product_tag","embeddable":true,"href":"https:\/\/miamedic.lt\/en\/wp-json\/wp\/v2\/product_tag?post=4380"}],"curies":[{"name":"wp","href":"https:\/\/api.w.org\/{rel}","templated":true}]}}