{"id":4362,"date":"2025-03-19T22:10:18","date_gmt":"2025-03-19T22:10:18","guid":{"rendered":"https:\/\/miamedic.lt\/?post_type=product&#038;p=4362"},"modified":"2026-03-02T10:58:22","modified_gmt":"2026-03-02T10:58:22","slug":"active-serum","status":"publish","type":"product","link":"https:\/\/miamedic.lt\/en\/shop\/active-serum\/","title":{"rendered":"ACTIVE SERUM"},"content":{"rendered":"<p class=\"product_title entry-title\"><strong data-start=\"328\" data-end=\"345\">ACTIVE SERUM iS Clinical<\/strong>\u00a0\u2013 m\u016bs\u0173 klinikos klient\u0173 itin pam\u0117gtas produktas, pasi\u017eymintis greitu poveikiu ir ilgalaikiais rezultatais. \u0160is serumas intensyviai ma\u017eina rauk\u0161les, tolygina odos atspalv\u012f, gerina tekst\u016br\u0105 bei efektyviai ramina b\u0117rimus ir u\u017edegimus. Jau po keli\u0173 dien\u0173 oda tampa skaistesn\u0117, lygesn\u0117 ir stangresn\u0117. Tinka vis\u0173 tip\u0173 ir bet kokio am\u017eiaus odai.<\/p>\n<p data-start=\"45\" data-end=\"63\"><strong data-start=\"49\" data-end=\"61\">Effect<\/strong><\/p>\n<p class=\"\" data-start=\"64\" data-end=\"326\">\u2022 Ma\u017eina smulkias ir gilias rauk\u0161les<br data-start=\"100\" data-end=\"103\" \/>\u2022 Padeda kovoti su akne ir u\u017edegimais<br data-start=\"140\" data-end=\"143\" \/>\u2022 \u0160viesina hiperpigmentacij\u0105<br data-start=\"171\" data-end=\"174\" \/>\u2022 Suma\u017eina por\u0173 matomum\u0105<br data-start=\"198\" data-end=\"201\" \/>\u2022 I\u0161lygina odos tekst\u016br\u0105<br data-start=\"225\" data-end=\"228\" \/>\u2022 U\u017etikrina greit\u0105 ir ilgalaik\u012f rezultat\u0105<br data-start=\"269\" data-end=\"272\" \/>\u2022 Skatina kolageno gamyb\u0105<br data-start=\"297\" data-end=\"300\" \/>\u2022 Sud\u0117tyje n\u0117ra paraben\u0173<\/p>\n<p data-start=\"585\" data-end=\"967\"><strong>Usage:<\/strong><\/p>\n<div class=\"page\" title=\"Page 11\">\n<div class=\"section\">\n<div class=\"layoutArea\">\n<div class=\"column\">\n<div class=\"page\" title=\"Page 12\">\n<div class=\"section\">\n<div class=\"layoutArea\">\n<div class=\"column\">\n<p>Uz\u030clas\u030cinkite 3-4 las\u030cus ant delno ir lengvai pirs\u030ctu\u0328 galiukais tolygiai paskirstykite seruma\u0328 ant veido.<\/p>\n<\/div>\n<\/div>\n<\/div>\n<\/div>\n<\/div>\n<\/div>\n<\/div>\n<\/div>","protected":false},"excerpt":{"rendered":"<p>This serum intensely reduces wrinkles, evens out skin tone, improves texture, and effectively soothes rashes and inflammations.<\/p>","protected":false},"featured_media":4365,"comment_status":"open","ping_status":"closed","template":"","meta":[],"product_cat":[448,417,107],"product_tag":[],"class_list":{"0":"post-4362","1":"product","2":"type-product","3":"status-publish","4":"has-post-thumbnail","6":"product_cat-is-clinical-ir-circadia","7":"product_cat-is-clinical-ir-valmont","8":"product_cat-serumai","9":"pa_brands-is-clinical","10":"pa_talpa-15ml","11":"pa_talpa-375ml","12":"pa_talpa-30ml-2","14":"first","15":"instock","16":"taxable","17":"shipping-taxable","18":"purchasable","19":"product-type-variable"},"_links":{"self":[{"href":"https:\/\/miamedic.lt\/en\/wp-json\/wp\/v2\/product\/4362","targetHints":{"allow":["GET"]}}],"collection":[{"href":"https:\/\/miamedic.lt\/en\/wp-json\/wp\/v2\/product"}],"about":[{"href":"https:\/\/miamedic.lt\/en\/wp-json\/wp\/v2\/types\/product"}],"replies":[{"embeddable":true,"href":"https:\/\/miamedic.lt\/en\/wp-json\/wp\/v2\/comments?post=4362"}],"version-history":[{"count":1,"href":"https:\/\/miamedic.lt\/en\/wp-json\/wp\/v2\/product\/4362\/revisions"}],"predecessor-version":[{"id":4367,"href":"https:\/\/miamedic.lt\/en\/wp-json\/wp\/v2\/product\/4362\/revisions\/4367"}],"wp:featuredmedia":[{"embeddable":true,"href":"https:\/\/miamedic.lt\/en\/wp-json\/wp\/v2\/media\/4365"}],"wp:attachment":[{"href":"https:\/\/miamedic.lt\/en\/wp-json\/wp\/v2\/media?parent=4362"}],"wp:term":[{"taxonomy":"product_cat","embeddable":true,"href":"https:\/\/miamedic.lt\/en\/wp-json\/wp\/v2\/product_cat?post=4362"},{"taxonomy":"product_tag","embeddable":true,"href":"https:\/\/miamedic.lt\/en\/wp-json\/wp\/v2\/product_tag?post=4362"}],"curies":[{"name":"wp","href":"https:\/\/api.w.org\/{rel}","templated":true}]}}