{"id":4358,"date":"2025-03-19T22:02:00","date_gmt":"2025-03-19T22:02:00","guid":{"rendered":"https:\/\/miamedic.lt\/?post_type=product&#038;p=4358"},"modified":"2026-03-02T10:58:30","modified_gmt":"2026-03-02T10:58:30","slug":"active-peel-system-procedura","status":"publish","type":"product","link":"https:\/\/miamedic.lt\/en\/shop\/active-peel-system-procedura\/","title":{"rendered":"ACTIVE PEEL SYSTEM servet\u0117l\u0117"},"content":{"rendered":"<p class=\"product_title entry-title\"><strong>1 proced\u016bra iS Clinical ACTIVE PEEL SYSTEM<\/strong><\/p>\n<p class=\"\" data-start=\"58\" data-end=\"583\">Inovatyvi dviej\u0173 \u017eingsni\u0173 aktyvaus pilingo sistema sukurta specialiai \u0161velniam, ta\u010diau efektyviam odos \u0161veitimui ir atstatymui namuose. Pilingo sud\u0117tyje esantys augaliniai ekstraktai ne tik suteikia antioksidacin\u0119 apsaug\u0105, bet ir intensyviai dr\u0117kina bei skatina odos atsinaujinim\u0105. Subalansuota formul\u0117 leid\u017eia priemon\u0119 naudoti reguliariai, kas antr\u0105 dien\u0105, neapkraunant odos \u2013 po kiekvieno naudojimo juntama maloni v\u0117sa ir lengvas dilg\u010diojimas, o rezultatai pastebimi i\u0161 karto: oda tampa lygesn\u0117, sudr\u0117kinta ir elastingesn\u0117. <strong>Pakuot\u0117je viena proced\u016bra.<\/strong><\/p>\n<p class=\"\" data-start=\"585\" data-end=\"967\"><strong data-start=\"585\" data-end=\"599\">\u017dINGSNIS 1<\/strong> \u2013 kruop\u0161\u010diam odos \u0161veitimui sukurtas produktas, kuriame subalansuotos \u0161velnios r\u016bg\u0161tys ir \u017eoleli\u0173 ekstraktai, u\u017etikrinantys efektyv\u0173, bet saug\u0173 poveik\u012f.<br data-start=\"752\" data-end=\"755\" \/><strong data-start=\"755\" data-end=\"769\">\u017dINGSNIS 2<\/strong> \u2013 intensyviai dr\u0117kinanti ir jauninam\u0105j\u012f poveik\u012f turinti priemon\u0117 su Extremozyme\u00ae technologija, Vario-1 tripeptidu ir augaliniais komponentais, padedanti odai atsigauti ir i\u0161laikyti sveik\u0105 i\u0161vaizd\u0105.<\/p>\n<p data-start=\"585\" data-end=\"967\"><strong>Usage:<\/strong><\/p>\n<div class=\"page\" title=\"Page 11\">\n<div class=\"section\">\n<div class=\"layoutArea\">\n<div class=\"column\">\n<p>S\u030cveitima\u0328 rekomenduojama naudoti kas antra\u0328 diena\u0328, geriausia vakare. Po valymo, naudokite 1 z\u030cingsni\u0328 (Step 1), apdirbkite visa\u0328 veido ir kaklo odos plota\u0328. Palikite tris minutes (neskalaukite), tada atlikite 2 veiksma\u0328 (Step 2) ant viso apdirbto odos ploto. Nenuplauti.<\/p>\n<p><strong>Pastaba<\/strong>. \u00a0Uz\u030ctepus Active Peel System Step 1 ir Step 2 atsiranda ve\u0307sumo ir dilgc\u030ciojimo poju\u0304tis, kas yra visis\u030ckai normali reakcija.<\/p>\n<\/div>\n<\/div>\n<\/div>\n<\/div>","protected":false},"excerpt":{"rendered":"<p>An innovative two-step active peeling system designed specifically for gentle yet effective skin exfoliation and restoration at home.<\/p>","protected":false},"featured_media":12541,"comment_status":"open","ping_status":"closed","template":"","meta":[],"product_cat":[448,417,110],"product_tag":[],"class_list":{"0":"post-4358","1":"product","2":"type-product","3":"status-publish","4":"has-post-thumbnail","6":"product_cat-is-clinical-ir-circadia","7":"product_cat-is-clinical-ir-valmont","8":"product_cat-sveitikliai","9":"pa_brands-is-clinical","11":"first","12":"instock","13":"taxable","14":"shipping-taxable","15":"purchasable","16":"product-type-simple"},"_links":{"self":[{"href":"https:\/\/miamedic.lt\/en\/wp-json\/wp\/v2\/product\/4358","targetHints":{"allow":["GET"]}}],"collection":[{"href":"https:\/\/miamedic.lt\/en\/wp-json\/wp\/v2\/product"}],"about":[{"href":"https:\/\/miamedic.lt\/en\/wp-json\/wp\/v2\/types\/product"}],"replies":[{"embeddable":true,"href":"https:\/\/miamedic.lt\/en\/wp-json\/wp\/v2\/comments?post=4358"}],"version-history":[{"count":3,"href":"https:\/\/miamedic.lt\/en\/wp-json\/wp\/v2\/product\/4358\/revisions"}],"predecessor-version":[{"id":10935,"href":"https:\/\/miamedic.lt\/en\/wp-json\/wp\/v2\/product\/4358\/revisions\/10935"}],"wp:featuredmedia":[{"embeddable":true,"href":"https:\/\/miamedic.lt\/en\/wp-json\/wp\/v2\/media\/12541"}],"wp:attachment":[{"href":"https:\/\/miamedic.lt\/en\/wp-json\/wp\/v2\/media?parent=4358"}],"wp:term":[{"taxonomy":"product_cat","embeddable":true,"href":"https:\/\/miamedic.lt\/en\/wp-json\/wp\/v2\/product_cat?post=4358"},{"taxonomy":"product_tag","embeddable":true,"href":"https:\/\/miamedic.lt\/en\/wp-json\/wp\/v2\/product_tag?post=4358"}],"curies":[{"name":"wp","href":"https:\/\/api.w.org\/{rel}","templated":true}]}}