{"id":4353,"date":"2025-03-19T21:31:36","date_gmt":"2025-03-19T21:31:36","guid":{"rendered":"https:\/\/miamedic.lt\/?post_type=product&#038;p=4353"},"modified":"2026-03-02T10:58:40","modified_gmt":"2026-03-02T10:58:40","slug":"tri-active-exfoliating-kauke","status":"publish","type":"product","link":"https:\/\/miamedic.lt\/en\/shop\/tri-active-exfoliating-kauke\/","title":{"rendered":"Tri-Active exfoliating kauk\u0117"},"content":{"rendered":"<p class=\"product_title entry-title\"><strong>is Clinical Tri-Active exfoliating kauk\u0117<\/strong><\/p>\n<p>\u0160i prabangi kauk\u0117 sujungia augalinius fermentus, salicilo r\u016bg\u0161t\u012f ir celiulioz\u0117s mikrogranules, kurios kartu sukuria stipr\u0173, bet \u0161veln\u0173 \u0161veitimo efekt\u0105. Brazilijos apelsin\u0173 ekstraktas papildomai saugo od\u0105 nuo laisv\u0173j\u0173 radikal\u0173 ir suteikia kaukei malon\u0173 aromat\u0105. Rezultatas \u2013 pastebimai lygesn\u0117, \u0161velnesn\u0117 oda, tolygesn\u0117 spalva, suma\u017eintos poros ir nat\u016bralus, sveikas spindesys.<\/p>\n<p data-start=\"51\" data-end=\"69\"><strong data-start=\"55\" data-end=\"67\">Effect<\/strong><\/p>\n<p class=\"\" data-start=\"70\" data-end=\"314\">\u2022 I\u0161kart glotnina ir poliruoja odos pavir\u0161i\u0173<br data-start=\"114\" data-end=\"117\" \/>\u2022 Padeda sutraukti poras<br data-start=\"141\" data-end=\"144\" \/>\u2022 Skatina kolageno gamyb\u0105<br data-start=\"169\" data-end=\"172\" \/>\u2022 Ma\u017eina sen\u0117jimo po\u017eymius<br data-start=\"198\" data-end=\"201\" \/>\u2022 Gerina problemin\u0117s odos b\u016bkl\u0119<br data-start=\"232\" data-end=\"235\" \/>\u2022 U\u017etikrina saug\u0173, efektyv\u0173 mechanin\u012f bei biochemin\u012f \u0161veitim\u0105<br data-start=\"296\" data-end=\"299\" \/>\u2022 Be paraben\u0173<\/p>\n<p><strong>Usage:<\/strong><\/p>\n<div class=\"page\" title=\"Page 9\">\n<div class=\"section\">\n<div class=\"layoutArea\">\n<div class=\"column\">\n<div class=\"page\" title=\"Page 10\">\n<div class=\"section\">\n<div class=\"layoutArea\">\n<div class=\"column\">\n<p>Naudokite 1-2 kartus per savaite\u0328, arba taip, kaip nurode\u0307 specialistas. Lengvai uz\u030ctepkite plona\u0328 sluoksni\u0328 ant dre\u0307gnos veido odos, masaz\u030cuokite is\u030cilgai masaz\u030co liniju\u0328, palikite 5-10 minuc\u030ciu\u0328 ir nuplaukite vandeniu. Galima naudoti su vapazonu.<\/p>\n<\/div>\n<\/div>\n<\/div>\n<\/div>\n<\/div>\n<\/div>\n<\/div>\n<\/div>","protected":false},"excerpt":{"rendered":"<p>This amazing scrub dramatically helps to smooth, brighten, soften, and control acne-prone skin.<\/p>","protected":false},"featured_media":4354,"comment_status":"open","ping_status":"closed","template":"","meta":[],"product_cat":[448,417,110,420],"product_tag":[],"class_list":{"0":"post-4353","1":"product","2":"type-product","3":"status-publish","4":"has-post-thumbnail","6":"product_cat-is-clinical-ir-circadia","7":"product_cat-is-clinical-ir-valmont","8":"product_cat-sveitikliai","9":"product_cat-veido-kaukes","10":"pa_brands-is-clinical","11":"pa_talpa-120g","13":"first","14":"instock","15":"taxable","16":"shipping-taxable","17":"purchasable","18":"product-type-simple"},"_links":{"self":[{"href":"https:\/\/miamedic.lt\/en\/wp-json\/wp\/v2\/product\/4353","targetHints":{"allow":["GET"]}}],"collection":[{"href":"https:\/\/miamedic.lt\/en\/wp-json\/wp\/v2\/product"}],"about":[{"href":"https:\/\/miamedic.lt\/en\/wp-json\/wp\/v2\/types\/product"}],"replies":[{"embeddable":true,"href":"https:\/\/miamedic.lt\/en\/wp-json\/wp\/v2\/comments?post=4353"}],"version-history":[{"count":1,"href":"https:\/\/miamedic.lt\/en\/wp-json\/wp\/v2\/product\/4353\/revisions"}],"predecessor-version":[{"id":4357,"href":"https:\/\/miamedic.lt\/en\/wp-json\/wp\/v2\/product\/4353\/revisions\/4357"}],"wp:featuredmedia":[{"embeddable":true,"href":"https:\/\/miamedic.lt\/en\/wp-json\/wp\/v2\/media\/4354"}],"wp:attachment":[{"href":"https:\/\/miamedic.lt\/en\/wp-json\/wp\/v2\/media?parent=4353"}],"wp:term":[{"taxonomy":"product_cat","embeddable":true,"href":"https:\/\/miamedic.lt\/en\/wp-json\/wp\/v2\/product_cat?post=4353"},{"taxonomy":"product_tag","embeddable":true,"href":"https:\/\/miamedic.lt\/en\/wp-json\/wp\/v2\/product_tag?post=4353"}],"curies":[{"name":"wp","href":"https:\/\/api.w.org\/{rel}","templated":true}]}}