{"id":4345,"date":"2025-03-19T20:29:34","date_gmt":"2025-03-19T20:29:34","guid":{"rendered":"https:\/\/miamedic.lt\/?post_type=product&#038;p=4345"},"modified":"2026-03-02T10:58:58","modified_gmt":"2026-03-02T10:58:58","slug":"cream-cleanser-kremas","status":"publish","type":"product","link":"https:\/\/miamedic.lt\/en\/shop\/cream-cleanser-kremas\/","title":{"rendered":"CREAM CLEANSER"},"content":{"rendered":"<p><strong data-start=\"44\" data-end=\"62\">iS Clinical Cream Cleanser<\/strong> \u2013 lengvos tekst\u016bros dr\u0117kinamasis kreminis prausiklis, skirtas \u0161velniam sausos ir jautrios odos valymui. Sud\u0117tyje esantys mink\u0161tikliai, antioksidantai ir dr\u0117kinamosios med\u017eiagos ne tik kruop\u0161\u010diai pa\u0161alina ne\u0161varumus, bet ir ramina, atkuria odos hidrolipidin\u012f barjer\u0105 bei ma\u017eina sausumo poj\u016bt\u012f. Oda lieka \u0161vari, sudr\u0117kinta ir aksominio \u0161velnumo. Priemon\u0117 puikiai tinka net jautriausiai ar probleminei odai, o keliaujant gali b\u016bti naudojama be vandens \u2013 nuvalant od\u0105 vatos diskeliu.<\/p>\n<p><strong>Usage:<\/strong><\/p>\n<div class=\"page\" title=\"Page 8\">\n<div class=\"section\">\n<div class=\"layoutArea\">\n<div class=\"column\">\n<p>Nedideli\u0328 kieki\u0328 kremo uz\u030ctepkite ant dre\u0307gnos arba sausos odos, paskirstykite masaz\u030co linijomis, i\u0328masaz\u030cuokite ir nuplaukite vandeniu.<\/p>\n<\/div>\n<\/div>\n<\/div>\n<\/div>","protected":false},"excerpt":{"rendered":"<p>Lengvos tekst\u016bros dr\u0117kinamasis kremas, skirtas \u0161velniam sausos ir jautrios odos valymui.<\/p>","protected":false},"featured_media":4346,"comment_status":"open","ping_status":"closed","template":"","meta":[],"product_cat":[448,417,124],"product_tag":[],"class_list":{"0":"post-4345","1":"product","2":"type-product","3":"status-publish","4":"has-post-thumbnail","6":"product_cat-is-clinical-ir-circadia","7":"product_cat-is-clinical-ir-valmont","8":"product_cat-prausikliai","9":"pa_brands-is-clinical","10":"pa_talpa-120ml","12":"first","13":"instock","14":"taxable","15":"shipping-taxable","16":"purchasable","17":"product-type-simple"},"_links":{"self":[{"href":"https:\/\/miamedic.lt\/en\/wp-json\/wp\/v2\/product\/4345","targetHints":{"allow":["GET"]}}],"collection":[{"href":"https:\/\/miamedic.lt\/en\/wp-json\/wp\/v2\/product"}],"about":[{"href":"https:\/\/miamedic.lt\/en\/wp-json\/wp\/v2\/types\/product"}],"replies":[{"embeddable":true,"href":"https:\/\/miamedic.lt\/en\/wp-json\/wp\/v2\/comments?post=4345"}],"version-history":[{"count":5,"href":"https:\/\/miamedic.lt\/en\/wp-json\/wp\/v2\/product\/4345\/revisions"}],"predecessor-version":[{"id":12870,"href":"https:\/\/miamedic.lt\/en\/wp-json\/wp\/v2\/product\/4345\/revisions\/12870"}],"wp:featuredmedia":[{"embeddable":true,"href":"https:\/\/miamedic.lt\/en\/wp-json\/wp\/v2\/media\/4346"}],"wp:attachment":[{"href":"https:\/\/miamedic.lt\/en\/wp-json\/wp\/v2\/media?parent=4345"}],"wp:term":[{"taxonomy":"product_cat","embeddable":true,"href":"https:\/\/miamedic.lt\/en\/wp-json\/wp\/v2\/product_cat?post=4345"},{"taxonomy":"product_tag","embeddable":true,"href":"https:\/\/miamedic.lt\/en\/wp-json\/wp\/v2\/product_tag?post=4345"}],"curies":[{"name":"wp","href":"https:\/\/api.w.org\/{rel}","templated":true}]}}