{"id":4339,"date":"2025-03-19T20:21:54","date_gmt":"2025-03-19T20:21:54","guid":{"rendered":"https:\/\/miamedic.lt\/?post_type=product&#038;p=4339"},"modified":"2026-03-02T10:59:08","modified_gmt":"2026-03-02T10:59:08","slug":"cleansing-complex-polish","status":"publish","type":"product","link":"https:\/\/miamedic.lt\/en\/shop\/cleansing-complex-polish\/","title":{"rendered":"Cleansing complex polish"},"content":{"rendered":"<p><strong data-start=\"48\" data-end=\"76\">iS cLINICAL Cleansing Complex Polish<\/strong> \u2013 daugiafunkcis \u0161vei\u010diamasis gelis, \u0161velniai pa\u0161alinantis ne\u0161varumus ir perteklin\u012f sebum\u0105 i\u0161 odos bei por\u0173. Lengvos, putojan\u010dios tekst\u016bros priemon\u0117 veiksmingai valo od\u0105, nepa\u017eeisdama jos nat\u016bralaus apsauginio barjero ir nei\u0161sausindama. Formul\u0117je esantys aplinkai draugi\u0161ki celiulioz\u0117s bei jojobos mikrodalel\u0117s kartu su salicilo r\u016bg\u0161timi ir augal\u0173 ekstraktais u\u017etikrina kruop\u0161t\u0173 mechanin\u012f bei chemin\u012f \u0161veitim\u0105. Po naudojimo oda tampa \u0161velni, lygi ir pastebimai gaivesn\u0117. Tinka vis\u0173 tip\u0173 odai ir bet kokio am\u017eiaus klientams.<\/p>\n<p><strong>Usage:<\/strong><\/p>\n<div class=\"page\" title=\"Page 7\">\n<div class=\"section\">\n<div class=\"layoutArea\">\n<div class=\"column\">\n<p>Nedideli\u0328 kieki\u0328 gelio uz\u030ctepkite ant dre\u0307gnos veido ir kaklo odos. Tolygiai paskirstykite ant odos masaz\u030cuojamaisiais judesiais, o po to kruops\u030cc\u030ciai nuplauti vandeniu.<\/p>\n<\/div>\n<\/div>\n<\/div>\n<\/div>","protected":false},"excerpt":{"rendered":"<p>Daugiafunkcis \u0161vei\u010diamasis gelis, \u0161velniai pa\u0161alinantis ne\u0161varumus ir perteklin\u012f sebum\u0105 i\u0161 odos bei por\u0173.<\/p>","protected":false},"featured_media":4342,"comment_status":"open","ping_status":"closed","template":"","meta":[],"product_cat":[448,417,124],"product_tag":[],"class_list":{"0":"post-4339","1":"product","2":"type-product","3":"status-publish","4":"has-post-thumbnail","6":"product_cat-is-clinical-ir-circadia","7":"product_cat-is-clinical-ir-valmont","8":"product_cat-prausikliai","9":"pa_brands-is-clinical","10":"pa_talpa-120g","12":"first","13":"instock","14":"taxable","15":"shipping-taxable","16":"purchasable","17":"product-type-simple"},"_links":{"self":[{"href":"https:\/\/miamedic.lt\/en\/wp-json\/wp\/v2\/product\/4339","targetHints":{"allow":["GET"]}}],"collection":[{"href":"https:\/\/miamedic.lt\/en\/wp-json\/wp\/v2\/product"}],"about":[{"href":"https:\/\/miamedic.lt\/en\/wp-json\/wp\/v2\/types\/product"}],"replies":[{"embeddable":true,"href":"https:\/\/miamedic.lt\/en\/wp-json\/wp\/v2\/comments?post=4339"}],"version-history":[{"count":2,"href":"https:\/\/miamedic.lt\/en\/wp-json\/wp\/v2\/product\/4339\/revisions"}],"predecessor-version":[{"id":12866,"href":"https:\/\/miamedic.lt\/en\/wp-json\/wp\/v2\/product\/4339\/revisions\/12866"}],"wp:featuredmedia":[{"embeddable":true,"href":"https:\/\/miamedic.lt\/en\/wp-json\/wp\/v2\/media\/4342"}],"wp:attachment":[{"href":"https:\/\/miamedic.lt\/en\/wp-json\/wp\/v2\/media?parent=4339"}],"wp:term":[{"taxonomy":"product_cat","embeddable":true,"href":"https:\/\/miamedic.lt\/en\/wp-json\/wp\/v2\/product_cat?post=4339"},{"taxonomy":"product_tag","embeddable":true,"href":"https:\/\/miamedic.lt\/en\/wp-json\/wp\/v2\/product_tag?post=4339"}],"curies":[{"name":"wp","href":"https:\/\/api.w.org\/{rel}","templated":true}]}}