{"id":4319,"date":"2025-03-19T20:01:33","date_gmt":"2025-03-19T20:01:33","guid":{"rendered":"https:\/\/miamedic.lt\/?post_type=product&#038;p=4319"},"modified":"2026-03-02T10:59:22","modified_gmt":"2026-03-02T10:59:22","slug":"cleansing-complex-prausiklis","status":"publish","type":"product","link":"https:\/\/miamedic.lt\/en\/shop\/cleansing-complex-prausiklis\/","title":{"rendered":"Cleansing Complex prausiklis"},"content":{"rendered":"<p><strong>iS CLINICAL Cleansing Complex<\/strong> &#8211; Skaidrios, lengvos tekst\u016bros gelis, tinkantis vis\u0173 tip\u0173 odai nepriklausomai nuo am\u017eiaus. \u0160is prausiklis ne tik efektyviai pa\u0161alina ne\u0161varumus ir makia\u017e\u0105, bet ir \u0161velniai subalansuoja od\u0105, d\u0117l savo fiziologinio pH 5,6 nereikalaudamas papildomo toniko. Priemon\u0117 puikiai tinka tiek kasdienei odos prie\u017ei\u016brai, tiek akn\u0117s profilaktikai ar gydymui. \u201eCleansing Complex\u201c \u2013 tai trys funkcijos viename: \u0161variai nuvalyta, glotni oda ir ideali baz\u0117 tolimesn\u0117ms proced\u016broms namuose ar klinikoje.<\/p>\n<p><strong data-start=\"55\" data-end=\"70\">Usage:<\/strong><br data-start=\"70\" data-end=\"73\" \/>Sudr\u0117kinkite veido ir kaklo od\u0105 vandeniu. Nedidel\u012f kiek\u012f prausiklio paskirstykite ant deln\u0173, suputokite ir \u0161velniai masa\u017euokite od\u0105 sukamaisiais judesiais. Nuplaukite \u0161iltu vandeniu ir \u0161velniai nusausinkite od\u0105 rank\u0161luos\u010diu. Naudokite ryte ir vakare.<\/p>","protected":false},"excerpt":{"rendered":"<p>Skaidrios, lengvos tekst\u016bros gelis \/ prausiklis, tinkantis vis\u0173 tip\u0173 odai nepriklausomai nuo am\u017eiaus.<\/p>","protected":false},"featured_media":4335,"comment_status":"open","ping_status":"closed","template":"","meta":[],"product_cat":[448,417,191,124],"product_tag":[],"class_list":{"0":"post-4319","1":"product","2":"type-product","3":"status-publish","4":"has-post-thumbnail","6":"product_cat-is-clinical-ir-circadia","7":"product_cat-is-clinical-ir-valmont","8":"product_cat-makiazo-valymas-veido-prieziura","9":"product_cat-prausikliai","10":"pa_brands-is-clinical","11":"pa_talpa-180ml","12":"pa_talpa-60ml","14":"first","15":"instock","16":"taxable","17":"shipping-taxable","18":"purchasable","19":"product-type-variable"},"_links":{"self":[{"href":"https:\/\/miamedic.lt\/en\/wp-json\/wp\/v2\/product\/4319","targetHints":{"allow":["GET"]}}],"collection":[{"href":"https:\/\/miamedic.lt\/en\/wp-json\/wp\/v2\/product"}],"about":[{"href":"https:\/\/miamedic.lt\/en\/wp-json\/wp\/v2\/types\/product"}],"replies":[{"embeddable":true,"href":"https:\/\/miamedic.lt\/en\/wp-json\/wp\/v2\/comments?post=4319"}],"version-history":[{"count":4,"href":"https:\/\/miamedic.lt\/en\/wp-json\/wp\/v2\/product\/4319\/revisions"}],"predecessor-version":[{"id":12865,"href":"https:\/\/miamedic.lt\/en\/wp-json\/wp\/v2\/product\/4319\/revisions\/12865"}],"wp:featuredmedia":[{"embeddable":true,"href":"https:\/\/miamedic.lt\/en\/wp-json\/wp\/v2\/media\/4335"}],"wp:attachment":[{"href":"https:\/\/miamedic.lt\/en\/wp-json\/wp\/v2\/media?parent=4319"}],"wp:term":[{"taxonomy":"product_cat","embeddable":true,"href":"https:\/\/miamedic.lt\/en\/wp-json\/wp\/v2\/product_cat?post=4319"},{"taxonomy":"product_tag","embeddable":true,"href":"https:\/\/miamedic.lt\/en\/wp-json\/wp\/v2\/product_tag?post=4319"}],"curies":[{"name":"wp","href":"https:\/\/api.w.org\/{rel}","templated":true}]}}