{"id":4002,"date":"2025-03-13T15:08:22","date_gmt":"2025-03-13T15:08:22","guid":{"rendered":"https:\/\/miamedic.lt\/?post_type=product&#038;p=4002"},"modified":"2026-02-16T09:54:18","modified_gmt":"2026-02-16T09:54:18","slug":"dual-action-scrub","status":"publish","type":"product","link":"https:\/\/miamedic.lt\/en\/shop\/dual-action-scrub\/","title":{"rendered":"DUAL ACTION SCRUB"},"content":{"rendered":"<p>\u0160veitiklis su r\u016bg\u0161timis ir granul\u0117mis.<\/p>\n<p><strong>Zo Skin Health products can only be purchased after a consultation.<\/strong><\/p>\n<p><strong>SAVYB\u0116S:<\/strong><\/p>\n<ul>\n<li data-start=\"19\" data-end=\"69\">Chemin\u0117 ir mechanin\u0117 eksfoliacija.<\/li>\n<li data-start=\"19\" data-end=\"69\">Pa\u0161alina negyvas odos l\u0105steles.<\/li>\n<li data-start=\"19\" data-end=\"69\">Atveria poras.<\/li>\n<li data-start=\"19\" data-end=\"69\">Pa\u0161alina riebal\u0173 pertekli\u0173.<\/li>\n<li data-start=\"19\" data-end=\"69\">Ma\u017eina spuogus sukelian\u010di\u0173 bakterij\u0173 kiek\u012f.<\/li>\n<li data-start=\"19\" data-end=\"69\">Atstato dr\u0117gm\u0119 odoje.<\/li>\n<li data-start=\"19\" data-end=\"69\">Ma\u017eina u\u017edegim\u0105, neutralizuoja laisvuosius radikalus.<\/li>\n<li data-start=\"19\" data-end=\"69\">Tinka veidui ir k\u016bnui.<\/li>\n<\/ul>\n<p>VEIKLIOS MED\u017dIAGOS:<\/p>\n<p><strong>Pieno r\u016bg\u0161tis, salicilo r\u016bg\u0161tis<\/strong>\u00a0\u2013 chemin\u0117 eksfoliacija.<br \/>\n<strong>Karpa\u017eol\u0117s va\u0161ko granul\u0117s<\/strong>\u00a0\u2013 fizin\u0117 eksfoliacija.<br \/>\n<strong>Arbatmed\u017eio lap\u0173 aliejus<\/strong>\u00a0\u2013 antibakterin\u0117s savyb\u0117s.<br \/>\n<strong>Glicerinas, natrio PCA<\/strong>\u00a0\u2013 atstato dr\u0117gm\u0119 odoje.<br \/>\n<strong>ZOX12\u00ae<\/strong>\u00a0\u2013 galing\u0173 antioksidant\u0173 kompleksas.<br \/>\n<strong>ZO-RRS2\u00ae<\/strong>\u00a0\u2013 galingas antioksidantas, ma\u017eina u\u017edegim\u0105 ir raudon\u012f.<\/p>\n<p><strong>USAGE:<\/strong><\/p>\n<p>Po prausimosi ryte ir\/ar vakare \u0161velniai \u012fmasa\u017euoti nedidel\u012f kiek\u012f \u012f sudr\u0117kint\u0105 veido ir kaklo od\u0105. Kruop\u0161\u010diai nuvalyti.<\/p>","protected":false},"excerpt":{"rendered":"<p>\u0160veitiklis su r\u016bg\u0161timis ir granul\u0117mis.<\/p>\n<p><strong>Zo Skin Health products can only be purchased after a consultation.<\/strong><\/p>","protected":false},"featured_media":4003,"comment_status":"open","ping_status":"closed","template":"","meta":[],"product_cat":[108,110],"product_tag":[],"class_list":{"0":"post-4002","1":"product","2":"type-product","3":"status-publish","4":"has-post-thumbnail","6":"product_cat-odos-prieziura","7":"product_cat-sveitikliai","8":"pa_brands-zo-skin-health","9":"pa_talpa-116-g","11":"first","12":"instock","13":"taxable","14":"shipping-taxable","15":"product-type-external"},"_links":{"self":[{"href":"https:\/\/miamedic.lt\/en\/wp-json\/wp\/v2\/product\/4002","targetHints":{"allow":["GET"]}}],"collection":[{"href":"https:\/\/miamedic.lt\/en\/wp-json\/wp\/v2\/product"}],"about":[{"href":"https:\/\/miamedic.lt\/en\/wp-json\/wp\/v2\/types\/product"}],"replies":[{"embeddable":true,"href":"https:\/\/miamedic.lt\/en\/wp-json\/wp\/v2\/comments?post=4002"}],"version-history":[{"count":1,"href":"https:\/\/miamedic.lt\/en\/wp-json\/wp\/v2\/product\/4002\/revisions"}],"predecessor-version":[{"id":4005,"href":"https:\/\/miamedic.lt\/en\/wp-json\/wp\/v2\/product\/4002\/revisions\/4005"}],"wp:featuredmedia":[{"embeddable":true,"href":"https:\/\/miamedic.lt\/en\/wp-json\/wp\/v2\/media\/4003"}],"wp:attachment":[{"href":"https:\/\/miamedic.lt\/en\/wp-json\/wp\/v2\/media?parent=4002"}],"wp:term":[{"taxonomy":"product_cat","embeddable":true,"href":"https:\/\/miamedic.lt\/en\/wp-json\/wp\/v2\/product_cat?post=4002"},{"taxonomy":"product_tag","embeddable":true,"href":"https:\/\/miamedic.lt\/en\/wp-json\/wp\/v2\/product_tag?post=4002"}],"curies":[{"name":"wp","href":"https:\/\/api.w.org\/{rel}","templated":true}]}}