{"id":3996,"date":"2025-03-12T20:56:44","date_gmt":"2025-03-12T20:56:44","guid":{"rendered":"https:\/\/miamedic.lt\/?post_type=product&#038;p=3996"},"modified":"2025-12-01T00:29:56","modified_gmt":"2025-12-01T00:29:56","slug":"retinoidu-serumas","status":"publish","type":"product","link":"https:\/\/miamedic.lt\/en\/shop\/retinoidu-serumas\/","title":{"rendered":"RETINOID\u0172 SERUMAS"},"content":{"rendered":"<p>Serumas, praturtintas Retin kompleksu: 0,1% retinolio, , 0,1% retinaldehido, 1% bioretinolio. Kasdien naudojant padeda gaminti kolagen\u0105 ir elastin\u0105 be dirginimo, kad oda b\u016bt\u0173 lygesn\u0117 ir stangresn\u0117. Maloni tekst\u016bra, puikiai \u012fsigeria ir suteikia maitinam\u0105j\u012f poveik\u012f. Tinka visiems odos tipams.<\/p>\n<p><strong>USAGE:<\/strong><\/p>\n<p>Naudoti nakt\u012f veidui, kaklui ir dekolt\u0117.<br \/>\n\u012ela\u0161inkite 3\u20135 la\u0161us \u012f deln\u0105, patrinkite rankas, tada \u0161velniai \u012fmasa\u017euokite \u012f veid\u0105, kakl\u0105 ir dekolt\u0117 srit\u012f. Masa\u017euokite dviem rankomis auk\u0161tyn nukreiptais judesiais, pradedant nuo kaktos.<\/p>","protected":false},"excerpt":{"rendered":"<p>Serumas, praturtintas Retin kompleksu: 0,1% retinolio, , 0,1% retinaldehido, 1% bioretinolio.<\/p>","protected":false},"featured_media":5144,"comment_status":"open","ping_status":"closed","template":"","meta":[],"product_cat":[108,107],"product_tag":[],"class_list":{"0":"post-3996","1":"product","2":"type-product","3":"status-publish","4":"has-post-thumbnail","6":"product_cat-odos-prieziura","7":"product_cat-serumai","8":"pa_brands-neauvia","9":"pa_talpa-30ml-2","11":"first","12":"instock","13":"taxable","14":"shipping-taxable","15":"purchasable","16":"product-type-simple"},"_links":{"self":[{"href":"https:\/\/miamedic.lt\/en\/wp-json\/wp\/v2\/product\/3996","targetHints":{"allow":["GET"]}}],"collection":[{"href":"https:\/\/miamedic.lt\/en\/wp-json\/wp\/v2\/product"}],"about":[{"href":"https:\/\/miamedic.lt\/en\/wp-json\/wp\/v2\/types\/product"}],"replies":[{"embeddable":true,"href":"https:\/\/miamedic.lt\/en\/wp-json\/wp\/v2\/comments?post=3996"}],"version-history":[{"count":1,"href":"https:\/\/miamedic.lt\/en\/wp-json\/wp\/v2\/product\/3996\/revisions"}],"predecessor-version":[{"id":3998,"href":"https:\/\/miamedic.lt\/en\/wp-json\/wp\/v2\/product\/3996\/revisions\/3998"}],"wp:featuredmedia":[{"embeddable":true,"href":"https:\/\/miamedic.lt\/en\/wp-json\/wp\/v2\/media\/5144"}],"wp:attachment":[{"href":"https:\/\/miamedic.lt\/en\/wp-json\/wp\/v2\/media?parent=3996"}],"wp:term":[{"taxonomy":"product_cat","embeddable":true,"href":"https:\/\/miamedic.lt\/en\/wp-json\/wp\/v2\/product_cat?post=3996"},{"taxonomy":"product_tag","embeddable":true,"href":"https:\/\/miamedic.lt\/en\/wp-json\/wp\/v2\/product_tag?post=3996"}],"curies":[{"name":"wp","href":"https:\/\/api.w.org\/{rel}","templated":true}]}}