{"id":3981,"date":"2025-03-12T19:29:49","date_gmt":"2025-03-12T19:29:49","guid":{"rendered":"https:\/\/miamedic.lt\/?post_type=product&#038;p=3981"},"modified":"2025-12-01T10:13:43","modified_gmt":"2025-12-01T10:13:43","slug":"10-vitamin-c-self-activating","status":"publish","type":"product","link":"https:\/\/miamedic.lt\/en\/shop\/10-vitamin-c-self-activating\/","title":{"rendered":"10% VITAMIN C SERUM"},"content":{"rendered":"<p>Anti-wrinkle brightening serum with 10% vitamin C.<\/p>\n<p><strong>Zo Skin Health products can only be purchased after a consultation.<\/strong><\/p>\n<p><strong>SAVYB\u0116S:<\/strong><\/p>\n<ul>\n<li data-start=\"19\" data-end=\"69\">Pa\u0161alina pavir\u0161in\u0119 pigmentacij\u0105.<\/li>\n<li data-start=\"19\" data-end=\"69\">\u017demiau odos pavir\u0161iaus slopina naujo melanino susidarym\u0105.<\/li>\n<li data-start=\"19\" data-end=\"69\">\u0160viesina, lygina odos spalv\u0105 ir tonus.<\/li>\n<li data-start=\"19\" data-end=\"69\">Antioksidantai apsaugo od\u0105 nuo i\u0161orini\u0173 dirgikli\u0173.<\/li>\n<li data-start=\"19\" data-end=\"69\">Ma\u017eina rauk\u0161leles ir smulkias linijas.<\/li>\n<li data-start=\"19\" data-end=\"69\">Praturtina odos apsaugin\u012f barjer\u0105, dr\u0117kina.<\/li>\n<\/ul>\n<p><strong>USAGE:<\/strong><\/p>\n<p>Po prausimosi ryte 2-3 pomp\u0173 paspaudimais tepti veido od\u0105. Tepti protokolo pabaigoje prie\u0161 apsaug\u0105 nuo saul\u0117s.<\/p>","protected":false},"excerpt":{"rendered":"<p>Anti-wrinkle brightening serum with 10% vitamin C.<\/p>\n<p><strong>Zo Skin Health products can only be purchased after a consultation.<\/strong><\/p>","protected":false},"featured_media":3986,"comment_status":"open","ping_status":"closed","template":"","meta":[],"product_cat":[108,107],"product_tag":[],"class_list":{"0":"post-3981","1":"product","2":"type-product","3":"status-publish","4":"has-post-thumbnail","6":"product_cat-odos-prieziura","7":"product_cat-serumai","8":"pa_brands-zo-skin-health","9":"pa_talpa-50ml","11":"first","12":"instock","13":"taxable","14":"shipping-taxable","15":"product-type-external"},"_links":{"self":[{"href":"https:\/\/miamedic.lt\/en\/wp-json\/wp\/v2\/product\/3981","targetHints":{"allow":["GET"]}}],"collection":[{"href":"https:\/\/miamedic.lt\/en\/wp-json\/wp\/v2\/product"}],"about":[{"href":"https:\/\/miamedic.lt\/en\/wp-json\/wp\/v2\/types\/product"}],"replies":[{"embeddable":true,"href":"https:\/\/miamedic.lt\/en\/wp-json\/wp\/v2\/comments?post=3981"}],"version-history":[{"count":3,"href":"https:\/\/miamedic.lt\/en\/wp-json\/wp\/v2\/product\/3981\/revisions"}],"predecessor-version":[{"id":3985,"href":"https:\/\/miamedic.lt\/en\/wp-json\/wp\/v2\/product\/3981\/revisions\/3985"}],"wp:featuredmedia":[{"embeddable":true,"href":"https:\/\/miamedic.lt\/en\/wp-json\/wp\/v2\/media\/3986"}],"wp:attachment":[{"href":"https:\/\/miamedic.lt\/en\/wp-json\/wp\/v2\/media?parent=3981"}],"wp:term":[{"taxonomy":"product_cat","embeddable":true,"href":"https:\/\/miamedic.lt\/en\/wp-json\/wp\/v2\/product_cat?post=3981"},{"taxonomy":"product_tag","embeddable":true,"href":"https:\/\/miamedic.lt\/en\/wp-json\/wp\/v2\/product_tag?post=3981"}],"curies":[{"name":"wp","href":"https:\/\/api.w.org\/{rel}","templated":true}]}}