{"id":3956,"date":"2025-03-12T19:09:27","date_gmt":"2025-03-12T19:09:27","guid":{"rendered":"https:\/\/miamedic.lt\/?post_type=product&#038;p=3956"},"modified":"2025-12-01T10:13:58","modified_gmt":"2025-12-01T10:13:58","slug":"calming-toner","status":"publish","type":"product","link":"https:\/\/miamedic.lt\/en\/shop\/calming-toner\/","title":{"rendered":"CALMING TONER"},"content":{"rendered":"<p>Toner for sensitive and dry skin.<\/p>\n<p><strong>Zo Skin Health products can only be purchased after a consultation.<\/strong><\/p>\n<p><strong>SAVYB\u0116S:<\/strong><\/p>\n<ul>\n<li data-start=\"19\" data-end=\"69\">Idealu pa\u017eeistai, jautriai ir sausai odai.<\/li>\n<li data-start=\"19\" data-end=\"69\">Pa\u0161alina ne\u0161varumus.<\/li>\n<li data-start=\"19\" data-end=\"69\">Atstato sveikos odos pH.<\/li>\n<li data-start=\"19\" data-end=\"69\">Ma\u017eina poras.<\/li>\n<li data-start=\"19\" data-end=\"69\">Eksfolijuoja saus\u0105 ir nyki\u0105 od\u0105.<\/li>\n<li data-start=\"19\" data-end=\"69\">Dr\u0117kina, stiprina odos barjer\u0105.<\/li>\n<li data-start=\"19\" data-end=\"69\">Ramina ir v\u0117sinan\u010diu poveikiu atgaivina sudirgusi\u0105 od\u0105.<\/li>\n<\/ul>\n<p><strong>USAGE:<\/strong><\/p>\n<p>Po prausimosi ryte ir\/ar vakare su vatos tampon\u0117liu tepti nedidel\u012f kiek\u012f ant veido ir kaklo odos.<\/p>","protected":false},"excerpt":{"rendered":"<p>Toner for sensitive and dry skin.<\/p>\n<p><strong>Zo Skin Health products can only be purchased after a consultation.<\/strong><\/p>","protected":false},"featured_media":3958,"comment_status":"open","ping_status":"closed","template":"","meta":[],"product_cat":[105],"product_tag":[],"class_list":{"0":"post-3956","1":"product","2":"type-product","3":"status-publish","4":"has-post-thumbnail","6":"product_cat-tonikai","7":"pa_brands-zo-skin-health","8":"pa_talpa-180-ml","10":"first","11":"instock","12":"taxable","13":"shipping-taxable","14":"product-type-external"},"_links":{"self":[{"href":"https:\/\/miamedic.lt\/en\/wp-json\/wp\/v2\/product\/3956","targetHints":{"allow":["GET"]}}],"collection":[{"href":"https:\/\/miamedic.lt\/en\/wp-json\/wp\/v2\/product"}],"about":[{"href":"https:\/\/miamedic.lt\/en\/wp-json\/wp\/v2\/types\/product"}],"replies":[{"embeddable":true,"href":"https:\/\/miamedic.lt\/en\/wp-json\/wp\/v2\/comments?post=3956"}],"version-history":[{"count":1,"href":"https:\/\/miamedic.lt\/en\/wp-json\/wp\/v2\/product\/3956\/revisions"}],"predecessor-version":[{"id":3959,"href":"https:\/\/miamedic.lt\/en\/wp-json\/wp\/v2\/product\/3956\/revisions\/3959"}],"wp:featuredmedia":[{"embeddable":true,"href":"https:\/\/miamedic.lt\/en\/wp-json\/wp\/v2\/media\/3958"}],"wp:attachment":[{"href":"https:\/\/miamedic.lt\/en\/wp-json\/wp\/v2\/media?parent=3956"}],"wp:term":[{"taxonomy":"product_cat","embeddable":true,"href":"https:\/\/miamedic.lt\/en\/wp-json\/wp\/v2\/product_cat?post=3956"},{"taxonomy":"product_tag","embeddable":true,"href":"https:\/\/miamedic.lt\/en\/wp-json\/wp\/v2\/product_tag?post=3956"}],"curies":[{"name":"wp","href":"https:\/\/api.w.org\/{rel}","templated":true}]}}