{"id":3832,"date":"2025-03-12T13:35:19","date_gmt":"2025-03-12T13:35:19","guid":{"rendered":"https:\/\/miamedic.lt\/?post_type=product&#038;p=3832"},"modified":"2025-12-01T10:14:04","modified_gmt":"2025-12-01T10:14:04","slug":"intense-eye-creme","status":"publish","type":"product","link":"https:\/\/miamedic.lt\/en\/shop\/intense-eye-creme\/","title":{"rendered":"INTENSE EYE CR\u00c8ME"},"content":{"rendered":"<p>Anti-wrinkle eye cream with retinol.<\/p>\n<p><strong>Zo Skin Health products can only be purchased after a consultation.<\/strong><\/p>\n<p><strong>SAVYB\u0116S:<\/strong><\/p>\n<ul>\n<li data-start=\"19\" data-end=\"69\">Lygina smulkias rauk\u0161leles ir mimikos linijas.<\/li>\n<li data-start=\"70\" data-end=\"111\">Gerina odos stangrum\u0105 ir elastingum\u0105.<\/li>\n<li data-start=\"112\" data-end=\"186\">Skaistina paaki\u0173 zon\u0105, suteikdama \u0161vyt\u0117jimo ir maskuodama netobulumus.<\/li>\n<li data-start=\"187\" data-end=\"258\">Apsaugo od\u0105 nuo oksidacinio streso ir kenksming\u0173 aplinkos veiksni\u0173.<\/li>\n<li data-start=\"259\" data-end=\"314\">Giliai dr\u0117kina, suteikia odai \u0161velnumo ir glotnumo.<\/li>\n<li data-start=\"315\" data-end=\"389\">\u0160viesina patams\u0117jusius paakius ir suteikia gaivumo pavargusioms akims.<\/li>\n<li data-start=\"390\" data-end=\"434\" data-is-last-node=\"\">Ma\u017eina paburkim\u0105 ir ramina sudirgusi\u0105 od\u0105.<\/li>\n<\/ul>\n<p><strong>USAGE:<\/strong><\/p>\n<p>Po prausimosi ryte ir\/ar vakare tepti ant sausos paaki\u0173 odos.<\/p>\n<p>Tepti nedideliais apskritimais aplink akis. Galima naudoti pagal poreik\u012f.<\/p>","protected":false},"excerpt":{"rendered":"<p>Anti-wrinkle eye cream with retinol.<\/p>\n<p><strong>Zo Skin Health products can only be purchased after a consultation.<\/strong><\/p>","protected":false},"featured_media":3952,"comment_status":"open","ping_status":"closed","template":"","meta":[],"product_cat":[83],"product_tag":[],"class_list":{"0":"post-3832","1":"product","2":"type-product","3":"status-publish","4":"has-post-thumbnail","6":"product_cat-paakiu-kremai","7":"pa_brands-zo-skin-health","8":"pa_talpa-15ml","10":"first","11":"instock","12":"taxable","13":"shipping-taxable","14":"product-type-external"},"_links":{"self":[{"href":"https:\/\/miamedic.lt\/en\/wp-json\/wp\/v2\/product\/3832","targetHints":{"allow":["GET"]}}],"collection":[{"href":"https:\/\/miamedic.lt\/en\/wp-json\/wp\/v2\/product"}],"about":[{"href":"https:\/\/miamedic.lt\/en\/wp-json\/wp\/v2\/types\/product"}],"replies":[{"embeddable":true,"href":"https:\/\/miamedic.lt\/en\/wp-json\/wp\/v2\/comments?post=3832"}],"version-history":[{"count":7,"href":"https:\/\/miamedic.lt\/en\/wp-json\/wp\/v2\/product\/3832\/revisions"}],"predecessor-version":[{"id":3955,"href":"https:\/\/miamedic.lt\/en\/wp-json\/wp\/v2\/product\/3832\/revisions\/3955"}],"wp:featuredmedia":[{"embeddable":true,"href":"https:\/\/miamedic.lt\/en\/wp-json\/wp\/v2\/media\/3952"}],"wp:attachment":[{"href":"https:\/\/miamedic.lt\/en\/wp-json\/wp\/v2\/media?parent=3832"}],"wp:term":[{"taxonomy":"product_cat","embeddable":true,"href":"https:\/\/miamedic.lt\/en\/wp-json\/wp\/v2\/product_cat?post=3832"},{"taxonomy":"product_tag","embeddable":true,"href":"https:\/\/miamedic.lt\/en\/wp-json\/wp\/v2\/product_tag?post=3832"}],"curies":[{"name":"wp","href":"https:\/\/api.w.org\/{rel}","templated":true}]}}