{"id":14073,"date":"2026-05-04T12:47:56","date_gmt":"2026-05-04T12:47:56","guid":{"rendered":"https:\/\/miamedic.lt\/?post_type=product&#038;p=14073"},"modified":"2026-05-04T21:18:43","modified_gmt":"2026-05-04T21:18:43","slug":"dermaline-bio-activing-pdrn-cream","status":"publish","type":"product","link":"https:\/\/miamedic.lt\/en\/shop\/dermaline-bio-activing-pdrn-cream\/","title":{"rendered":"DERMALINE BIO ACTIVING PDRN CREAM"},"content":{"rendered":"<p>Kremas sukurtas kaip paskutinis odos prie\u017ei\u016bros \u017eingsnis, skirtas intensyviai atkurti odos b\u016bkl\u0119, sustiprinti barjer\u0105 ir suteikti ilgalaik\u012f komfort\u0105. Didel\u0117s koncentracijos PDRN (10 000 ppm) padeda skatinti odos atsinaujinim\u0105, gerina<br \/>\nelastingum\u0105 ir suteikia odai sveiko \u0161vyt\u0117jimo. \u0160is ingredientas pla\u010diai naudojamas profesionalioje kosmetologijoje d\u0117l geb\u0117jimo atkurti pavargusi\u0105, jautri\u0105 ar pa\u017eeist\u0105 od\u0105.<\/p>\n<p>Kremo sud\u0117tyje esantys skvalanas, sviestmed\u017eio sviestas, sald\u017ei\u0173j\u0173 migdol\u0173 aliejus ir lipid\u0173 kompleksas padeda:<br \/>\n\u2013 atkurti odos lipid\u0173 balans\u0105<br \/>\n\u2013 suma\u017einti sausumo ir tempimo poj\u016bt\u012f<br \/>\n\u2013 suteikti odai mink\u0161tumo ir elastingumo<br \/>\n\u2013 apsaugoti nuo dr\u0117gm\u0117s praradimo<\/p>\n<p>Dr\u0117kinimo, skaistinimo ir odos barjero stiprinimo kompleksas<\/p>\n<p><strong>\u2022 PDRN (Polydeoxyribonucleotide)<\/strong>\u00a0\u2013 padeda skatinti odos l\u0105steli\u0173 atsinaujinim\u0105, gerina elastingum\u0105 ir stiprina odos barjer\u0105. Taip pat padeda atkurti pavargusi\u0105, papilk\u0117jusi\u0105 ir dr\u0117gm\u0117s stokojan\u010di\u0105 od\u0105, suteikdamas jai stangrumo ir \u0161vyt\u0117jimo.<br \/>\n<strong>\u2022 Niacinamidas<\/strong>\u00a0\u2013 skaistina od\u0105 ir ma\u017eina pigmentacijos netolygumus.<br \/>\n<strong>\u2022 Adenozinas<\/strong>\u00a0\u2013 padeda ma\u017einti smulki\u0173 linij\u0173 ir rauk\u0161li\u0173 i\u0161vaizd\u0105.<br \/>\n<strong>\u2022 Centella Asiatica ekstraktai (Madecassoside, Asiaticoside)<\/strong>\u00a0\u2013 ramina, ma\u017eina paraudim\u0105 ir stiprina odos apsaug\u0105.<br \/>\n<strong>\u2022 Hialurono r\u016bg\u0161ties kompleksas<\/strong>\u00a0\u2013 intensyviai dr\u0117kina ir suteikia odai putlumo.<\/p>\n<p><strong>\u2022 Kolagenas<\/strong>\u00a0\u2013 gerina odos elastingum\u0105 ir glotnum\u0105.<br \/>\n<strong>\u2022 Panthenolis, Betaine, Allantoin<\/strong>\u00a0\u2013 ramina ir palaiko odos komfort\u0105.<br \/>\n<strong>\u2022 Ceramide NP<\/strong>\u00a0\u2013 stiprina odos barjer\u0105 ir ma\u017eina dr\u0117gm\u0117s netekim\u0105.<br \/>\n<strong>\u2022 Augaliniai ekstraktai<\/strong>\u00a0\u2013 Scutellaria Baicalensis, Prunella Vulgaris, Fucus Vesiculosus, Illicium Verum, Aloe Vera, Rosa Damascena, Hippophae Rhamnoides, Eclipta Prostrata \u2013 suteikia antioksidacin\u012f poveik\u012f ir padeda apsaugoti od\u0105 nuo aplinkos streso.<\/p>\n<p><strong>Peptid\u0173 kompleksas (Acetyl Hexapeptide8, Palmitoyl Tripeptide1, Copper Tripeptide1, shOligopeptide1, shOligopeptide2, shPolypeptide1, shPolypeptide22)<\/strong>\u00a0padeda:<br \/>\n\u2013 palaikyti odos stangrum\u0105<br \/>\n\u2013 gerinti odos strukt\u016br\u0105<br \/>\n\u2013 skatinti regeneracinius procesus<\/p>\n<p><strong>Usage:<\/strong><br \/>\nTepkite ant \u0161varios, toniku sudr\u0117kintos odos po serumo, paskirstykite per veid\u0105, kakl\u0105 ir dekolt\u0117, naudokite ryte ir vakare.<\/p>\n<p><strong>Sud\u0117tis (INCI):\u00a0<\/strong>Vanduo, Butylene Glycol, Caprylic\/Capric Triglyceride, Glycerin, Niacinamide, Ethylhexyl Palmitate, 1,2-Hexanediol, Glycereth-26, Glyceryl Stearate, Sodium DNA, Squalane, Olea Europaea (Olive) Fruit Oil, Coco-Caprylate\/Caprate, Trehalose, Polysorbate 60, Glyceryl Stearate SE, Cetearyl Olivate, Cetyl Alcohol, Sorbitan Olivate, Sorbitan Isostearate, Carbomer, Arginine, Tocopheryl Acetate, Panthenol, Rosa Damascena Extract, Hippophae Rhamnoides Water, Yeast Extract, Stearyl Alcohol, Ammonium Acryloyldimethyltaurate\/VP Copolymer, Betaine, Allantoin, Propanediol, Dipotassium Glycyrrhizate, Aloe Barbadensis Leaf Extract, Adenosine, Octyldodecanol, Sodium Hyaluronate, Disodium EDTA, Hydrogenated Lecithin, Ceramide NP, Madecassoside, Caviar Extract, Maltodextrin, Biosaccharide Gum-1, Hydrolyzed Corn Starch, Asiaticoside, Imperata Cylindrica Root Extract, Sucrose, Triethanolamine, Ethylhexylglycerin,<br \/>\nCaprylyl Glycol, Eclipta Prostrata Leaf Extract, Dextrin, Calcium Carbonate, Hydroxypropyl Methylcellulose, sh-Oligopeptide-1, sh-Oligopeptide-2, sh-Polypeptide-1, sh-Polypeptide-22. Hydroxypropyl Methylcellulose, sh-Oligopeptide-1, sh-Oligopeptide-2, sh-Polypeptide-1, sh-Polypeptide-22.<\/p>\n<p>Kilm\u0117s \u0161alis:\u00a0Piet\u0173\u00a0Kor\u0117ja<\/p>","protected":false},"excerpt":{"rendered":"<p>dvigubo poveikio intensyviai atkuriantis, stangrinantis ir dr\u0117kinantis veido kremas su PDRN, 100g<\/p>","protected":false},"featured_media":14074,"comment_status":"open","ping_status":"closed","template":"","meta":[],"product_cat":[82,129],"product_tag":[],"class_list":{"0":"post-14073","1":"product","2":"type-product","3":"status-publish","4":"has-post-thumbnail","6":"product_cat-kremai","7":"product_cat-veido-kremai","8":"pa_brands-dermaline","10":"first","11":"instock","12":"taxable","13":"shipping-taxable","14":"purchasable","15":"product-type-simple"},"_links":{"self":[{"href":"https:\/\/miamedic.lt\/en\/wp-json\/wp\/v2\/product\/14073","targetHints":{"allow":["GET"]}}],"collection":[{"href":"https:\/\/miamedic.lt\/en\/wp-json\/wp\/v2\/product"}],"about":[{"href":"https:\/\/miamedic.lt\/en\/wp-json\/wp\/v2\/types\/product"}],"replies":[{"embeddable":true,"href":"https:\/\/miamedic.lt\/en\/wp-json\/wp\/v2\/comments?post=14073"}],"version-history":[{"count":1,"href":"https:\/\/miamedic.lt\/en\/wp-json\/wp\/v2\/product\/14073\/revisions"}],"predecessor-version":[{"id":14077,"href":"https:\/\/miamedic.lt\/en\/wp-json\/wp\/v2\/product\/14073\/revisions\/14077"}],"wp:featuredmedia":[{"embeddable":true,"href":"https:\/\/miamedic.lt\/en\/wp-json\/wp\/v2\/media\/14074"}],"wp:attachment":[{"href":"https:\/\/miamedic.lt\/en\/wp-json\/wp\/v2\/media?parent=14073"}],"wp:term":[{"taxonomy":"product_cat","embeddable":true,"href":"https:\/\/miamedic.lt\/en\/wp-json\/wp\/v2\/product_cat?post=14073"},{"taxonomy":"product_tag","embeddable":true,"href":"https:\/\/miamedic.lt\/en\/wp-json\/wp\/v2\/product_tag?post=14073"}],"curies":[{"name":"wp","href":"https:\/\/api.w.org\/{rel}","templated":true}]}}