{"id":14068,"date":"2026-05-04T12:44:50","date_gmt":"2026-05-04T12:44:50","guid":{"rendered":"https:\/\/miamedic.lt\/?post_type=product&#038;p=14068"},"modified":"2026-05-04T21:19:13","modified_gmt":"2026-05-04T21:19:13","slug":"dermaline-bio-activing-pdrn-eye-cream","status":"publish","type":"product","link":"https:\/\/miamedic.lt\/en\/shop\/dermaline-bio-activing-pdrn-eye-cream\/","title":{"rendered":"DERMALINE BIO ACTIVING PDRN EYE CREAM"},"content":{"rendered":"<p>Paaki\u0173 kremas sukurtas specialiai jautriai aki\u0173 kont\u016bro sri\u010diai, kuriai reikalingas \u0161velnus, ta\u010diau intensyvus poveikis. Formul\u0117je esantis PDRN padeda skatinti odos atsinaujinim\u0105, gerina elastingum\u0105 ir suteikia paaki\u0173 sri\u010diai gyvybingumo.<br \/>\nGamintojas pabr\u0117\u017eia, kad PDRN padeda atkurti pavargusi\u0105, papilk\u0117jusi\u0105 od\u0105 ir suma\u017einti nuovargio po\u017eymius.<\/p>\n<p>Kremas praturtintas ingredientais, kurie veikia keliomis kryptimis:<br \/>\n<strong>\u2022 PDRN (Polydeoxyribonucleotide)<\/strong>\u00a0\u2013 padeda skatinti odos l\u0105steli\u0173 atsinaujinim\u0105, gerina elastingum\u0105 ir stiprina odos barjer\u0105. Taip pat padeda atkurti pavargusi\u0105, papilk\u0117jusi\u0105 ir dr\u0117gm\u0117s stokojan\u010di\u0105 od\u0105, suteikdamas jai stangrumo ir \u0161vyt\u0117jimo.<br \/>\n<strong>\u2022 Niacinamidas<\/strong>\u00a0\u2013 padeda \u0161viesinti paaki\u0173 od\u0105, ma\u017einti pigmentacijos netolygumus ir stiprinti odos barjer\u0105.<br \/>\n<strong>\u2022 Urea (\u0161lapalas)<\/strong>\u00a0\u2013 intensyviai dr\u0117kina, mink\u0161tina ir padeda i\u0161laikyti odos elastingum\u0105.<br \/>\n<strong>\u2022 Centella Asiatica ekstraktai<\/strong>\u00a0\u2013 ramina, ma\u017eina paraudim\u0105 ir padeda atkurti jautri\u0105 paaki\u0173 od\u0105.<br \/>\n<strong>\u2022 Trehaloz\u0117 ir betainas<\/strong>\u00a0\u2013 palaiko dr\u0117gm\u0117s balans\u0105 ir suteikia odai komforto poj\u016bt\u012f.<br \/>\n<strong>\u2022\u00a0Adenozinas<\/strong>\u00a0\u2013 padeda ma\u017einti smulki\u0173 linij\u0173 ir rauk\u0161li\u0173 i\u0161vaizd\u0105.<\/p>\n<p>Kremas papildytas\u00a0<strong>Peptidais: Palmitoyl Tripeptide-1, Copper Tripeptide-1 ir Acetyl Hexapeptide-8<\/strong>, kurie:<br \/>\n\u2022 padeda gerinti odos stangrum\u0105<br \/>\n\u2022 ma\u017eina smulki\u0173 linij\u0173 ir rauk\u0161li\u0173 i\u0161vaizd\u0105<br \/>\n\u2022 skatina regeneracinius procesus<br \/>\n\u2022 suteikia paaki\u0173 sri\u010diai glotnumo ir jaunatvi\u0161kumo<\/p>\n<p><strong>Peptidai ir PDRN<\/strong>\u00a0veikia sinergi\u0161kai, stiprindami odos strukt\u016br\u0105.<\/p>\n<p>Reguliariai naudojant krem\u0105, paaki\u0173 oda tampa:<br \/>\n\u2022 skaistesn\u0117 ir tolygesnio atspalvio<\/p>\n<p>\u2022 geriau sudr\u0117kinta ir elastingesn\u0117<br \/>\n\u2022 vizualiai lygesn\u0117, su suma\u017e\u0117jusia smulki\u0173 linij\u0173 i\u0161vaizda<br \/>\n\u2022 ma\u017eiau pavargusi ir pabrinkusi<br \/>\n\u2022 \u0161velnesn\u0117 ir komforti\u0161kesn\u0117<\/p>\n<p>Kremas pasi\u017eymi \u0161velnia, lengva tekst\u016bra, kuri greitai \u012fsigeria, nepalikdama lipnumo ar sunkumo poj\u016b\u010dio.<br \/>\nPuikiai tinka naudoti tiek ryte, tiek vakare, taip pat po proced\u016br\u0173.<\/p>\n<p><strong>Sud\u0117tis (INCI):\u00a0<\/strong>Watter, Butylene Glycol, Glycerin, Caprylic\/Capric Triglyceride, Cetearyl Alcohol, Polyglyceryl-2 Stearate, 1,2-Hexanediol, Sodium DNA, Urea, Squalane, Coco-Caprylate\/Caprate, Glyceryl Stearate, Stearyl Alcohol, Polyacrylate-13, Dimethicone, Scutellaria Baicalensis Root Extract, Cetearyl Glucoside, Beeswax, Polyisobutene, Xanthan Gum, Cetyl Palmitate, Prunus Amygdalus Dulcis (Sweet Almond) Oil, Sorbitan Palmitate, Sorbitan Olivate, Trehalose, Betaine, Chlorphenesin, Simmondsia Chinensis (Jojoba) Seed Extract, Euphorbia Cerifera (Candelilla) Wax (Candelilla Cera), Centella Asiatica Extract, Ethylhexylglycerin, Polysorbate 20, Adenosine, Sorbitan Isostearate, Panthenol, Glucose, Madecassoside, Asiaticoside, Sodium Hyaluronate, Illicium Verum (Anise) Fruit Extract, Prunella Vulgaris Extract, Fucus Vesiculosus Extract, Palmitoyl Tripeptide-1, Copper Tripeptide-1, Acetyl Hexapeptide-8.<\/p>\n<p>Kilm\u0117s \u0161alis:\u00a0Piet\u0173\u00a0Kor\u0117ja<\/p>","protected":false},"excerpt":{"rendered":"<p>dvigubo poveikio intensyviai atkuriantis ir stangrinantis paaki\u0173 kremas su PDRN, 30 g<\/p>","protected":false},"featured_media":14069,"comment_status":"open","ping_status":"closed","template":"","meta":[],"product_cat":[83],"product_tag":[],"class_list":{"0":"post-14068","1":"product","2":"type-product","3":"status-publish","4":"has-post-thumbnail","6":"product_cat-paakiu-kremai","7":"pa_brands-dermaline","9":"first","10":"instock","11":"taxable","12":"shipping-taxable","13":"purchasable","14":"product-type-simple"},"_links":{"self":[{"href":"https:\/\/miamedic.lt\/en\/wp-json\/wp\/v2\/product\/14068","targetHints":{"allow":["GET"]}}],"collection":[{"href":"https:\/\/miamedic.lt\/en\/wp-json\/wp\/v2\/product"}],"about":[{"href":"https:\/\/miamedic.lt\/en\/wp-json\/wp\/v2\/types\/product"}],"replies":[{"embeddable":true,"href":"https:\/\/miamedic.lt\/en\/wp-json\/wp\/v2\/comments?post=14068"}],"version-history":[{"count":1,"href":"https:\/\/miamedic.lt\/en\/wp-json\/wp\/v2\/product\/14068\/revisions"}],"predecessor-version":[{"id":14071,"href":"https:\/\/miamedic.lt\/en\/wp-json\/wp\/v2\/product\/14068\/revisions\/14071"}],"wp:featuredmedia":[{"embeddable":true,"href":"https:\/\/miamedic.lt\/en\/wp-json\/wp\/v2\/media\/14069"}],"wp:attachment":[{"href":"https:\/\/miamedic.lt\/en\/wp-json\/wp\/v2\/media?parent=14068"}],"wp:term":[{"taxonomy":"product_cat","embeddable":true,"href":"https:\/\/miamedic.lt\/en\/wp-json\/wp\/v2\/product_cat?post=14068"},{"taxonomy":"product_tag","embeddable":true,"href":"https:\/\/miamedic.lt\/en\/wp-json\/wp\/v2\/product_tag?post=14068"}],"curies":[{"name":"wp","href":"https:\/\/api.w.org\/{rel}","templated":true}]}}