{"id":14063,"date":"2026-05-04T12:39:51","date_gmt":"2026-05-04T12:39:51","guid":{"rendered":"https:\/\/miamedic.lt\/?post_type=product&#038;p=14063"},"modified":"2026-05-04T21:19:36","modified_gmt":"2026-05-04T21:19:36","slug":"dermaline-mask","status":"publish","type":"product","link":"https:\/\/miamedic.lt\/en\/shop\/dermaline-mask\/","title":{"rendered":"Dermaline Mask"},"content":{"rendered":"<p>Kauk\u0117 sukurta kaip intensyvi odos atgaivinimo priemon\u0117, skirta pagerinti odos elastingum\u0105, dr\u0117gm\u0117s balans\u0105 ir bendr\u0105 odos b\u016bkl\u0119. Formul\u0117je esantis PDRN (1 000 ppm) padeda skatinti odos l\u0105steli\u0173 atsinaujinim\u0105, suteikia stangrumo ir<br \/>\npadeda atkurti pavargusi\u0105, papilk\u0117jusi\u0105 od\u0105, pagerina odos tekst\u016br\u0105 bei suteikia jai sveiko \u0161vyt\u0117jimo.<\/p>\n<p>Kauk\u0117 papildyta CICA Exosome (2 000 ppm) \u2013 itin ma\u017eomis, dvigubos lipidin\u0117s membranos strukt\u016bromis, kurios lengvai prasiskverbia \u012f od\u0105 ir perduoda regeneracinius signalus gilesniems sluoksniams.<\/p>\n<p>Kauk\u0117s esencija praturtinta ingredientais, kurie veikia keliomis kryptimis:<br \/>\n<strong>\u2022 PDRN (Polydeoxyribonucleotide)<\/strong>\u00a0\u2013 padeda skatinti odos l\u0105steli\u0173 atsinaujinim\u0105, gerina elastingum\u0105 ir stiprina odos barjer\u0105. Taip pat padeda atkurti pavargusi\u0105, papilk\u0117jusi\u0105 ir dr\u0117gm\u0117s stokojan\u010di\u0105 od\u0105, suteikdamas jai stangrumo ir \u0161vyt\u0117jimo.<br \/>\n<strong>\u2022 Niacinamidas<\/strong>\u00a0\u2013 skaistina, tolygina odos ton\u0105.<br \/>\n<strong>\u2022 Hialurono r\u016bg\u0161tis<\/strong>\u00a0\u2013 intensyviai dr\u0117kina ir suteikia putlumo.<br \/>\n<strong>\u2022 Betaine, Panthenol, Allantoin<\/strong>\u00a0\u2013 ramina, ma\u017eina paraudim\u0105 ir stiprina odos komfort\u0105.<br \/>\n<strong>\u2022 Adenozinas<\/strong>\u00a0\u2013 padeda ma\u017einti smulki\u0173 linij\u0173 ir rauk\u0161li\u0173 i\u0161vaizd\u0105.<br \/>\n<strong>\u2022 Centella Asiatica ekstraktai<\/strong>\u00a0\u2013 ramina jautri\u0105 od\u0105 ir stiprina barjer\u0105.<br \/>\n<strong>\u2022 Aquatide<\/strong>\u00a0\u2013 Ingredientas padedantis gerinti odos elastingum\u0105 ir apsaug\u0105 nuo oksidacinio streso.<\/p>\n<p>Reguliariai naudojant kauk\u0119, oda tampa:<br \/>\n\u2013 intensyviai sudr\u0117kinta ir putlesn\u0117<br \/>\n\u2013 stangresn\u0117 ir elastingesn\u0117, skaistesn\u0117 ir tolygesnio atspalvio, vizualiai lygesn\u0117, su suma\u017e\u0117jusia smulki\u0173 linij\u0173 i\u0161vaizda ma\u017eiau jautri ir grei\u010diau atsigaunanti<\/p>\n<p><strong>Naudojimas<\/strong><br \/>\nKruop\u0161\u010diai nuplaukite veid\u0105 bei tonizuokite veido toniku. I\u0161skleiskite kauk\u0119 ir pritvirtinkite j\u0105 prie veido, prad\u0117dami nuo apatin\u0117s dalies. Laikykite 20\u201330 minu\u010di\u0173, tuomet nuimkite ir \u0161velniai \u012ftap\u0161nokite likusi\u0105 esencij\u0105.<\/p>\n<p><strong>Sud\u0117tis (INCI) :<\/strong>\u00a0Water, Glycerin, Carrageenan, Ceratonia Siliqua (Carob) Gum, Butylene Glycol, Cyamopsis Tetragonoloba (Guar) Gum, Glucomannan, Sodium DNA, Hydroxyacetophenone, Calcium Chloride, Allantoin, Chlorphenesin, Titanium Dioxide (CI 77891), Calendula Officinalis Flower, Cellulose Gum, Polyglyceryl-10 Laurate, Propanediol, Potassium Chloride, Sucrose, Calcium Lactate, Ethylhexylglycerin, Disodium EDTA, Dipotassium Glycyrrhizate, Parfum, Hexyl Cinnamal, Linalool, Limonene, Chrysanthemum Indicum Flower Extract, Camellia Sinensis Leaf Extract, Melissa Officinalis Leaf Extract, Rosmarinus Officinalis (Rosemary) Extract, Aspalathus Linearis Extract, Jasminum Officinale (Jasmine) Extract, Thymus Vulgaris (Thyme) Extract, Tocophero<\/p>\n<p>Kilm\u0117s \u0161alis:\u00a0Piet\u0173\u00a0Kor\u0117ja<\/p>","protected":false},"excerpt":{"rendered":"<p>intensyviai dr\u0117kinanti ir stangrinanti lak\u0161tin\u0117 kauk\u0117 su PDRN ir egzosomomis, 28g<\/p>","protected":false},"featured_media":14064,"comment_status":"open","ping_status":"closed","template":"","meta":[],"product_cat":[128,420],"product_tag":[],"class_list":{"0":"post-14063","1":"product","2":"type-product","3":"status-publish","4":"has-post-thumbnail","6":"product_cat-kaukes","7":"product_cat-veido-kaukes","8":"pa_brands-dermaline","10":"first","11":"instock","12":"taxable","13":"shipping-taxable","14":"purchasable","15":"product-type-simple"},"_links":{"self":[{"href":"https:\/\/miamedic.lt\/en\/wp-json\/wp\/v2\/product\/14063","targetHints":{"allow":["GET"]}}],"collection":[{"href":"https:\/\/miamedic.lt\/en\/wp-json\/wp\/v2\/product"}],"about":[{"href":"https:\/\/miamedic.lt\/en\/wp-json\/wp\/v2\/types\/product"}],"replies":[{"embeddable":true,"href":"https:\/\/miamedic.lt\/en\/wp-json\/wp\/v2\/comments?post=14063"}],"version-history":[{"count":1,"href":"https:\/\/miamedic.lt\/en\/wp-json\/wp\/v2\/product\/14063\/revisions"}],"predecessor-version":[{"id":14065,"href":"https:\/\/miamedic.lt\/en\/wp-json\/wp\/v2\/product\/14063\/revisions\/14065"}],"wp:featuredmedia":[{"embeddable":true,"href":"https:\/\/miamedic.lt\/en\/wp-json\/wp\/v2\/media\/14064"}],"wp:attachment":[{"href":"https:\/\/miamedic.lt\/en\/wp-json\/wp\/v2\/media?parent=14063"}],"wp:term":[{"taxonomy":"product_cat","embeddable":true,"href":"https:\/\/miamedic.lt\/en\/wp-json\/wp\/v2\/product_cat?post=14063"},{"taxonomy":"product_tag","embeddable":true,"href":"https:\/\/miamedic.lt\/en\/wp-json\/wp\/v2\/product_tag?post=14063"}],"curies":[{"name":"wp","href":"https:\/\/api.w.org\/{rel}","templated":true}]}}