{"id":14059,"date":"2026-05-04T12:35:30","date_gmt":"2026-05-04T12:35:30","guid":{"rendered":"https:\/\/miamedic.lt\/?post_type=product&#038;p=14059"},"modified":"2026-05-04T21:20:36","modified_gmt":"2026-05-04T21:20:36","slug":"dermaline-pdrn-solution-tonic","status":"publish","type":"product","link":"https:\/\/miamedic.lt\/en\/shop\/dermaline-pdrn-solution-tonic\/","title":{"rendered":"DERMALINE PDRN SOLUTION TONIC"},"content":{"rendered":"<p>Tonikas sukurtas kaip pirmasis \u017eingsnis intensyvioje odos prie\u017ei\u016bros rutinoje, padedantis atkurti odos balans\u0105 po prausimo ir paruo\u0161ti j\u0105 tolimesn\u0117ms priemon\u0117ms. Formul\u0117je esantis PDRN (1 000 ppm) padeda skatinti odos<br \/>\nregeneracij\u0105, gerina odos elastingum\u0105, suteikia sveiko \u0161vyt\u0117jimo, intensyviai dr\u0117kina ir ramina od\u0105.<\/p>\n<p>Tonikas praturtintas ingredientais, kurie veikia keliomis kryptimis:<br \/>\nPeptidai ir PDRN veikia kartu, suteikdami odai elastingumo ir glotnumo.<\/p>\n<p><strong>\u2022 Glutationas (Glutathione)<\/strong>\u00a0stiprus antioksidantas padeda \u0161viesinti od\u0105 apsaugo nuo oksidacinio sen\u0117jimo<br \/>\n<strong>\u2022 PDRN (Polydeoxyribonucleotide)<\/strong>\u00a0\u2013 padeda skatinti odos l\u0105steli\u0173 atsinaujinim\u0105, gerina elastingum\u0105 ir stiprina odos barjer\u0105. Taip pat padeda atkurti pavargusi\u0105, papilk\u0117jusi\u0105 ir dr\u0117gm\u0117s stokojan\u010di\u0105 od\u0105, suteikdamas jai stangrumo ir \u0161vyt\u0117jimo.<br \/>\n<strong>\u2022 Peptidai ( sh-Oligopeptide-1 = EGF (Epidermal Growth Factor)- epidermio augimo faktorius, sh-Oligopeptide-2, sh-Polypeptide-1, sh-Polypeptide-22.)<\/strong>\u00a0signalin\u0117s aminor\u016bg\u0161\u010di\u0173 sekos, skatinan\u010dios kolageno sintez\u0119 ir stiprinan\u010dios odos barjer\u0105.<br \/>\n<strong>\u2022 Niacinamidas<\/strong>\u00a0\u2013 padeda \u0161viesinti odos atspalv\u012f, ma\u017einti pigmentacijos netolygumus ir stiprinti odos barjer\u0105.<br \/>\n<strong>\u2022 Trehaloz\u0117 ir betainas<\/strong>\u00a0\u2013 intensyviai dr\u0117kina, ramina ir padeda palaikyti dr\u0117gm\u0117s balans\u0105 vis\u0105 dien\u0105.<br \/>\n<strong>\u2022 Ber\u017eo sula ir ro\u017ei\u0173 vandu<\/strong>o \u2013 suteikia odai gaivumo, \u0161velnumo ir nat\u016bralaus \u0161vyt\u0117jimo.<br \/>\n<strong>\u2022 Fermentuoti ekstraktai (soj\u0173, pupeli\u0173, l\u0119\u0161i\u0173, mieli\u0173)<\/strong>\u00a0\u2013 padeda maitinti od\u0105 ir gerinti jos tekst\u016br\u0105.<br \/>\n<strong>\u2022 Adenozinas<\/strong>\u00a0\u2013 padeda ma\u017einti smulki\u0173 linij\u0173 ir rauk\u0161li\u0173 i\u0161vaizd\u0105.<\/p>\n<p>Reguliariai naudojant tonik\u0105, oda tampa:<br \/>\n\u2022 skaistesn\u0117 ir tolygesnio atspalvio<br \/>\n\u2022 geriau sudr\u0117kinta ir elastingesn\u0117<\/p>\n<p>\u2022 ma\u017eiau linkusi \u012f tempimo poj\u016bt\u012f po prausimo<br \/>\n\u2022 vizualiai pails\u0117jusi ir gyvybingesn\u0117<\/p>\n<p><strong>Usage:<\/strong><\/p>\n<p>Po prausimosi sudr\u0117kinti vatos diskel\u012f toniku ir \u0161velniai nuvalyti veido, kaklo ir dekolt\u0117 od\u0105. Naudoti prie\u0161 serum\u0105 ir krem\u0105.<\/p>\n<p><strong>Sud\u0117tis (INCI):\u00a0<\/strong>Water, Butylene Glycol, Dipropylene Glycol, Methylpropanediol, 1,2-Hexanediol, Niacinamide, Hydroxyethyl Urea, Sodium DNA, Trehalose, Betaine, Betula Alba Juice, Anemarrhena Asphodeloides Root Extract, Akebia Quinata Extract, Pueraria Mirifica Root Extract, Rosa Centifolia Flower Water, Glycerin, Allantoin, Panthenol, Propanediol, Dipotassium Glycyrrhizate, Aloe Barbadensis Leaf Extract, Lactobacillus Ferment Lysate, Phaseolus Radiatus Seed Extract, Glycine Soja Seed Extract, Lens Esculenta Seed Extract, Canavalia Gladiata Seed Extract, Pueraria Lobata Root Extract, Ceratonia Siliqua Seed Extract, Disodium EDTA, Sodium Polyglutamate, Hydrolyzed Sclerotium Gum, Adenosine, Octyldodecanol, Madecassoside, Hydrogenated Lecithin, Maltodextrin, Biosaccharide Gum-1, Ceramide NP, Imperata Cylindrica Root Extract, Triethanolamine, Carbomer, Asiaticoside, Eclipta Prostrata Leaf Extract, Ethylhexylglycerin, Beta-Glucan, Glutathione, Caprylyl Glycol, Dextrin, Sodium Hyaluronate, Arginine, Calcium Carbonate, Hydroxypropyl Methylcellulose, sh-Oligopeptide-1, sh-Oligopeptide-2, sh-Polypeptide-1, sh-Polypeptide-22.<\/p>\n<p>Kilm\u0117s \u0161alis: Piet\u0173 Kor\u0117ja<\/p>","protected":false},"excerpt":{"rendered":"<p>dvigubo poveikio, \u0161viesinantis ir odos b\u016bkl\u0119 gerinantis veido tonikas, 200 ml<\/p>","protected":false},"featured_media":14060,"comment_status":"open","ping_status":"closed","template":"","meta":[],"product_cat":[105],"product_tag":[],"class_list":{"0":"post-14059","1":"product","2":"type-product","3":"status-publish","4":"has-post-thumbnail","6":"product_cat-tonikai","7":"pa_brands-dermaline","9":"first","10":"instock","11":"taxable","12":"shipping-taxable","13":"purchasable","14":"product-type-simple"},"_links":{"self":[{"href":"https:\/\/miamedic.lt\/en\/wp-json\/wp\/v2\/product\/14059","targetHints":{"allow":["GET"]}}],"collection":[{"href":"https:\/\/miamedic.lt\/en\/wp-json\/wp\/v2\/product"}],"about":[{"href":"https:\/\/miamedic.lt\/en\/wp-json\/wp\/v2\/types\/product"}],"replies":[{"embeddable":true,"href":"https:\/\/miamedic.lt\/en\/wp-json\/wp\/v2\/comments?post=14059"}],"version-history":[{"count":1,"href":"https:\/\/miamedic.lt\/en\/wp-json\/wp\/v2\/product\/14059\/revisions"}],"predecessor-version":[{"id":14062,"href":"https:\/\/miamedic.lt\/en\/wp-json\/wp\/v2\/product\/14059\/revisions\/14062"}],"wp:featuredmedia":[{"embeddable":true,"href":"https:\/\/miamedic.lt\/en\/wp-json\/wp\/v2\/media\/14060"}],"wp:attachment":[{"href":"https:\/\/miamedic.lt\/en\/wp-json\/wp\/v2\/media?parent=14059"}],"wp:term":[{"taxonomy":"product_cat","embeddable":true,"href":"https:\/\/miamedic.lt\/en\/wp-json\/wp\/v2\/product_cat?post=14059"},{"taxonomy":"product_tag","embeddable":true,"href":"https:\/\/miamedic.lt\/en\/wp-json\/wp\/v2\/product_tag?post=14059"}],"curies":[{"name":"wp","href":"https:\/\/api.w.org\/{rel}","templated":true}]}}