{"id":14053,"date":"2026-05-04T12:15:48","date_gmt":"2026-05-04T12:15:48","guid":{"rendered":"https:\/\/miamedic.lt\/?post_type=product&#038;p=14053"},"modified":"2026-05-04T21:20:01","modified_gmt":"2026-05-04T21:20:01","slug":"dermaline-pdrn-solution-eye-patch-dvigubo-poveikio-hidrogelio-paakiu-kaukes-su-pdrn-60-vnt","status":"publish","type":"product","link":"https:\/\/miamedic.lt\/en\/shop\/dermaline-pdrn-solution-eye-patch-dvigubo-poveikio-hidrogelio-paakiu-kaukes-su-pdrn-60-vnt\/","title":{"rendered":"DERMALINE PDRN SOLUTION EYE PATCH"},"content":{"rendered":"<p><strong>DERMALINE PDRN SOLUTION EYE PATCH \u2013 dvigubo poveikio hidrogelio paaki\u0173 kauk\u0117s su PDRN, 60 vnt.<\/strong><\/p>\n<p>Paaki\u0173 hidrogelio kauk\u0117s sukurtos kaip intensyvi, greitai veikianti priemon\u0117 pavargusiai, sausai ir jautriai paaki\u0173 sri\u010diai. Formul\u0117je esantis PDRN (2 580 ppm) padeda skatinti odos l\u0105steli\u0173 atsinaujinim\u0105, gerina elastingum\u0105 ir suteikia paakiams gyvybingumo, ma\u017eina paaki\u0173 srities patams\u0117jimus ir paburkimus.<\/p>\n<p>Paaki\u0173 hidrogelio kauk\u0117s pasi\u017eymi ypa\u010d turtinga sud\u0117timi:<br \/>\n<strong>\u2022 Niacinamidas<\/strong>\u00a0\u2013 skaistina od\u0105 ir ma\u017eina patams\u0117jimus paaki\u0173 zonoje.<br \/>\n<strong>\u2022 Allantoinas<\/strong>\u00a0\u2013 ramina, ma\u017eina paraudim\u0105 ir padeda atkurti jautri\u0105 od\u0105.<br \/>\n<strong>\u2022 Tokoferolis (vitaminas E)<\/strong>\u00a0\u2013 antioksidantas, apsauga nuo laisv\u0173j\u0173 radikal\u0173, suteikia odai stangrumo.<br \/>\n<strong>\u2022 Calendula, Jasmine, Green Tea, Rosemary, Melissa, Rooibos ekstraktai<\/strong>\u00a0\u2013 ramina, dr\u0117kina ir suteikia antioksidacin\u0119 apsaug\u0105.<br \/>\n<strong>\u2022 Dipotassium Glycyrrhizate<\/strong>\u00a0\u2013 padeda ma\u017einti sudirgim\u0105 ir stiprina odos barjer\u0105, ma\u017eina paburkimus.<br \/>\n<strong>\u2022 Hialuronas (hidrogelio dr\u0117kikliai)<\/strong>\u00a0\u2013 suteikia ilgalaik\u012f dr\u0117kinim\u0105.<br \/>\n<strong>\u2022 PDRN (Polydeoxyribonucleotide)<\/strong>\u00a0\u2013 padeda skatinti odos l\u0105steli\u0173 atsinaujinim\u0105, gerina elastingum\u0105 ir stiprina odos barjer\u0105. Taip pat padeda atkurti pavargusi\u0105, papilk\u0117jusi\u0105 ir dr\u0117gm\u0117s stokojan\u010di\u0105 od\u0105, suteikdamas jai stangrumo ir \u0161vyt\u0117jimo.<\/p>\n<p>Dermaline hidrogelio kauk\u0117s suteikia v\u0117sinant\u012f, raminant\u012f poj\u016bt\u012f ir puikiai priglunda prie odos, nepalikdamos lipnumo. \u0160ios inovatyvios hidrogelio kauk\u0117s gali b\u016bti naudojamos ne tik paaki\u0173 zonoje, bet ir nosies\u2013l\u016bp\u0173 srityje.<\/p>\n<p><strong>Naudojimas<\/strong><\/p>\n<p>Nuvalykite veido od\u0105, atsargiai paimkite hidrogelio padelius, naudojant pridedam\u0105 mentel\u0119. U\u017ed\u0117kite paaki\u0173 srityje arba nosies\/l\u016bp\u0173 zonoje.<br \/>\nLaikykite 20\u201330 min., nuimkite ir \u0161velniai \u012ftap\u0161nokite.<\/p>\n<p><strong>Sud\u0117tis (INCI):<\/strong>\u00a0Vanduo, Glycerin, Carrageenan, Ceratonia Siliqua (Carob) Gum, Butylene Glycol, Cyamopsis Tetragonoloba (Guar) Gum, Glucomannan, Sodium DNA, Hydroxyacetophenone, Calcium Chloride, Allantoin, Chlorphenesin, Titanium Dioxide (CI 77891), Calendula Officinalis Flower, Cellulose Gum, Polyglyceryl-10 Laurate, Propanediol, Potassium Chloride, Sucrose, Calcium Lactate, Ethylhexylglycerin, Disodium EDTA, Dipotassium Glycyrrhizate, Parfum, Hexyl Cinnamal, Linalool, Limonene, Chrysanthemum Indicum Flower Extract, Camellia Sinensis Leaf Extract, Melissa Officinalis Leaf Extract, Rosmarinus Officinalis (Rosemary) Extract, Aspalathus Linearis Extract, Jasminum Officinale (Jasmine) Extract, Thymus Vulgaris (Thyme) Extract, Tocophero Kilm\u0117s \u0161alis:\u00a0Piet\u0173\u00a0Kor\u0117ja<\/p>","protected":false},"excerpt":{"rendered":"<p>dvigubo poveikio hidrogelio paaki\u0173 kauk\u0117s su PDRN, 60 vnt.<\/p>","protected":false},"featured_media":14054,"comment_status":"open","ping_status":"closed","template":"","meta":[],"product_cat":[419],"product_tag":[],"class_list":{"0":"post-14053","1":"product","2":"type-product","3":"status-publish","4":"has-post-thumbnail","6":"product_cat-paakiu-kaukes","7":"pa_brands-dermaline","9":"first","10":"instock","11":"taxable","12":"shipping-taxable","13":"purchasable","14":"product-type-simple"},"_links":{"self":[{"href":"https:\/\/miamedic.lt\/en\/wp-json\/wp\/v2\/product\/14053","targetHints":{"allow":["GET"]}}],"collection":[{"href":"https:\/\/miamedic.lt\/en\/wp-json\/wp\/v2\/product"}],"about":[{"href":"https:\/\/miamedic.lt\/en\/wp-json\/wp\/v2\/types\/product"}],"replies":[{"embeddable":true,"href":"https:\/\/miamedic.lt\/en\/wp-json\/wp\/v2\/comments?post=14053"}],"version-history":[{"count":2,"href":"https:\/\/miamedic.lt\/en\/wp-json\/wp\/v2\/product\/14053\/revisions"}],"predecessor-version":[{"id":14058,"href":"https:\/\/miamedic.lt\/en\/wp-json\/wp\/v2\/product\/14053\/revisions\/14058"}],"wp:featuredmedia":[{"embeddable":true,"href":"https:\/\/miamedic.lt\/en\/wp-json\/wp\/v2\/media\/14054"}],"wp:attachment":[{"href":"https:\/\/miamedic.lt\/en\/wp-json\/wp\/v2\/media?parent=14053"}],"wp:term":[{"taxonomy":"product_cat","embeddable":true,"href":"https:\/\/miamedic.lt\/en\/wp-json\/wp\/v2\/product_cat?post=14053"},{"taxonomy":"product_tag","embeddable":true,"href":"https:\/\/miamedic.lt\/en\/wp-json\/wp\/v2\/product_tag?post=14053"}],"curies":[{"name":"wp","href":"https:\/\/api.w.org\/{rel}","templated":true}]}}