{"id":13717,"date":"2026-03-25T14:24:01","date_gmt":"2026-03-25T14:24:01","guid":{"rendered":"https:\/\/miamedic.lt\/?post_type=product&#038;p=13717"},"modified":"2026-03-26T10:40:33","modified_gmt":"2026-03-26T10:40:33","slug":"valmont-hydra3-contour","status":"publish","type":"product","link":"https:\/\/miamedic.lt\/en\/shop\/valmont-hydra3-contour\/","title":{"rendered":"Valmont HYDRA3 CONTOUR"},"content":{"rendered":"<p data-start=\"0\" data-end=\"80\"><strong data-start=\"0\" data-end=\"80\">Valmont Hydra3 Contour \u2013 intensyviai dr\u0117kinantis ir gaivinantis paaki\u0173 gelis<\/strong><\/p>\n<p data-start=\"82\" data-end=\"503\">Lengvos, gaivios gelio tekst\u016bros priemon\u0117, sukurta <strong data-start=\"133\" data-end=\"205\">akimirksniu sudr\u0117kinti, i\u0161lyginti ir atgaivinti jautri\u0105 paaki\u0173 srit\u012f<\/strong>. Formul\u0117 su pa\u017eangia dr\u0117kinam\u0105ja matrica veikia skirtinguose odos sluoksniuose, padeda i\u0161laikyti ilgalaik\u012f dr\u0117gm\u0117s balans\u0105, stiprina odos barjer\u0105 ir suteikia komforto poj\u016bt\u012f. Paaki\u0173 oda tampa lygesn\u0117, skaistesn\u0117, o \u017evilgsnis \u2013 gaivesnis ir labiau pails\u0117j\u0119s.<\/p>\n<p data-start=\"505\" data-end=\"518\"><strong data-start=\"505\" data-end=\"518\">Effect:<\/strong><\/p>\n<p data-start=\"520\" data-end=\"835\">\u2022 Intensyviai dr\u0117kina ir palaiko ilgalaik\u012f dr\u0117gm\u0117s balans\u0105<br data-start=\"578\" data-end=\"581\" \/>\u2022 Lygina smulkias linijas ir ma\u017eina dehidratacijos po\u017eymius<br data-start=\"640\" data-end=\"643\" \/>\u2022 Stiprina odos barjer\u0105 ir palaiko mikrobiomo balans\u0105<br data-start=\"696\" data-end=\"699\" \/>\u2022 Gaivina paaki\u0173 srit\u012f ir ma\u017eina nuovargio po\u017eymius<br data-start=\"750\" data-end=\"753\" \/>\u2022 Suteikia \u017evilgsniui skaistumo ir gaivumo<\/p>\n<p data-start=\"837\" data-end=\"852\"><strong data-start=\"837\" data-end=\"852\">Usage:<\/strong><\/p>\n<p data-start=\"854\" data-end=\"1066\">Naudoti pagal kosmetologo rekomendacijas. Ryte ir (arba) vakare nedidel\u012f kiek\u012f priemon\u0117s \u0161velniais tap\u0161nojimo judesiais tepti ant \u0161varios paaki\u0173 odos, kol visi\u0161kai \u012fsigers.<\/p>\n<p data-start=\"1068\" data-end=\"1247\">Tinka vis\u0173 tip\u0173 odai, ypa\u010d dehidratuotai, linkusiai \u012f smulkias rauk\u0161leles ar pavargusios i\u0161vaizdos paaki\u0173 sri\u010diai, siekiant intensyvaus dr\u0117kinimo, komforto ir gaivesnio \u017evilgsnio.<\/p>","protected":false},"excerpt":{"rendered":"<p>Intensyviai dr\u0117kinantis ir gaivinantis paaki\u0173 gelis<\/p>","protected":false},"featured_media":13718,"comment_status":"open","ping_status":"closed","template":"","meta":[],"product_cat":[417,83],"product_tag":[],"class_list":{"0":"post-13717","1":"product","2":"type-product","3":"status-publish","4":"has-post-thumbnail","6":"product_cat-is-clinical-ir-valmont","7":"product_cat-paakiu-kremai","8":"pa_brands-valmont","9":"pa_talpa-15ml","11":"first","12":"instock","13":"taxable","14":"shipping-taxable","15":"purchasable","16":"product-type-simple"},"_links":{"self":[{"href":"https:\/\/miamedic.lt\/en\/wp-json\/wp\/v2\/product\/13717","targetHints":{"allow":["GET"]}}],"collection":[{"href":"https:\/\/miamedic.lt\/en\/wp-json\/wp\/v2\/product"}],"about":[{"href":"https:\/\/miamedic.lt\/en\/wp-json\/wp\/v2\/types\/product"}],"replies":[{"embeddable":true,"href":"https:\/\/miamedic.lt\/en\/wp-json\/wp\/v2\/comments?post=13717"}],"version-history":[{"count":1,"href":"https:\/\/miamedic.lt\/en\/wp-json\/wp\/v2\/product\/13717\/revisions"}],"predecessor-version":[{"id":13720,"href":"https:\/\/miamedic.lt\/en\/wp-json\/wp\/v2\/product\/13717\/revisions\/13720"}],"wp:featuredmedia":[{"embeddable":true,"href":"https:\/\/miamedic.lt\/en\/wp-json\/wp\/v2\/media\/13718"}],"wp:attachment":[{"href":"https:\/\/miamedic.lt\/en\/wp-json\/wp\/v2\/media?parent=13717"}],"wp:term":[{"taxonomy":"product_cat","embeddable":true,"href":"https:\/\/miamedic.lt\/en\/wp-json\/wp\/v2\/product_cat?post=13717"},{"taxonomy":"product_tag","embeddable":true,"href":"https:\/\/miamedic.lt\/en\/wp-json\/wp\/v2\/product_tag?post=13717"}],"curies":[{"name":"wp","href":"https:\/\/api.w.org\/{rel}","templated":true}]}}