{"id":13713,"date":"2026-03-25T14:21:20","date_gmt":"2026-03-25T14:21:20","guid":{"rendered":"https:\/\/miamedic.lt\/?post_type=product&#038;p=13713"},"modified":"2026-03-26T10:40:51","modified_gmt":"2026-03-26T10:40:51","slug":"valmont-hydra3-mask","status":"publish","type":"product","link":"https:\/\/miamedic.lt\/en\/shop\/valmont-hydra3-mask\/","title":{"rendered":"Valmont HYDRA3 MASK"},"content":{"rendered":"<p data-start=\"0\" data-end=\"78\"><strong data-start=\"0\" data-end=\"78\">Valmont Hydra3 Mask \u2013 intensyviai dr\u0117kinanti ir od\u0105 atstatanti veido kauk\u0117<\/strong><\/p>\n<p data-start=\"80\" data-end=\"476\">Kremin\u0117s, \u0161velniai tirpstan\u010dios tekst\u016bros kauk\u0117, sukurta intensyviai <strong data-start=\"149\" data-end=\"231\">prisotinti od\u0105 dr\u0117gme, atkurti komfort\u0105 ir suteikti jai glotnumo bei spindesio<\/strong>. Formul\u0117 veikia kaip gilumin\u0117s hidratacijos \u201evonel\u0117\u201c, kuri ne tik \u012fveda dr\u0117gm\u0119 \u012f od\u0105, bet ir padeda j\u0105 i\u0161laikyti net po nuplovimo. Vos per 20 minu\u010di\u0173 oda tampa \u0161velnesn\u0117, lygesn\u0117 ir akivaizd\u017eiai gaivesn\u0117.<\/p>\n<p data-start=\"478\" data-end=\"491\"><strong data-start=\"478\" data-end=\"491\">Effect:<\/strong><\/p>\n<p data-start=\"493\" data-end=\"779\">\u2022 Intensyviai dr\u0117kina ir atkuria odos dr\u0117gm\u0117s balans\u0105<br data-start=\"546\" data-end=\"549\" \/>\u2022 Putlina od\u0105 ir ma\u017eina dehidratacijos linij\u0173 matomum\u0105<br data-start=\"603\" data-end=\"606\" \/>\u2022 Stiprina odos apsaugin\u012f barjer\u0105<br data-start=\"639\" data-end=\"642\" \/>\u2022 Ramina od\u0105 ir ma\u017eina tempimo poj\u016bt\u012f<br data-start=\"679\" data-end=\"682\" \/>\u2022 Suteikia odai glotnumo, mink\u0161tumo ir nat\u016bral\u0173 \u0161vyt\u0117jim\u0105<\/p>\n<p data-start=\"781\" data-end=\"796\"><strong data-start=\"781\" data-end=\"796\">Usage:<\/strong><\/p>\n<p data-start=\"798\" data-end=\"1169\">Naudoti pagal kosmetologo rekomendacijas. 1\u20132 kartus per savait\u0119 tepti storesn\u012f sluoksn\u012f ant \u0161varios veido odos, vengiant aki\u0173 srities, palikti veikti apie 20 minu\u010di\u0173, tuomet nuplauti vandeniu arba nuvalyti dr\u0117gna servet\u0117le. Esant stipriai dehidratuotai odai, galima naudoti kaip intensyvi\u0105 kursin\u0119 priemon\u0119 kelias dienas i\u0161 eil\u0117s.<\/p>\n<p data-start=\"1171\" data-end=\"1328\">Tinka vis\u0173 tip\u0173 odai, ypa\u010d dehidratuotai, pavargusiai ar komfort\u0105 praradusiai odai, siekiant intensyvaus dr\u0117kinimo, odos atgaivinimo ir \u0161vytin\u010dios i\u0161vaizdos.<\/p>","protected":false},"excerpt":{"rendered":"<p>Intensyviai dr\u0117kinanti ir od\u0105 atstatanti veido kauk\u0117<\/p>","protected":false},"featured_media":13714,"comment_status":"open","ping_status":"closed","template":"","meta":[],"product_cat":[417,420],"product_tag":[],"class_list":{"0":"post-13713","1":"product","2":"type-product","3":"status-publish","4":"has-post-thumbnail","6":"product_cat-is-clinical-ir-valmont","7":"product_cat-veido-kaukes","8":"pa_brands-valmont","9":"pa_talpa-50ml-2","11":"first","12":"instock","13":"taxable","14":"shipping-taxable","15":"purchasable","16":"product-type-simple"},"_links":{"self":[{"href":"https:\/\/miamedic.lt\/en\/wp-json\/wp\/v2\/product\/13713","targetHints":{"allow":["GET"]}}],"collection":[{"href":"https:\/\/miamedic.lt\/en\/wp-json\/wp\/v2\/product"}],"about":[{"href":"https:\/\/miamedic.lt\/en\/wp-json\/wp\/v2\/types\/product"}],"replies":[{"embeddable":true,"href":"https:\/\/miamedic.lt\/en\/wp-json\/wp\/v2\/comments?post=13713"}],"version-history":[{"count":1,"href":"https:\/\/miamedic.lt\/en\/wp-json\/wp\/v2\/product\/13713\/revisions"}],"predecessor-version":[{"id":13716,"href":"https:\/\/miamedic.lt\/en\/wp-json\/wp\/v2\/product\/13713\/revisions\/13716"}],"wp:featuredmedia":[{"embeddable":true,"href":"https:\/\/miamedic.lt\/en\/wp-json\/wp\/v2\/media\/13714"}],"wp:attachment":[{"href":"https:\/\/miamedic.lt\/en\/wp-json\/wp\/v2\/media?parent=13713"}],"wp:term":[{"taxonomy":"product_cat","embeddable":true,"href":"https:\/\/miamedic.lt\/en\/wp-json\/wp\/v2\/product_cat?post=13713"},{"taxonomy":"product_tag","embeddable":true,"href":"https:\/\/miamedic.lt\/en\/wp-json\/wp\/v2\/product_tag?post=13713"}],"curies":[{"name":"wp","href":"https:\/\/api.w.org\/{rel}","templated":true}]}}