{"id":13706,"date":"2026-03-25T14:16:44","date_gmt":"2026-03-25T14:16:44","guid":{"rendered":"https:\/\/miamedic.lt\/?post_type=product&#038;p=13706"},"modified":"2026-03-26T10:41:02","modified_gmt":"2026-03-26T10:41:02","slug":"valmont-hydra3-charging-cream","status":"publish","type":"product","link":"https:\/\/miamedic.lt\/en\/shop\/valmont-hydra3-charging-cream\/","title":{"rendered":"Valmont HYDRA3 CHARGING CREAM"},"content":{"rendered":"<p data-start=\"0\" data-end=\"91\"><strong data-start=\"0\" data-end=\"91\">Valmont Hydra3 Charging Cream \u2013 intensyviai dr\u0117kinantis ir od\u0105 atstatantis veido kremas<\/strong><\/p>\n<p data-start=\"93\" data-end=\"523\">Turtingos, \u0161velniai tirpstan\u010dios tekst\u016bros kremas, sukurtas <strong data-start=\"153\" data-end=\"233\">intensyviai dr\u0117kinti, atkurti odos komfort\u0105 ir sustiprinti apsaugin\u012f barjer\u0105<\/strong>. Formul\u0117 veikia kaip apsauginis dr\u0117gm\u0117s sluoksnis, kuris padeda i\u0161laikyti hidratacij\u0105 net iki 72 valand\u0173, suteikia odai mink\u0161tumo, elastingumo ir gaivumo poj\u016bt\u012f. Kremas padeda atgaivinti pavargusi\u0105, dehidratuot\u0105 od\u0105 ir atkurti jos nat\u016bral\u0173 spindes\u012f.<\/p>\n<p data-start=\"525\" data-end=\"538\"><strong data-start=\"525\" data-end=\"538\">Effect:<\/strong><\/p>\n<p data-start=\"540\" data-end=\"841\">\u2022 Intensyviai dr\u0117kina ir palaiko odos dr\u0117gm\u0119 iki 72 valand\u0173<br data-start=\"599\" data-end=\"602\" \/>\u2022 Atkuria ir stiprina odos apsaugin\u012f barjer\u0105<br data-start=\"646\" data-end=\"649\" \/>\u2022 Maitina ir mink\u0161tina od\u0105, ma\u017eina sausumo poj\u016bt\u012f<br data-start=\"698\" data-end=\"701\" \/>\u2022 Lygina odos tekst\u016br\u0105 ir suteikia putlumo<br data-start=\"743\" data-end=\"746\" \/>\u2022 Suteikia odai gaivumo, komforto ir nat\u016bral\u0173 \u0161vyt\u0117jim\u0105<\/p>\n<p data-start=\"843\" data-end=\"858\"><strong data-start=\"843\" data-end=\"858\">Usage:<\/strong><\/p>\n<p data-start=\"860\" data-end=\"1110\">Naudoti pagal kosmetologo rekomendacijas. Ryte ir (arba) vakare tepti ant \u0161varios veido ir kaklo odos, \u0161velniai \u012fmasa\u017euoti, kol visi\u0161kai \u012fsigers. Geriausiam rezultatui pasiekti rekomenduojama naudoti po serumo.<\/p>\n<p data-start=\"1112\" data-end=\"1283\">Tinka vis\u0173 tip\u0173 odai, ypa\u010d stipriai dehidratuotai, sausai ar komfort\u0105 praradusiai odai, siekiant ilgalaikio dr\u0117kinimo, elastingumo ir sveikai atrodan\u010dios, \u0161vytin\u010dios odos.<\/p>","protected":false},"excerpt":{"rendered":"<p>Intensyviai dr\u0117kinantis ir od\u0105 atstatantis veido kremas<\/p>","protected":false},"featured_media":13707,"comment_status":"open","ping_status":"closed","template":"","meta":[],"product_cat":[417,129],"product_tag":[],"class_list":{"0":"post-13706","1":"product","2":"type-product","3":"status-publish","4":"has-post-thumbnail","6":"product_cat-is-clinical-ir-valmont","7":"product_cat-veido-kremai","8":"pa_brands-valmont","9":"pa_talpa-50ml-2","11":"first","12":"instock","13":"taxable","14":"shipping-taxable","15":"purchasable","16":"product-type-simple"},"_links":{"self":[{"href":"https:\/\/miamedic.lt\/en\/wp-json\/wp\/v2\/product\/13706","targetHints":{"allow":["GET"]}}],"collection":[{"href":"https:\/\/miamedic.lt\/en\/wp-json\/wp\/v2\/product"}],"about":[{"href":"https:\/\/miamedic.lt\/en\/wp-json\/wp\/v2\/types\/product"}],"replies":[{"embeddable":true,"href":"https:\/\/miamedic.lt\/en\/wp-json\/wp\/v2\/comments?post=13706"}],"version-history":[{"count":1,"href":"https:\/\/miamedic.lt\/en\/wp-json\/wp\/v2\/product\/13706\/revisions"}],"predecessor-version":[{"id":13711,"href":"https:\/\/miamedic.lt\/en\/wp-json\/wp\/v2\/product\/13706\/revisions\/13711"}],"wp:featuredmedia":[{"embeddable":true,"href":"https:\/\/miamedic.lt\/en\/wp-json\/wp\/v2\/media\/13707"}],"wp:attachment":[{"href":"https:\/\/miamedic.lt\/en\/wp-json\/wp\/v2\/media?parent=13706"}],"wp:term":[{"taxonomy":"product_cat","embeddable":true,"href":"https:\/\/miamedic.lt\/en\/wp-json\/wp\/v2\/product_cat?post=13706"},{"taxonomy":"product_tag","embeddable":true,"href":"https:\/\/miamedic.lt\/en\/wp-json\/wp\/v2\/product_tag?post=13706"}],"curies":[{"name":"wp","href":"https:\/\/api.w.org\/{rel}","templated":true}]}}