{"id":13702,"date":"2026-03-25T14:13:18","date_gmt":"2026-03-25T14:13:18","guid":{"rendered":"https:\/\/miamedic.lt\/?post_type=product&#038;p=13702"},"modified":"2026-03-26T10:41:11","modified_gmt":"2026-03-26T10:41:11","slug":"valmont-hydra3-booster","status":"publish","type":"product","link":"https:\/\/miamedic.lt\/en\/shop\/valmont-hydra3-booster\/","title":{"rendered":"Valmont HYDRA3 BOOSTER"},"content":{"rendered":"<p data-start=\"0\" data-end=\"79\"><strong data-start=\"0\" data-end=\"79\">Valmont Hydra3 Booster \u2013 intensyviai dr\u0117kinantis ir od\u0105 putlinantis serumas<\/strong><\/p>\n<p data-start=\"81\" data-end=\"539\">Lengvos, gaivios gelio tekst\u016bros serumas, sukurtas akimirksniu <strong data-start=\"144\" data-end=\"230\">prisotinti od\u0105 dr\u0117gme, i\u0161lyginti jos pavir\u0161i\u0173 ir sustiprinti nat\u016bral\u0173 odos balans\u0105<\/strong>. Formul\u0117 su hialurono r\u016bg\u0161ties kompleksu ir pa\u017eangiais aktyviais ingredientais veikia skirtinguose odos sluoksniuose, padeda atkurti komfort\u0105, pagerina odos tekst\u016br\u0105 ir suteikia jai putlumo bei \u0161vyt\u0117jimo. Serumas greitai \u012fsigeria ir paruo\u0161ia od\u0105 tolimesnei prie\u017ei\u016brai.<\/p>\n<p data-start=\"541\" data-end=\"554\"><strong data-start=\"541\" data-end=\"554\">Effect:<\/strong><\/p>\n<p data-start=\"556\" data-end=\"864\">\u2022 Intensyviai dr\u0117kina ir prisotina od\u0105 dr\u0117gme<br data-start=\"601\" data-end=\"604\" \/>\u2022 Putlina od\u0105 ir ma\u017eina dehidratacijos linij\u0173 matomum\u0105<br data-start=\"658\" data-end=\"661\" \/>\u2022 Lygina odos tekst\u016br\u0105 ir ma\u017eina por\u0173 matomum\u0105<br data-start=\"707\" data-end=\"710\" \/>\u2022 Stiprina odos barjer\u0105 ir palaiko mikrobiomo balans\u0105<br data-start=\"763\" data-end=\"766\" \/>\u2022 Suteikia odai gaivumo, elastingumo ir nat\u016bral\u0173 \u0161vyt\u0117jim\u0105<\/p>\n<p data-start=\"866\" data-end=\"881\"><strong data-start=\"866\" data-end=\"881\">Usage:<\/strong><\/p>\n<p data-start=\"883\" data-end=\"1148\">Naudoti pagal kosmetologo rekomendacijas. Ryte ir (arba) vakare kelis paspaudimus serumo paskirstyti ant \u0161varios veido ir kaklo odos, \u0161velniai \u012fmasa\u017euoti, kol visi\u0161kai \u012fsigers. Po to naudoti krem\u0105, pritaikyt\u0105 odos poreikiams.<\/p>\n<p data-start=\"1150\" data-end=\"1324\">Tinka vis\u0173 tip\u0173 odai, ypa\u010d dehidratuotai, praradusiai elastingum\u0105 ar skaistum\u0105, siekiant intensyvaus dr\u0117kinimo, lygesn\u0117s tekst\u016bros ir putlesn\u0117s, gyvybingesn\u0117s odos i\u0161vaizdos.<\/p>","protected":false},"excerpt":{"rendered":"<p>Intensyviai dr\u0117kinantis ir od\u0105 putlinantis serumas<\/p>","protected":false},"featured_media":13703,"comment_status":"open","ping_status":"closed","template":"","meta":[],"product_cat":[417,107],"product_tag":[],"class_list":{"0":"post-13702","1":"product","2":"type-product","3":"status-publish","4":"has-post-thumbnail","6":"product_cat-is-clinical-ir-valmont","7":"product_cat-serumai","8":"pa_brands-valmont","9":"pa_talpa-30ml-2","11":"first","12":"instock","13":"taxable","14":"shipping-taxable","15":"purchasable","16":"product-type-simple"},"_links":{"self":[{"href":"https:\/\/miamedic.lt\/en\/wp-json\/wp\/v2\/product\/13702","targetHints":{"allow":["GET"]}}],"collection":[{"href":"https:\/\/miamedic.lt\/en\/wp-json\/wp\/v2\/product"}],"about":[{"href":"https:\/\/miamedic.lt\/en\/wp-json\/wp\/v2\/types\/product"}],"replies":[{"embeddable":true,"href":"https:\/\/miamedic.lt\/en\/wp-json\/wp\/v2\/comments?post=13702"}],"version-history":[{"count":1,"href":"https:\/\/miamedic.lt\/en\/wp-json\/wp\/v2\/product\/13702\/revisions"}],"predecessor-version":[{"id":13705,"href":"https:\/\/miamedic.lt\/en\/wp-json\/wp\/v2\/product\/13702\/revisions\/13705"}],"wp:featuredmedia":[{"embeddable":true,"href":"https:\/\/miamedic.lt\/en\/wp-json\/wp\/v2\/media\/13703"}],"wp:attachment":[{"href":"https:\/\/miamedic.lt\/en\/wp-json\/wp\/v2\/media?parent=13702"}],"wp:term":[{"taxonomy":"product_cat","embeddable":true,"href":"https:\/\/miamedic.lt\/en\/wp-json\/wp\/v2\/product_cat?post=13702"},{"taxonomy":"product_tag","embeddable":true,"href":"https:\/\/miamedic.lt\/en\/wp-json\/wp\/v2\/product_tag?post=13702"}],"curies":[{"name":"wp","href":"https:\/\/api.w.org\/{rel}","templated":true}]}}