{"id":13698,"date":"2026-03-25T14:09:47","date_gmt":"2026-03-25T14:09:47","guid":{"rendered":"https:\/\/miamedic.lt\/?post_type=product&#038;p=13698"},"modified":"2026-03-26T10:41:21","modified_gmt":"2026-03-26T10:41:21","slug":"valmont-hydra3-mist","status":"publish","type":"product","link":"https:\/\/miamedic.lt\/en\/shop\/valmont-hydra3-mist\/","title":{"rendered":"Valmont HYDRA3 MIST"},"content":{"rendered":"<p data-start=\"0\" data-end=\"73\"><strong data-start=\"0\" data-end=\"73\">Valmont Hydra3 Mist \u2013 dr\u0117kinanti ir gaivinanti veido bei k\u016bno dulksna<\/strong><\/p>\n<p data-start=\"75\" data-end=\"480\">Itin lengvos, mikro la\u0161eli\u0173 tekst\u016bros dulksna, skirta akimirksniu sudr\u0117kinti, nuraminti ir atgaivinti od\u0105. Formul\u0117 sukuria nematom\u0105 dr\u0117kinam\u0105j\u012f \u0161yd\u0105, kuris padeda atkurti odos komfort\u0105, paruo\u0161ia j\u0105 tolimesnei prie\u017ei\u016brai ir suteikia gaivumo poj\u016bt\u012f bet kuriuo dienos metu. Produktas taip pat gali b\u016bti naudojamas makia\u017eo fiksavimui ar odos atgaivinimui dienos eigoje.<\/p>\n<p data-start=\"482\" data-end=\"495\"><strong data-start=\"482\" data-end=\"495\">Effect:<\/strong><\/p>\n<p data-start=\"497\" data-end=\"738\">\u2022 Akimirksniu dr\u0117kina ir gaivina od\u0105<br data-start=\"533\" data-end=\"536\" \/>\u2022 Ramina tempimo poj\u016bt\u012f ir diskomfort\u0105<br data-start=\"574\" data-end=\"577\" \/>\u2022 Stiprina odos barjer\u0105 ir palaiko mikrobiomo balans\u0105<br data-start=\"630\" data-end=\"633\" \/>\u2022 Paruo\u0161ia od\u0105 tolimesn\u0117ms prie\u017ei\u016bros priemon\u0117ms<br data-start=\"681\" data-end=\"684\" \/>\u2022 Pagerina makia\u017eo i\u0161silaikym\u0105 ir suteikia \u0161vyt\u0117jimo<\/p>\n<p data-start=\"740\" data-end=\"755\"><strong data-start=\"740\" data-end=\"755\">Usage:<\/strong><\/p>\n<p data-start=\"757\" data-end=\"999\">Naudoti pagal poreik\u012f. Purk\u0161ti ant \u0161varios veido ar k\u016bno odos i\u0161 ma\u017edaug 15\u201320 cm atstumo, u\u017emerktomis akimis. Galima naudoti prie\u0161 odos prie\u017ei\u016bros rutin\u0105, po makia\u017eo arba dienos metu odos atgaivinimui.<\/p>\n<p data-start=\"1001\" data-end=\"1152\">Tinka vis\u0173 tip\u0173 odai, ypa\u010d dehidratuotai, jau\u010dian\u010diai tempim\u0105 ar praradusiai gaivum\u0105, siekiant greito dr\u0117kinimo, komforto ir \u0161vytin\u010dios odos i\u0161vaizdos.<\/p>","protected":false},"excerpt":{"rendered":"<p>Dr\u0117kinanti ir gaivinanti veido bei k\u016bno dulksna<\/p>","protected":false},"featured_media":13699,"comment_status":"open","ping_status":"closed","template":"","meta":[],"product_cat":[417,143,224],"product_tag":[],"class_list":{"0":"post-13698","1":"product","2":"type-product","3":"status-publish","4":"has-post-thumbnail","6":"product_cat-is-clinical-ir-valmont","7":"product_cat-purskikliai","8":"product_cat-dulksnos","9":"pa_brands-valmont","10":"pa_talpa-150ml","12":"first","13":"instock","14":"taxable","15":"shipping-taxable","16":"purchasable","17":"product-type-simple"},"_links":{"self":[{"href":"https:\/\/miamedic.lt\/en\/wp-json\/wp\/v2\/product\/13698","targetHints":{"allow":["GET"]}}],"collection":[{"href":"https:\/\/miamedic.lt\/en\/wp-json\/wp\/v2\/product"}],"about":[{"href":"https:\/\/miamedic.lt\/en\/wp-json\/wp\/v2\/types\/product"}],"replies":[{"embeddable":true,"href":"https:\/\/miamedic.lt\/en\/wp-json\/wp\/v2\/comments?post=13698"}],"version-history":[{"count":1,"href":"https:\/\/miamedic.lt\/en\/wp-json\/wp\/v2\/product\/13698\/revisions"}],"predecessor-version":[{"id":13701,"href":"https:\/\/miamedic.lt\/en\/wp-json\/wp\/v2\/product\/13698\/revisions\/13701"}],"wp:featuredmedia":[{"embeddable":true,"href":"https:\/\/miamedic.lt\/en\/wp-json\/wp\/v2\/media\/13699"}],"wp:attachment":[{"href":"https:\/\/miamedic.lt\/en\/wp-json\/wp\/v2\/media?parent=13698"}],"wp:term":[{"taxonomy":"product_cat","embeddable":true,"href":"https:\/\/miamedic.lt\/en\/wp-json\/wp\/v2\/product_cat?post=13698"},{"taxonomy":"product_tag","embeddable":true,"href":"https:\/\/miamedic.lt\/en\/wp-json\/wp\/v2\/product_tag?post=13698"}],"curies":[{"name":"wp","href":"https:\/\/api.w.org\/{rel}","templated":true}]}}