{"id":13657,"date":"2026-03-10T09:48:21","date_gmt":"2026-03-10T09:48:21","guid":{"rendered":"https:\/\/miamedic.lt\/?post_type=product&#038;p=13657"},"modified":"2026-03-10T09:48:22","modified_gmt":"2026-03-10T09:48:22","slug":"liposomal-coq10-vitamin-c-blend","status":"publish","type":"product","link":"https:\/\/miamedic.lt\/en\/shop\/liposomal-coq10-vitamin-c-blend\/","title":{"rendered":"LIPOSOMAL CoQ10 &#038; vitamin C blend"},"content":{"rendered":"<p><strong>GOLDMAN LABORATORIES LIPOSOMAL<\/strong><strong>\u00a0CoQ10 &amp; vitamin C blend<\/strong><\/p>\n<p>Kapsuliuota liposomose\u00a0<strong>\u00a0<\/strong><\/p>\n<p><strong>Grynasis kiekis<\/strong>\u00a029 g\u00a0 60 kapsuli\u0173<\/p>\n<div>\n<div class=\"headline_2\">Sudedamosios dalys<\/div>\n<p>kofermentas Q10 (ubichinonas), emulsiklis (lecitinai (i\u0161 saul\u0117gr\u0105\u017e\u0173)), augalin\u0117s kilm\u0117s kapsul\u0117s apvalkalas (hidroksipropilmetilceliulioz\u0117), vitaminas C (L-askorbo r\u016bg\u0161tis).<\/p>\n<p>&nbsp;<\/p>\n<table border=\"1\">\n<tbody>\n<tr>\n<td>\u00a0<strong>Aktyviosios med\u017eiagos<\/strong><\/td>\n<td>\u00a0<strong>1 kapsul\u0117je (dienos doz\u0117je)<\/strong><\/td>\n<td>\u00a0\u00a0<strong>RMV, %*<\/strong><\/td>\n<\/tr>\n<tr>\n<td>\u00a0 Kofermentas Q10 200 mg<\/td>\n<td>\u00a0200 mg<\/td>\n<td>\/<\/td>\n<\/tr>\n<tr>\n<td>\u00a0Vitaminas C<\/td>\n<td>\u00a070 mg<\/td>\n<td>88<\/td>\n<\/tr>\n<\/tbody>\n<\/table>\n<p><strong>\u00a0\u00a0* \u2013 referencin\u0117 maistin\u0117 vert\u0117\u00a0<\/strong><\/p>\n<\/div>\n<div>\n<div class=\"headline_2\">Sud\u0117tyje n\u0117ra<\/div>\n<p>valgomosios druskos, krakmolo, soj\u0173, kvie\u010di\u0173, kukur\u016bz\u0173, glitimo, laktoz\u0117s, pieno produkt\u0173, dirbtini\u0173 konservant\u0173.<\/p>\n<\/div>\n<div>\n<div class=\"headline_2\">\u012esp\u0117jimai<\/div>\n<p>Nevir\u0161yti nustatytos rekomenduojamos paros doz\u0117s.<\/p>\n<p>Maisto papildas neturi b\u016bti vartojamas kaip maisto pakaitalas.<\/p>\n<p>Svarbu \u012fvairi ir subalansuota mityba bei sveikas gyvenimo b\u016bdas.<\/p>\n<p>Nevartoti jei yra padid\u0117j\u0119s jautrumas bet kuriai maisto papildo sudedamajai med\u017eiagai.<\/p>\n<p>Prie\u0161 vartojim\u0105 n\u0117\u0161tumo ir \u017eindymo laikotarpiu rekomenduojama pasitarti su gydytoju.<\/p>\n<p>Laikyti vaikams nepasiekiamoje vietoje.<\/p>\n<p>Nevartoti maisto papildo, jei pakuot\u0117 pa\u017eeista.<\/p>\n<\/div>\n<div>\n<div class=\"headline_2\">Laikymas<\/div>\n<p>Laikyti v\u0117sioje, tamsioje ir sausoje vietoje, sandariai u\u017edarytoje pakuot\u0117je.<\/p>\n<\/div>","protected":false},"excerpt":{"rendered":"<p>Maisto papildas<\/p>","protected":false},"featured_media":13658,"comment_status":"open","ping_status":"closed","template":"","meta":[],"product_cat":[198],"product_tag":[],"class_list":{"0":"post-13657","1":"product","2":"type-product","3":"status-publish","4":"has-post-thumbnail","6":"product_cat-papildai","7":"pa_brands-goldman-laboratories","8":"pa_talpa-60-kaps","10":"first","11":"instock","12":"taxable","13":"shipping-taxable","14":"purchasable","15":"product-type-simple"},"_links":{"self":[{"href":"https:\/\/miamedic.lt\/en\/wp-json\/wp\/v2\/product\/13657","targetHints":{"allow":["GET"]}}],"collection":[{"href":"https:\/\/miamedic.lt\/en\/wp-json\/wp\/v2\/product"}],"about":[{"href":"https:\/\/miamedic.lt\/en\/wp-json\/wp\/v2\/types\/product"}],"replies":[{"embeddable":true,"href":"https:\/\/miamedic.lt\/en\/wp-json\/wp\/v2\/comments?post=13657"}],"version-history":[{"count":1,"href":"https:\/\/miamedic.lt\/en\/wp-json\/wp\/v2\/product\/13657\/revisions"}],"predecessor-version":[{"id":13659,"href":"https:\/\/miamedic.lt\/en\/wp-json\/wp\/v2\/product\/13657\/revisions\/13659"}],"wp:featuredmedia":[{"embeddable":true,"href":"https:\/\/miamedic.lt\/en\/wp-json\/wp\/v2\/media\/13658"}],"wp:attachment":[{"href":"https:\/\/miamedic.lt\/en\/wp-json\/wp\/v2\/media?parent=13657"}],"wp:term":[{"taxonomy":"product_cat","embeddable":true,"href":"https:\/\/miamedic.lt\/en\/wp-json\/wp\/v2\/product_cat?post=13657"},{"taxonomy":"product_tag","embeddable":true,"href":"https:\/\/miamedic.lt\/en\/wp-json\/wp\/v2\/product_tag?post=13657"}],"curies":[{"name":"wp","href":"https:\/\/api.w.org\/{rel}","templated":true}]}}