{"id":13654,"date":"2026-03-10T09:12:20","date_gmt":"2026-03-10T09:12:20","guid":{"rendered":"https:\/\/miamedic.lt\/?post_type=product&#038;p=13654"},"modified":"2026-03-10T09:12:20","modified_gmt":"2026-03-10T09:12:20","slug":"dr-wolz-zell-oxygen-formula","status":"publish","type":"product","link":"https:\/\/miamedic.lt\/en\/shop\/dr-wolz-zell-oxygen-formula\/","title":{"rendered":"Dr. Wolz Zell Oxygen\u00ae formula"},"content":{"rendered":"<div id=\"productCard__leftWrapper\" class=\"productCard__leftWrapper\">\n<div class=\"productCard__imagesWrapper\"><\/div>\n<div class=\"productCard__whishlistCompare\"><span style=\"letter-spacing: 0.015em;\">Maisto papildas (Nr. MP-2508\/15*)<\/span><\/div>\n<\/div>\n<div class=\"productCard__rightWrapper\">\n<div class=\"productCard__shortDescription\">\n<p>Fermentini\u0173 mieli\u0173 l\u0105steli\u0173 Dr. Wolz\u00ae, bi\u010di\u0173 pienelio, sor\u0173 ekstrakto, soj\u0173 izoflavonoid\u0173 ir nakvi\u0161\u0173 aliejaus produktas moterims<\/p>\n<p>\u2713 Gamintojas:\u00a0Dr. Wolz Zell GmbH (Vokietija)<br \/>\n\u2713 Forma:\u00a0koncentruotas skystis<br \/>\n\u2713 Grynasis kiekis:\u00a014 buteliuk\u0173 po 20 ml (280 ml)<\/p>\n<p>* \u2013 Valstybin\u0117s veterinarijos ir maisto tarnybos Notifikuot\u0173 maisto papild\u0173 s\u0105ra\u0161as<\/p>\n<\/div>\n<p>Sudedamosios dalys:\u00a0fermentin\u0117s mieli\u0173 l\u0105stel\u0117s Dr. Wolz\u00ae (59 %), medus (26 %), obuoli\u0173 sultys i\u0161 obuoli\u0173 sul\u010di\u0173 koncentrato, vaisi\u0173 (apelsin\u0173, greipfrut\u0173, granat\u0173, citrin\u0173, \u0161altalanki\u0173) sul\u010di\u0173 koncentratas, deaktyvuotos sausos miel\u0117s, bi\u010di\u0173 pienelis (3 %), sor\u0173 ekstraktas (1,5 %),\u00a0kvie\u010di\u0173\u00a0gemal\u0173 aliejus, kra\u0161tuot\u0173j\u0173 malpigij\u0173 (acerola vy\u0161ni\u0173) sul\u010di\u0173 milteliai,\u00a0soj\u0173\u00a0koncentratas (0,7 %), nakvi\u0161\u0173 aliejus, nat\u016bralios kvapiosios med\u017eiagos, pantoteno r\u016bg\u0161tis (kalcio D-pantotenatas), biotinas (D-biotinas), vitaminas D3 (cholekalciferolis).<\/p>\n<table id=\"tablepress-17-no-7\">\n<caption>\u00a0<\/caption>\n<tbody>\n<tr>\n<td>Maistin\u0117s ar kitos med\u017eiagos, turin\u010dios mitybin\u012f ar fiziologin\u012f poveik\u012f<\/td>\n<td>1 buteliuke (20 ml) (rekomenduojamoje paros doz\u0117je)<\/td>\n<td>RMV *<\/td>\n<\/tr>\n<tr>\n<td>Pantoteno r\u016bg\u0161tis<\/td>\n<td>6 mg<\/td>\n<td>100 %<\/td>\n<\/tr>\n<tr>\n<td>Biotinas<\/td>\n<td>150 \u03bcg<\/td>\n<td>300 %<\/td>\n<\/tr>\n<tr>\n<td>Vitaminas D3<\/td>\n<td>5 \u03bcg = 200 TV<\/td>\n<td>100 %<\/td>\n<\/tr>\n<tr>\n<td>Bi\u010di\u0173 pienelis<\/td>\n<td>600 mg<\/td>\n<td>&#8211;<\/td>\n<\/tr>\n<tr>\n<td>Sor\u0173 ekstraktas 10:1<\/td>\n<td>300 mg<\/td>\n<td>&#8211;<\/td>\n<\/tr>\n<tr>\n<td>Soj\u0173 izoflavonoidai<\/td>\n<td>60 mg<\/td>\n<td>&#8211;<\/td>\n<\/tr>\n<tr>\n<td>Fermentin\u0117s mieli\u0173 l\u0105stel\u0117s Dr. Wolz\u00ae<\/td>\n<td>12 g = 120 mlrd.<\/td>\n<td><\/td>\n<\/tr>\n<\/tbody>\n<\/table>\n<p>* Referencin\u0117 maistin\u0117 vert\u0117 procentais.<\/p>\n<p>Galimi \u0161i\u0173 reik\u0161mi\u0173 \u012fprastiniai nukrypimai, kurie b\u016bdingi nat\u016braliems produktams.<\/p>\n<p>Sud\u0117tyje yra 8 % t\u016brio nat\u016bralios fermentacijos alkoholio.<\/p>\n<\/div>","protected":false},"excerpt":{"rendered":"<p><span style=\"letter-spacing: 0.015em;\">Maisto papildas <\/span><\/p>","protected":false},"featured_media":13655,"comment_status":"open","ping_status":"closed","template":"","meta":[],"product_cat":[198],"product_tag":[],"class_list":{"0":"post-13654","1":"product","2":"type-product","3":"status-publish","4":"has-post-thumbnail","6":"product_cat-papildai","7":"pa_brands-dr-wolz","8":"pa_talpa-14-buteliuku-po-20-ml","10":"first","11":"instock","12":"taxable","13":"shipping-taxable","14":"purchasable","15":"product-type-simple"},"_links":{"self":[{"href":"https:\/\/miamedic.lt\/en\/wp-json\/wp\/v2\/product\/13654","targetHints":{"allow":["GET"]}}],"collection":[{"href":"https:\/\/miamedic.lt\/en\/wp-json\/wp\/v2\/product"}],"about":[{"href":"https:\/\/miamedic.lt\/en\/wp-json\/wp\/v2\/types\/product"}],"replies":[{"embeddable":true,"href":"https:\/\/miamedic.lt\/en\/wp-json\/wp\/v2\/comments?post=13654"}],"version-history":[{"count":1,"href":"https:\/\/miamedic.lt\/en\/wp-json\/wp\/v2\/product\/13654\/revisions"}],"predecessor-version":[{"id":13656,"href":"https:\/\/miamedic.lt\/en\/wp-json\/wp\/v2\/product\/13654\/revisions\/13656"}],"wp:featuredmedia":[{"embeddable":true,"href":"https:\/\/miamedic.lt\/en\/wp-json\/wp\/v2\/media\/13655"}],"wp:attachment":[{"href":"https:\/\/miamedic.lt\/en\/wp-json\/wp\/v2\/media?parent=13654"}],"wp:term":[{"taxonomy":"product_cat","embeddable":true,"href":"https:\/\/miamedic.lt\/en\/wp-json\/wp\/v2\/product_cat?post=13654"},{"taxonomy":"product_tag","embeddable":true,"href":"https:\/\/miamedic.lt\/en\/wp-json\/wp\/v2\/product_tag?post=13654"}],"curies":[{"name":"wp","href":"https:\/\/api.w.org\/{rel}","templated":true}]}}