{"id":13651,"date":"2026-03-10T09:10:07","date_gmt":"2026-03-10T09:10:07","guid":{"rendered":"https:\/\/miamedic.lt\/?post_type=product&#038;p=13651"},"modified":"2026-03-10T09:10:07","modified_gmt":"2026-03-10T09:10:07","slug":"dr-wolz-vitamin-d3-4000-i-e-plus","status":"publish","type":"product","link":"https:\/\/miamedic.lt\/en\/shop\/dr-wolz-vitamin-d3-4000-i-e-plus\/","title":{"rendered":"DR. WOLZ VITAMIN D3 4000 I.E. PLUS"},"content":{"rendered":"<p>Maisto papildas (Nr. MP-1348\/22)<\/p>\n<p>I\u0161sami\u0105 informacij\u0105 apie\u00a0DR. WOLZ VITAMIN D3 4000 I.E. PLUS\u00a0naud\u0105 rasite\u00a0<a href=\"https:\/\/sveikalastele.lt\/dr-wolz-vitamin-d3-4000-i-e-plus\/\">\u010dia.<\/a><\/p>\n<p>Vitaminas D3 su vitaminu C i\u0161 acerola vy\u0161nios, citrusiniais flavonoidais ir resveratroliu.<\/p>\n<p>Vitaminas D:<\/p>\n<ul>\n<li>padeda palaikyti normali\u0105 imunin\u0117s sistemos veikl\u0105;<\/li>\n<li>padeda palaikyti normali\u0105 raumen\u0173 funkcij\u0105;<\/li>\n<li>padeda palaikyti normali\u0105 kaul\u0173 ir dant\u0173 b\u016bkl\u0119;<\/li>\n<li>reikalingas, kad vaik\u0173 kaulai normaliai augt\u0173 ir vystyt\u0173si;<\/li>\n<li>padeda palaikyti normali\u0105 kalcio koncentracij\u0105 kraujyje.<\/li>\n<\/ul>\n<p>\u2713 Gamintojas:\u00a0Dr. Wolz Zell GmbH (Vokietija)<br \/>\n\u2713 Forma:\u00a0kapsul\u0117s<br \/>\n\u2713 Pakuot\u0117:\u00a060 kapsuli\u0173<br \/>\n\u2713\u00a0Grynasis kiekis: 21 g<\/p>\n<p>&nbsp;<\/p>\n<p>Dr. Wolz Vitamin D3 4000 I.E. plus &#8211; tai auk\u0161tos koncentracijos vitamino D3 maisto papildas (4000 TV), papildytas vitaminu C i\u0161 acerola vy\u0161ni\u0173, citrusiniais flavonoidais ir resveratroliu, skirtas imunin\u0117s sistemos, kaul\u0173 ir raumen\u0173 funkcij\u0173 palaikymui bei vitamino D tr\u016bkumo prevencijai.<\/p>\n<p><strong>Sudedamosios dalys<\/strong><\/p>\n<p><strong><em>kapsuli\u0173 turinys:<\/em><\/strong>\u00a0malpigijos (acerola vy\u0161nios) sul\u010di\u0173 milteliai (43%), citrusiniai flavonoidai (16%), vitaminas D3 (cholekalciferolis), vynuogi\u0173 odeli\u0173 ekstraktas, kurio sud\u0117tyje yra resveratrolio (11%);\u00a0<strong><em>kapsuli\u0173 apvalkalas:<\/em><\/strong>\u00a0hidroksipropilmetilceliulioz\u0117.<\/p>\n<table border=\"1\" cellspacing=\"0\" cellpadding=\"0\">\n<tbody>\n<tr>\n<td>Maistin\u0117s ar kitos med\u017eiagos, turin\u010dios mitybin\u012f ar fiziologin\u012f poveik\u012f<\/td>\n<td>1 kapsul\u0117je<\/td>\n<td><strong>RMV*<\/strong><\/td>\n<\/tr>\n<tr>\n<td>Citrusiniai flavonoidai<\/td>\n<td>36\u00a0mg<\/td>\n<td>&#8211;<\/td>\n<\/tr>\n<tr>\n<td>Resveratrolis<\/td>\n<td>2\u00a0mg<\/td>\n<td>&#8211;<\/td>\n<\/tr>\n<tr>\n<td>Vitaminas C i\u0161 malpigijos (acerola vy\u0161nios)<\/td>\n<td>40 mg<\/td>\n<td>50 %<\/td>\n<\/tr>\n<tr>\n<td>Vitaminas D3<\/td>\n<td>100\u00a0\u00b5g = 4000 T.V.<\/td>\n<td>2000 %<\/td>\n<\/tr>\n<\/tbody>\n<\/table>\n<p><strong>*<\/strong>\u00a0&#8211; Referencin\u0117 maistin\u0117 vert\u0117 procentais<\/p>\n<p>Be laktoz\u0117s, glitimo, \u017eelatinos ir da\u017eikli\u0173.<\/p>","protected":false},"excerpt":{"rendered":"<p>Maisto papildas<\/p>","protected":false},"featured_media":13652,"comment_status":"open","ping_status":"closed","template":"","meta":[],"product_cat":[198],"product_tag":[],"class_list":{"0":"post-13651","1":"product","2":"type-product","3":"status-publish","4":"has-post-thumbnail","6":"product_cat-papildai","7":"pa_brands-dr-wolz","8":"pa_talpa-60-kaps","10":"first","11":"instock","12":"taxable","13":"shipping-taxable","14":"purchasable","15":"product-type-simple"},"_links":{"self":[{"href":"https:\/\/miamedic.lt\/en\/wp-json\/wp\/v2\/product\/13651","targetHints":{"allow":["GET"]}}],"collection":[{"href":"https:\/\/miamedic.lt\/en\/wp-json\/wp\/v2\/product"}],"about":[{"href":"https:\/\/miamedic.lt\/en\/wp-json\/wp\/v2\/types\/product"}],"replies":[{"embeddable":true,"href":"https:\/\/miamedic.lt\/en\/wp-json\/wp\/v2\/comments?post=13651"}],"version-history":[{"count":1,"href":"https:\/\/miamedic.lt\/en\/wp-json\/wp\/v2\/product\/13651\/revisions"}],"predecessor-version":[{"id":13653,"href":"https:\/\/miamedic.lt\/en\/wp-json\/wp\/v2\/product\/13651\/revisions\/13653"}],"wp:featuredmedia":[{"embeddable":true,"href":"https:\/\/miamedic.lt\/en\/wp-json\/wp\/v2\/media\/13652"}],"wp:attachment":[{"href":"https:\/\/miamedic.lt\/en\/wp-json\/wp\/v2\/media?parent=13651"}],"wp:term":[{"taxonomy":"product_cat","embeddable":true,"href":"https:\/\/miamedic.lt\/en\/wp-json\/wp\/v2\/product_cat?post=13651"},{"taxonomy":"product_tag","embeddable":true,"href":"https:\/\/miamedic.lt\/en\/wp-json\/wp\/v2\/product_tag?post=13651"}],"curies":[{"name":"wp","href":"https:\/\/api.w.org\/{rel}","templated":true}]}}