{"id":13648,"date":"2026-03-10T09:05:11","date_gmt":"2026-03-10T09:05:11","guid":{"rendered":"https:\/\/miamedic.lt\/?post_type=product&#038;p=13648"},"modified":"2026-03-10T09:05:11","modified_gmt":"2026-03-10T09:05:11","slug":"dr-wolz-vitalkomplex","status":"publish","type":"product","link":"https:\/\/miamedic.lt\/en\/shop\/dr-wolz-vitalkomplex\/","title":{"rendered":"Dr. Wolz Vitalkomplex"},"content":{"rendered":"<div>\n<div id=\"productCard__leftWrapper\" class=\"productCard__leftWrapper is_stuck\">\n<div class=\"productCard__imagesWrapper\"><\/div>\n<div class=\"productCard__whishlistCompare\"><span style=\"letter-spacing: 0.015em;\">Maisto papildas (Nr. MP-798\/16*)<\/span><\/div>\n<\/div>\n<\/div>\n<div class=\"productCard__rightWrapper\">\n<div class=\"productCard__shortDescription\">\n<p>I\u0161sami\u0105 informacij\u0105 apie\u00a0Dr. WOLZ VITALKOMPLEX naud\u0105 galite rasti\u00a0<a href=\"https:\/\/sveikalastele.lt\/dr-wolz-vitalkomplex\/\">\u010dia.<\/a><\/p>\n<p dir=\"ltr\"><em>Biologi\u0161kai aktyvi\u0173 augalini\u0173 fitochemini\u0173 med\u017eiag\u0173 (polifenoli\u0173) ir vitamin\u0173 kompleksas normalios imunin\u0117s sistemos ir normalios energijos apykaitos palaikymui.<\/em><\/p>\n<p dir=\"ltr\">\u2713 Gamintojas:\u00a0Dr. Wolz Zell GmbH (Vokietija)<br \/>\n\u2713 Forma:\u00a0koncentruotas skystis<br \/>\n\u2713 Grynasis kiekis:\u00a0500 ml<\/p>\n<p dir=\"ltr\"><em>20 ml koncentrato yra tiek pat fitochemini\u0173 med\u017eiag\u0173 ir polifenoli\u0173, kiek ir 800 g specialiai parinkt\u0173 uog\u0173, vaisi\u0173 ir dar\u017eovi\u0173!<\/em><\/p>\n<ul>\n<li dir=\"ltr\">\n<p dir=\"ltr\">Normalios imunin\u0117s sistemos veiklos palaikymui\u00a03<\/p>\n<\/li>\n<li dir=\"ltr\">\n<p dir=\"ltr\">Normalios energini\u0173 med\u017eiag\u0173 apykaitos palaikymui\u00a01<\/p>\n<\/li>\n<li dir=\"ltr\">\n<p dir=\"ltr\">Pavargimo jausmo ir nuovargio ma\u017einimui\u00a02<\/p>\n<\/li>\n<li dir=\"ltr\">\n<p dir=\"ltr\">Normalios nerv\u0173 sistemos veiklos ir normalios psichologin\u0117s funkcijos palaikymui\u00a05<\/p>\n<\/li>\n<li dir=\"ltr\">\n<p dir=\"ltr\">Normaliai raudon\u0173j\u0173 kraujo k\u016bneli\u0173 kraujodaros ir normalaus deguonies perne\u0161imo organizme palaikymui\u00a06<\/p>\n<\/li>\n<li dir=\"ltr\">\n<p dir=\"ltr\">Normaliam vaik\u0173 kaul\u0173 augimui ir\u00a0 vystymuisi\u00a04<\/p>\n<\/li>\n<li dir=\"ltr\">\n<p dir=\"ltr\">L\u0105steli\u0173 apsaugai nuo oksidacin\u0117s pa\u017eaidos\u00a07<\/p>\n<\/li>\n<li dir=\"ltr\">\n<p dir=\"ltr\">Normalios pa\u017einimo funkcijos palaikymui\u00a04, 5<\/p>\n<\/li>\n<li dir=\"ltr\">\n<p dir=\"ltr\">\n<\/li>\n<\/ul>\n<ol>\n<li dir=\"ltr\">\n<p dir=\"ltr\">Sud\u0117tyje esantys B grup\u0117s vitaminai, kalcis, gele\u017eis ir magnis svarb\u016bs normaliai energini\u0173 med\u017eiag\u0173 apykaitai. Gele\u017eis padeda palaikyti normal\u0173 deguonies perne\u0161im\u0105 organizme.<\/p>\n<\/li>\n<li dir=\"ltr\">\n<p dir=\"ltr\">Vitaminai B2, niacinas, pantoteno r\u016bg\u0161tis, B6, B12, gele\u017eis ir magnis padeda ma\u017einti pavargimo jausm\u0105 ir nuovarg\u012f.<\/p>\n<\/li>\n<li dir=\"ltr\">\n<p dir=\"ltr\">Vitaminai B6, B12, D, gele\u017eis ir cinkas padeda palaikyti normali\u0105 imunin\u0117s sistemos veikl\u0105.<\/p>\n<\/li>\n<li dir=\"ltr\">\n<p dir=\"ltr\">Kalcis ir vitaminas D reikalingi, kad vaik\u0173 kaulai normaliai augt\u0173 ir vystyt\u0173si. Gele\u017eis naudinga normaliai vaik\u0173 pa\u017eintinei raidai.<\/p>\n<\/li>\n<li dir=\"ltr\">\n<p dir=\"ltr\">Vitaminai B1, B2, niacinas, B6, B12, biotinas ir magnis padeda palaikyti normali\u0105 nerv\u0173 sistemos veikl\u0105. Vitaminai B1, B6, B12\u00a0ir biotinas padeda palaikyti normali\u0105 psichologin\u0119 funkcij\u0105, o gele\u017eis ir cinkas \u2013 palaikyti normali\u0105 pa\u017einimo funkcij\u0105.<\/p>\n<\/li>\n<li dir=\"ltr\">\n<p dir=\"ltr\">Vitaminai B6, B12\u00a0ir gele\u017eis svarb\u016bs normaliai raudon\u0173j\u0173 kraujo k\u016bneli\u0173 kraujodarai.<\/p>\n<\/li>\n<li dir=\"ltr\">\n<p dir=\"ltr\">Vitaminas C ir cinkas padeda apsaugoti l\u0105steles nuo oksidacin\u0117s pa\u017eaidos.<\/p>\n<\/li>\n<\/ol>\n<div dir=\"ltr\">\n<p>Dr. Wolz Vitalkomplex &#8211; tai koncentruotas skystas maisto papildas, kuriame gausu augalini\u0173 fitochemini\u0173 med\u017eiag\u0173 (polifenoli\u0173), vitamin\u0173 ir mineral\u0173, sukurtas normalios imunin\u0117s sistemos, energijos apykaitos ir nerv\u0173 sistemos palaikymui, bei nuovargio ma\u017einimui.<\/p>\n<p>Dr. Wolz Vitalkomplex\u00a0 produktui pagaminti naudojamos biologi\u0161kai aktyvios nat\u016bralios med\u017eiagos gautos i\u0161 \u012fvairi\u0173 vaisi\u0173 ir dar\u017eovi\u0173 r\u016b\u0161i\u0173, \u017eoleli\u0173, gryb\u0173 ir ekstrakt\u0173. 20 ml koncentrato yra tiek pat fitochemini\u0173 med\u017eiag\u0173 ir polifenoli\u0173, kiek ir 800 g specialiai parinkt\u0173 uog\u0173, vaisi\u0173 ir dar\u017eovi\u0173! Sud\u0117tyje net 95 augaliniai komponentai! Tinkamas tiek vaikams, tiek suaugusiems, kurie d\u0117l tam tikr\u0173 prie\u017eas\u010di\u0173 nesuvartyoja pakankamai kokybi\u0161k\u0173 vaisi\u0173, uog\u0173 ir dar\u017eovi\u0173.<\/p>\n<p>&nbsp;<\/p>\n<table>\n<tbody>\n<tr>\n<td>\n<p dir=\"ltr\"><strong>Maistin\u0117s med\u017eiagos<\/strong><\/p>\n<\/td>\n<td>\n<p dir=\"ltr\"><strong>20 ml<\/strong><\/p>\n<p dir=\"ltr\"><strong>(rekomenduojamoje paros doz\u0117je)<\/strong><\/p>\n<\/td>\n<td>\n<p dir=\"ltr\"><strong>RMV*<\/strong><\/p>\n<p dir=\"ltr\"><strong>(20 ml)<\/strong><\/p>\n<\/td>\n<\/tr>\n<tr>\n<td>\n<p dir=\"ltr\">Vitaminas B1<\/p>\n<\/td>\n<td>\n<p dir=\"ltr\">0,54 mg<\/p>\n<\/td>\n<td>\n<p dir=\"ltr\">50 %<\/p>\n<\/td>\n<\/tr>\n<tr>\n<td>\n<p dir=\"ltr\">Vitaminas B2<\/p>\n<\/td>\n<td>\n<p dir=\"ltr\">1,1 mg<\/p>\n<\/td>\n<td>\n<p dir=\"ltr\">80 %<\/p>\n<\/td>\n<\/tr>\n<tr>\n<td>\n<p dir=\"ltr\">Niacinas (NE)<\/p>\n<\/td>\n<td>\n<p dir=\"ltr\">10 mg<\/p>\n<\/td>\n<td>\n<p dir=\"ltr\">65 %<\/p>\n<\/td>\n<\/tr>\n<tr>\n<td>\n<p dir=\"ltr\">Pantoteno r\u016bg\u0161tis<\/p>\n<\/td>\n<td>\n<p dir=\"ltr\">3 mg<\/p>\n<\/td>\n<td>\n<p dir=\"ltr\">50 %<\/p>\n<\/td>\n<\/tr>\n<tr>\n<td>\n<p dir=\"ltr\">Vitaminas B6<\/p>\n<\/td>\n<td>\n<p dir=\"ltr\">1,2 mg<\/p>\n<\/td>\n<td>\n<p dir=\"ltr\">85 %<\/p>\n<\/td>\n<\/tr>\n<tr>\n<td>\n<p dir=\"ltr\">Vitaminas B12<\/p>\n<\/td>\n<td>\n<p dir=\"ltr\">1,1 \u03bcg<\/p>\n<\/td>\n<td>\n<p dir=\"ltr\">45 %<\/p>\n<\/td>\n<\/tr>\n<tr>\n<td>\n<p dir=\"ltr\">Biotinas<\/p>\n<\/td>\n<td>\n<p dir=\"ltr\">25 \u03bcg<\/p>\n<\/td>\n<td>\n<p dir=\"ltr\">50 %<\/p>\n<\/td>\n<\/tr>\n<tr>\n<td>\n<p dir=\"ltr\">Vitaminas E (\u03b1 \u2013 TE)<\/p>\n<\/td>\n<td>\n<p dir=\"ltr\">5,4 mg<\/p>\n<\/td>\n<td>\n<p dir=\"ltr\">45 %<\/p>\n<\/td>\n<\/tr>\n<tr>\n<td>\n<p dir=\"ltr\">Vitaminas C<\/p>\n<\/td>\n<td>\n<p dir=\"ltr\">24 mg<\/p>\n<\/td>\n<td>\n<p dir=\"ltr\">30 %<\/p>\n<\/td>\n<\/tr>\n<tr>\n<td>\n<p dir=\"ltr\">Vitaminas D2<\/p>\n<\/td>\n<td>\n<p dir=\"ltr\">10 \u00b5g (400 TV)<\/p>\n<\/td>\n<td>\n<p dir=\"ltr\">200 %<\/p>\n<\/td>\n<\/tr>\n<tr>\n<td>\n<p dir=\"ltr\">Kalcis<\/p>\n<\/td>\n<td>\n<p dir=\"ltr\">120 mg<\/p>\n<\/td>\n<td>\n<p dir=\"ltr\">15 %<\/p>\n<\/td>\n<\/tr>\n<tr>\n<td>\n<p dir=\"ltr\">Gele\u017eis<\/p>\n<\/td>\n<td>\n<p dir=\"ltr\">2,1 mg<\/p>\n<\/td>\n<td>\n<p dir=\"ltr\">15 %<\/p>\n<\/td>\n<\/tr>\n<tr>\n<td>\n<p dir=\"ltr\">Magnis<\/p>\n<\/td>\n<td>\n<p dir=\"ltr\">57 mg<\/p>\n<\/td>\n<td>\n<p dir=\"ltr\">15 %<\/p>\n<\/td>\n<\/tr>\n<tr>\n<td>\n<p dir=\"ltr\">Cinkas<\/p>\n<\/td>\n<td>\n<p dir=\"ltr\">3 mg<\/p>\n<\/td>\n<td>\n<p dir=\"ltr\">30 %<\/p>\n<\/td>\n<\/tr>\n<tr>\n<td>\n<p dir=\"ltr\">Polifenoliai<\/p>\n<\/td>\n<td>\n<p dir=\"ltr\">400 mg<\/p>\n<\/td>\n<td><\/td>\n<\/tr>\n<tr>\n<td>\n<p dir=\"ltr\">i\u0161 kuri\u0173<\/p>\n<\/td>\n<td><\/td>\n<td><\/td>\n<\/tr>\n<tr>\n<td>\n<p dir=\"ltr\">&#8211; antocianin\u0173<\/p>\n<\/td>\n<td>\n<p dir=\"ltr\">145 mg<\/p>\n<\/td>\n<td><\/td>\n<\/tr>\n<tr>\n<td>\n<p dir=\"ltr\">&#8211; procianidino A<\/p>\n<\/td>\n<td>\n<p dir=\"ltr\">95 mg<\/p>\n<\/td>\n<td><\/td>\n<\/tr>\n<tr>\n<td>\n<p dir=\"ltr\">Likopenas i\u0161 pomidor\u0173<\/p>\n<\/td>\n<td>\n<p dir=\"ltr\">2,0 mg<\/p>\n<\/td>\n<td><\/td>\n<\/tr>\n<\/tbody>\n<\/table>\n<\/div>\n<p dir=\"ltr\">* &#8211; Referencin\u0117 maistin\u0117 vert\u0117 procentais<\/p>\n<p dir=\"ltr\">Be glitimo, laktoz\u0117s, da\u017eikli\u0173 ir konservant\u0173. Tinkamas veganams.<\/p>\n<\/div>\n<\/div>","protected":false},"excerpt":{"rendered":"<p><span style=\"letter-spacing: 0.015em;\">Maisto papildas<\/span><\/p>","protected":false},"featured_media":13649,"comment_status":"open","ping_status":"closed","template":"","meta":[],"product_cat":[198],"product_tag":[],"class_list":{"0":"post-13648","1":"product","2":"type-product","3":"status-publish","4":"has-post-thumbnail","6":"product_cat-papildai","7":"pa_brands-dr-wolz","8":"pa_talpa-500ml","10":"first","11":"instock","12":"taxable","13":"shipping-taxable","14":"purchasable","15":"product-type-simple"},"_links":{"self":[{"href":"https:\/\/miamedic.lt\/en\/wp-json\/wp\/v2\/product\/13648","targetHints":{"allow":["GET"]}}],"collection":[{"href":"https:\/\/miamedic.lt\/en\/wp-json\/wp\/v2\/product"}],"about":[{"href":"https:\/\/miamedic.lt\/en\/wp-json\/wp\/v2\/types\/product"}],"replies":[{"embeddable":true,"href":"https:\/\/miamedic.lt\/en\/wp-json\/wp\/v2\/comments?post=13648"}],"version-history":[{"count":1,"href":"https:\/\/miamedic.lt\/en\/wp-json\/wp\/v2\/product\/13648\/revisions"}],"predecessor-version":[{"id":13650,"href":"https:\/\/miamedic.lt\/en\/wp-json\/wp\/v2\/product\/13648\/revisions\/13650"}],"wp:featuredmedia":[{"embeddable":true,"href":"https:\/\/miamedic.lt\/en\/wp-json\/wp\/v2\/media\/13649"}],"wp:attachment":[{"href":"https:\/\/miamedic.lt\/en\/wp-json\/wp\/v2\/media?parent=13648"}],"wp:term":[{"taxonomy":"product_cat","embeddable":true,"href":"https:\/\/miamedic.lt\/en\/wp-json\/wp\/v2\/product_cat?post=13648"},{"taxonomy":"product_tag","embeddable":true,"href":"https:\/\/miamedic.lt\/en\/wp-json\/wp\/v2\/product_tag?post=13648"}],"curies":[{"name":"wp","href":"https:\/\/api.w.org\/{rel}","templated":true}]}}