{"id":13645,"date":"2026-03-10T09:00:39","date_gmt":"2026-03-10T09:00:39","guid":{"rendered":"https:\/\/miamedic.lt\/?post_type=product&#038;p=13645"},"modified":"2026-03-10T09:01:34","modified_gmt":"2026-03-10T09:01:34","slug":"dr-wolz-omega-3-fettsauren-kaps-n60","status":"publish","type":"product","link":"https:\/\/miamedic.lt\/en\/shop\/dr-wolz-omega-3-fettsauren-kaps-n60\/","title":{"rendered":"Dr. Wolz Omega-3-Fetts\u00e4uren, kaps. N60"},"content":{"rendered":"<p>Maisto papildas (Nr. MP-172\/19*)<\/p>\n<p>Auk\u0161tos koncentracijos Omega-3 riebal\u0173 r\u016bg\u0161tys i\u0161 \u0160iaur\u0117s j\u016bros \u017euv\u0173.<\/p>\n<p>Daugiau informacijos apie \u0161\u012f produkt\u0105 galite rasti\u00a0<a href=\"https:\/\/sveikalastele.lt\/dr-wolz-omega-3-fettsauren\/\">\u010dia.<\/a><\/p>\n<p>\u2713 Gamintojas:\u00a0Dr. Wolz Zell GmbH (Vokietija)<br \/>\n\u2713 Forma:\u00a0kapsul\u0117s<br \/>\n\u2713 Pakuot\u0117:\u00a060 kapsuli\u0173<br \/>\n\u2713 Grynasis kiekis:\u00a039 g<\/p>\n<p>* \u2013 Valstybin\u0117s veterinarijos ir maisto tarnybos Notifikuot\u0173 maisto papild\u0173 s\u0105ra\u0161as<\/p>\n<p>Sudedamosios dalys:\u00a0kapsuli\u0173 turinys:\u00a0auk\u0161tos koncentracijos j\u016bros\u00a0\u017euv\u0173\u00a0taukai (97%), vitaminas E (DL-alfa-tokoferilacetatas);\u00a0kapsuli\u0173 apvalkalas:\u00a0\u017eelatina, dr\u0117gm\u0119 i\u0161laikan\u010dios med\u017eiagos: glicerolis ir sorbitolis.<\/p>\n<table id=\"tablepress-40-no-7\">\n<caption>\u00a0<\/caption>\n<thead>\n<tr>\n<th>Maistin\u0117s ar kitos med\u017eiagos, turin\u010dios mitybin\u012f ar fiziologin\u012f poveik\u012f<\/th>\n<th>1 kapsul\u0117je<br \/>\n(rekomenduojamoje paros doz\u0117je)<\/th>\n<th>RMV*<\/th>\n<\/tr>\n<\/thead>\n<tbody>\n<tr>\n<td>Polineso\u010di\u0173j\u0173 riebal\u0173 r\u016bg\u0161tys<\/td>\n<td>460 mg<\/td>\n<td><\/td>\n<\/tr>\n<tr>\n<td>i\u0161 kuri\u0173 Omega-3 riebal\u0173 r\u016bg\u0161\u010di\u0173<\/td>\n<td>300<\/td>\n<td><\/td>\n<\/tr>\n<tr>\n<td>tame tarpe EPR (eikozapentaeno r\u016bg\u0161tis)<\/td>\n<td>165 mg<\/td>\n<td><\/td>\n<\/tr>\n<tr>\n<td>tame tarpe DHR (dokozaheksaeno r\u016bg\u0161tis)<\/td>\n<td>110 mg<\/td>\n<td><\/td>\n<\/tr>\n<tr>\n<td>Vitaminas E<\/td>\n<td>10 mg \u03b1 \u2013 TE<\/td>\n<td>83 %<\/td>\n<\/tr>\n<\/tbody>\n<\/table>\n<p>* Referencin\u0117 maistin\u0117 vert\u0117 procentais.<br \/>\nTinka sergantiems diabetu. Be laktoz\u0117s, glitimo ir da\u017eikli\u0173.<\/p>","protected":false},"excerpt":{"rendered":"<p>Maisto papildas<\/p>","protected":false},"featured_media":13646,"comment_status":"open","ping_status":"closed","template":"","meta":[],"product_cat":[198],"product_tag":[],"class_list":{"0":"post-13645","1":"product","2":"type-product","3":"status-publish","4":"has-post-thumbnail","6":"product_cat-papildai","7":"pa_brands-dr-wolz","8":"pa_talpa-60-kaps","10":"first","11":"instock","12":"taxable","13":"shipping-taxable","14":"purchasable","15":"product-type-simple"},"_links":{"self":[{"href":"https:\/\/miamedic.lt\/en\/wp-json\/wp\/v2\/product\/13645","targetHints":{"allow":["GET"]}}],"collection":[{"href":"https:\/\/miamedic.lt\/en\/wp-json\/wp\/v2\/product"}],"about":[{"href":"https:\/\/miamedic.lt\/en\/wp-json\/wp\/v2\/types\/product"}],"replies":[{"embeddable":true,"href":"https:\/\/miamedic.lt\/en\/wp-json\/wp\/v2\/comments?post=13645"}],"version-history":[{"count":1,"href":"https:\/\/miamedic.lt\/en\/wp-json\/wp\/v2\/product\/13645\/revisions"}],"predecessor-version":[{"id":13647,"href":"https:\/\/miamedic.lt\/en\/wp-json\/wp\/v2\/product\/13645\/revisions\/13647"}],"wp:featuredmedia":[{"embeddable":true,"href":"https:\/\/miamedic.lt\/en\/wp-json\/wp\/v2\/media\/13646"}],"wp:attachment":[{"href":"https:\/\/miamedic.lt\/en\/wp-json\/wp\/v2\/media?parent=13645"}],"wp:term":[{"taxonomy":"product_cat","embeddable":true,"href":"https:\/\/miamedic.lt\/en\/wp-json\/wp\/v2\/product_cat?post=13645"},{"taxonomy":"product_tag","embeddable":true,"href":"https:\/\/miamedic.lt\/en\/wp-json\/wp\/v2\/product_tag?post=13645"}],"curies":[{"name":"wp","href":"https:\/\/api.w.org\/{rel}","templated":true}]}}