{"id":13642,"date":"2026-03-10T08:57:57","date_gmt":"2026-03-10T08:57:57","guid":{"rendered":"https:\/\/miamedic.lt\/?post_type=product&#038;p=13642"},"modified":"2026-03-10T08:57:58","modified_gmt":"2026-03-10T08:57:58","slug":"dr-wolz-kinderimmun-sticks","status":"publish","type":"product","link":"https:\/\/miamedic.lt\/en\/shop\/dr-wolz-kinderimmun-sticks\/","title":{"rendered":"Dr. Wolz KinderImmun\u00ae sticks"},"content":{"rendered":"<p>Dr. Wolz KinderImmun &#8211; tai kompleksinis maisto papildas vaikams ir maitinan\u010dioms mamoms, kurio sud\u0117tyje yra karvi\u0173 prie\u0161pienio, B grup\u0117s vitamin\u0173, vitamino C ir D3, cinko, beta-gliukan\u0173, pieno r\u016bg\u0161ties bakterij\u0173 ir inulino, skirtas imunin\u0117s sistemos palaikymui ir bendrai sveikai raidai.<\/p>\n<p>Sudedamosios dalys:\u00a0inulinas (74%), mieli\u0173 (Saccharomyces cerevisiae) milteli\u0173 koncentratas (10%), kurio sud\u0117tyje yra (1-&gt;3), (1-&gt;6) beta gliukan\u0173 (4%), kra\u0161tuotosios malpigijos (acerola vy\u0161nios) sul\u010di\u0173 milteliai (6%),\u00a0kreken\u0173koncentratas (pienas) (6%), pieno r\u016bg\u0161ties bakterijos Bifidobacterium longum 1%, cinko miel\u0117s (miel\u0117s, cinko citratas) 1%, vitaminai: B2 (riboflavinas), B6 (piridoksino hidrochloridas), B1 (tiamino hidrochloridas), folio r\u016bg\u0161tis (pteroilmonoglutamo r\u016bg\u0161tis), D3 (cholekalciferolis), B12 (cianokobalaminas).<\/p>\n<table id=\"tablepress-42-no-7\">\n<caption>\u00a0<\/caption>\n<tbody>\n<tr>\n<td>Maistin\u0117s ar kitos med\u017eiagos, turin\u010dios mitybin\u012f ar fiziologin\u012f poveik\u012f<\/td>\n<td>2 matavimo \u0161auk\u0161teliuose (2 g)<\/td>\n<td>RMV*<\/td>\n<td>3 matavimo \u0161auk\u0161teliuose (3 g)<\/td>\n<td>RMV*<\/td>\n<\/tr>\n<tr>\n<td>Vitaminas D3<\/td>\n<td>6,7 \u03bcg = 266 TV<\/td>\n<td>133 %<\/td>\n<td>10 \u00b5g<br \/>\n= 400 TV<\/td>\n<td>200 %<\/td>\n<\/tr>\n<tr>\n<td>Vitaminas B1<\/td>\n<td>0,44 mg<\/td>\n<td>40 %<\/td>\n<td>0,66 mg<\/td>\n<td>60 %<\/td>\n<\/tr>\n<tr>\n<td>Vitaminas B2<\/td>\n<td>0,56 mg<\/td>\n<td>40 %<\/td>\n<td>0,84 mg<\/td>\n<td>60 %<\/td>\n<\/tr>\n<tr>\n<td>Vitaminas B6<\/td>\n<td>0,56 mg<\/td>\n<td>40 %<\/td>\n<td>0,84 mg<\/td>\n<td>60 %<\/td>\n<\/tr>\n<tr>\n<td>Vitaminas B12<\/td>\n<td>1 \u00b5g<\/td>\n<td>40 %<\/td>\n<td>1,5 \u00b5g<\/td>\n<td>60 %<\/td>\n<\/tr>\n<tr>\n<td>Folio r\u016bg\u0161tis<\/td>\n<td>80 \u00b5g<\/td>\n<td>40 %<\/td>\n<td>120 \u00b5g<\/td>\n<td>60 %<\/td>\n<\/tr>\n<tr>\n<td>Vitaminas C<\/td>\n<td>32 mg<\/td>\n<td>40 %<\/td>\n<td>48 mg<\/td>\n<td>60 %<\/td>\n<\/tr>\n<tr>\n<td>Cinkas<\/td>\n<td>2 mg<\/td>\n<td>20 %<\/td>\n<td>3 mg<\/td>\n<td>30 %<\/td>\n<\/tr>\n<tr>\n<td>Beta gliukanai i\u0161 mieli\u0173 (Saccharomyces cerevisiae) milteli\u0173<\/td>\n<td>67 mg<\/td>\n<td>&#8211;<\/td>\n<td>100 mg<\/td>\n<td>&#8211;<\/td>\n<\/tr>\n<tr>\n<td>Kreken\u0173 koncentratas<br \/>\nsu imunoglobulinu G<\/td>\n<td>124 mg<br \/>\n25 mg<\/td>\n<td>&#8211;<\/td>\n<td>186 mg<br \/>\n37 mg<\/td>\n<td>&#8211;<\/td>\n<\/tr>\n<tr>\n<td>Inulinas<\/td>\n<td>1,5 g<\/td>\n<td>&#8211;<\/td>\n<td>2,2 g<\/td>\n<td>&#8211;<\/td>\n<\/tr>\n<tr>\n<td>Pieno r\u016bg\u0161ties bakterijos<br \/>\nBifidobacterium longum<\/td>\n<td>18 mg<br \/>\n=1,8 mlrd.<\/td>\n<td>&#8211;<\/td>\n<td>27 mg<br \/>\n= 2,7 mlrd.<\/td>\n<td>&#8211;<\/td>\n<\/tr>\n<\/tbody>\n<\/table>\n<p>* Referencin\u0117 maistin\u0117 vert\u0117 procentais.<\/p>\n<p>Tinka sergantiems diabetu. Be glitimo, \u017eelatinos, da\u017eikli\u0173 ir konservant\u0173.<\/p>","protected":false},"excerpt":{"rendered":"<p>Kompleksinis maisto papildas vaikams<\/p>","protected":false},"featured_media":13643,"comment_status":"open","ping_status":"closed","template":"","meta":[],"product_cat":[198],"product_tag":[],"class_list":{"0":"post-13642","1":"product","2":"type-product","3":"status-publish","4":"has-post-thumbnail","6":"product_cat-papildai","7":"pa_brands-dr-wolz","8":"pa_talpa-2-g-x-30-vnt","10":"first","11":"instock","12":"taxable","13":"shipping-taxable","14":"purchasable","15":"product-type-simple"},"_links":{"self":[{"href":"https:\/\/miamedic.lt\/en\/wp-json\/wp\/v2\/product\/13642","targetHints":{"allow":["GET"]}}],"collection":[{"href":"https:\/\/miamedic.lt\/en\/wp-json\/wp\/v2\/product"}],"about":[{"href":"https:\/\/miamedic.lt\/en\/wp-json\/wp\/v2\/types\/product"}],"replies":[{"embeddable":true,"href":"https:\/\/miamedic.lt\/en\/wp-json\/wp\/v2\/comments?post=13642"}],"version-history":[{"count":1,"href":"https:\/\/miamedic.lt\/en\/wp-json\/wp\/v2\/product\/13642\/revisions"}],"predecessor-version":[{"id":13644,"href":"https:\/\/miamedic.lt\/en\/wp-json\/wp\/v2\/product\/13642\/revisions\/13644"}],"wp:featuredmedia":[{"embeddable":true,"href":"https:\/\/miamedic.lt\/en\/wp-json\/wp\/v2\/media\/13643"}],"wp:attachment":[{"href":"https:\/\/miamedic.lt\/en\/wp-json\/wp\/v2\/media?parent=13642"}],"wp:term":[{"taxonomy":"product_cat","embeddable":true,"href":"https:\/\/miamedic.lt\/en\/wp-json\/wp\/v2\/product_cat?post=13642"},{"taxonomy":"product_tag","embeddable":true,"href":"https:\/\/miamedic.lt\/en\/wp-json\/wp\/v2\/product_tag?post=13642"}],"curies":[{"name":"wp","href":"https:\/\/api.w.org\/{rel}","templated":true}]}}