{"id":13614,"date":"2026-03-05T11:40:57","date_gmt":"2026-03-05T11:40:57","guid":{"rendered":"https:\/\/miamedic.lt\/?post_type=product&#038;p=13614"},"modified":"2026-03-05T11:40:58","modified_gmt":"2026-03-05T11:40:58","slug":"mesoestetic-age-element-brightening-eye-contour","status":"publish","type":"product","link":"https:\/\/miamedic.lt\/en\/shop\/mesoestetic-age-element-brightening-eye-contour\/","title":{"rendered":"Mesoestetic Age Element Brightening Eye Contour"},"content":{"rendered":"<div class=\"flex flex-col text-sm pb-25\">\n<article class=\"text-token-text-primary w-full focus:outline-none [--shadow-height:45px] has-data-writing-block:pointer-events-none has-data-writing-block:-mt-(--shadow-height) has-data-writing-block:pt-(--shadow-height) [&amp;:has([data-writing-block])&gt;*]:pointer-events-auto scroll-mt-[calc(var(--header-height)+min(200px,max(70px,20svh)))]\" dir=\"auto\" tabindex=\"-1\" data-turn-id=\"request-68b6fbb1-69fc-8331-9502-1971408f3a35-22\" data-testid=\"conversation-turn-28\" data-scroll-anchor=\"true\" data-turn=\"assistant\">\n<div class=\"text-base my-auto mx-auto pb-10 [--thread-content-margin:--spacing(4)] @w-sm\/main:[--thread-content-margin:--spacing(6)] @w-lg\/main:[--thread-content-margin:--spacing(16)] px-(--thread-content-margin)\">\n<div class=\"[--thread-content-max-width:40rem] @w-lg\/main:[--thread-content-max-width:48rem] mx-auto max-w-(--thread-content-max-width) flex-1 group\/turn-messages focus-visible:outline-hidden relative flex w-full min-w-0 flex-col agent-turn\" tabindex=\"-1\">\n<div class=\"flex max-w-full flex-col grow\">\n<div class=\"min-h-8 text-message relative flex w-full flex-col items-end gap-2 text-start break-words whitespace-normal [.text-message+&amp;]:mt-1\" dir=\"auto\" data-message-author-role=\"assistant\" data-message-id=\"d59bd5f9-4618-4e7c-a5c0-97329b1305e0\" data-message-model-slug=\"gpt-5-mini\">\n<div class=\"flex w-full flex-col gap-1 empty:hidden first:pt-[1px]\">\n<div class=\"markdown prose dark:prose-invert w-full wrap-break-word light markdown-new-styling\">\n<p data-start=\"0\" data-end=\"114\"><strong data-start=\"0\" data-end=\"114\">Mesoestetic Age Element Brightening Eye Contour \u2013 paaki\u0173 srities \u0161viesinantis ir gaivinantis gelis\/kremas<\/strong><\/p>\n<p data-start=\"116\" data-end=\"615\">\u0160velniai gelio ir kremo tekst\u016bros paaki\u0173 priemon\u0117, skirta <strong data-start=\"174\" data-end=\"273\">suma\u017einti tamsi\u0173 ratil\u0173 matomum\u0105, pa\u0161alinti nuovargio po\u017eymius ir suteikti \u017evilgsniui \u0161vyt\u0117jimo<\/strong> bei gaivumo. Priemon\u0117s formul\u0117 intensyviai veikia paaki\u0173 srit\u012f, padeda atkurti nat\u016bral\u0173 \u0161viesum\u0105, tuo pa\u010diu <strong data-start=\"382\" data-end=\"444\">dr\u0117kina ir prisotina od\u0105 svarbiais aktyviais ingredientais<\/strong>. Produktas turi <strong data-start=\"461\" data-end=\"509\">keramikin\u012f aplikatori\u0173 su \u0161aldan\u010diu poveikiu<\/strong>, kuris padeda ma\u017einti paburkim\u0105 ir sustiprina atgaivinam\u0105j\u012f efekt\u0105.<\/p>\n<p data-start=\"617\" data-end=\"630\"><strong data-start=\"617\" data-end=\"630\">Poveikis:<\/strong><\/p>\n<p data-start=\"632\" data-end=\"965\">\u2022 Suma\u017eina tamsi\u0173 ratil\u0173 ir hiperpigmentacijos po\u017eymius paaki\u0173 srityje<br data-start=\"702\" data-end=\"705\" \/>\u2022 Ma\u017eina nuovargio \u017eenklus ir atgaivina \u017evilgsn\u012f<br data-start=\"753\" data-end=\"756\" \/>\u2022 Intensyviai dr\u0117kina ir gerina odos strukt\u016br\u0105<br data-start=\"802\" data-end=\"805\" \/>\u2022 Skatina odos \u0161vyt\u0117jim\u0105 ir vienodina ton\u0105<br data-start=\"847\" data-end=\"850\" \/>\u2022 \u0160aldantis aplikatorius stiprina atpalaiduojant\u012f ir dekongestuojant\u012f poveik\u012f<\/p>\n<p data-start=\"967\" data-end=\"982\"><strong data-start=\"967\" data-end=\"982\">Naudojimas:<\/strong><\/p>\n<p data-start=\"984\" data-end=\"1282\">Naudoti ryte ir vakare. Taikyti paaki\u0173 zonai su <strong data-start=\"1032\" data-end=\"1059\">keraminiu aplikatoriumi<\/strong>, kad b\u016bt\u0173 pasiektas \u0161aldantis efektas ir sustiprintas drenuojantis poveikis. Produkto tepimas tur\u0117t\u0173 b\u016bti atliekamas <strong data-start=\"1177\" data-end=\"1243\">po serum\u0173 ir prie\u0161 dr\u0117kinamuosius kremus ar apsaug\u0105 nuo saul\u0117s<\/strong>.<\/p>\n<p data-start=\"1284\" data-end=\"1482\">Tinka visiems odos tipams, ypa\u010d jei <strong data-start=\"1320\" data-end=\"1397\">paaki\u0173 srityje pastebimi tams\u016bs ratilai, paburkimai ar nuovargio po\u017eymiai<\/strong>, siekiant atgaivinti ir <strong data-start=\"1422\" data-end=\"1443\">\u0161vytint\u012f \u017evilgsn\u012f<\/strong>.<\/p>\n<\/div>\n<\/div>\n<\/div>\n<\/div>\n<div class=\"z-0 flex min-h-[46px] justify-start\"><\/div>\n<div class=\"mt-3 w-full empty:hidden\">\n<div class=\"text-center\"><\/div>\n<\/div>\n<\/div>\n<\/div>\n<\/article>\n<\/div>\n<div class=\"pointer-events-none h-px w-px absolute bottom-0\" aria-hidden=\"true\" data-edge=\"true\"><\/div>\n","protected":false},"excerpt":{"rendered":"<p>Paaki\u0173 srities \u0161viesinantis ir gaivinantis gelis\/kremas<\/p>","protected":false},"featured_media":13615,"comment_status":"open","ping_status":"closed","template":"","meta":[],"product_cat":[83],"product_tag":[],"class_list":{"0":"post-13614","1":"product","2":"type-product","3":"status-publish","4":"has-post-thumbnail","6":"product_cat-paakiu-kremai","7":"pa_brands-mesoestetic","8":"pa_talpa-15ml","10":"first","11":"instock","12":"taxable","13":"shipping-taxable","14":"purchasable","15":"product-type-simple"},"_links":{"self":[{"href":"https:\/\/miamedic.lt\/en\/wp-json\/wp\/v2\/product\/13614","targetHints":{"allow":["GET"]}}],"collection":[{"href":"https:\/\/miamedic.lt\/en\/wp-json\/wp\/v2\/product"}],"about":[{"href":"https:\/\/miamedic.lt\/en\/wp-json\/wp\/v2\/types\/product"}],"replies":[{"embeddable":true,"href":"https:\/\/miamedic.lt\/en\/wp-json\/wp\/v2\/comments?post=13614"}],"version-history":[{"count":1,"href":"https:\/\/miamedic.lt\/en\/wp-json\/wp\/v2\/product\/13614\/revisions"}],"predecessor-version":[{"id":13616,"href":"https:\/\/miamedic.lt\/en\/wp-json\/wp\/v2\/product\/13614\/revisions\/13616"}],"wp:featuredmedia":[{"embeddable":true,"href":"https:\/\/miamedic.lt\/en\/wp-json\/wp\/v2\/media\/13615"}],"wp:attachment":[{"href":"https:\/\/miamedic.lt\/en\/wp-json\/wp\/v2\/media?parent=13614"}],"wp:term":[{"taxonomy":"product_cat","embeddable":true,"href":"https:\/\/miamedic.lt\/en\/wp-json\/wp\/v2\/product_cat?post=13614"},{"taxonomy":"product_tag","embeddable":true,"href":"https:\/\/miamedic.lt\/en\/wp-json\/wp\/v2\/product_tag?post=13614"}],"curies":[{"name":"wp","href":"https:\/\/api.w.org\/{rel}","templated":true}]}}