{"id":13603,"date":"2026-03-05T11:22:38","date_gmt":"2026-03-05T11:22:38","guid":{"rendered":"https:\/\/miamedic.lt\/?post_type=product&#038;p=13603"},"modified":"2026-03-13T11:47:43","modified_gmt":"2026-03-13T11:47:43","slug":"teint-prec-votre-visage","status":"publish","type":"product","link":"https:\/\/miamedic.lt\/en\/shop\/teint-prec-votre-visage\/","title":{"rendered":"Teint Prec Votre Visage"},"content":{"rendered":"<p data-start=\"0\" data-end=\"101\"><strong data-start=\"0\" data-end=\"101\">Valmont Teint Pr\u00e9cieux Votre Visage \u2013 lyginantis ir anti\u2011age makia\u017eo pagrindas-fluidas<\/strong><\/p>\n<p data-start=\"103\" data-end=\"654\">Skystos, silki\u0161kos tekst\u016bros <strong data-start=\"132\" data-end=\"153\">makia\u017eo pagrindas<\/strong> (fondas), sukurtas <strong data-start=\"173\" data-end=\"257\">veido odos tonui unifikuoti, matiniam, tolygiui ir \u0161vytin\u010diam rezultatui sukurti<\/strong>. Priemon\u0117 pasi\u017eymi auk\u0161ta padengimo galia ir matinio fini\u0161o efektu, kuris subtiliai paslepia odos netolygumus, lygina smulkias rauk\u0161leles ir suteikia tobul\u0105, nepriekai\u0161ting\u0105 i\u0161vaizd\u0105 visos dienos metu. Formul\u0117 praturtinta <strong data-start=\"480\" data-end=\"505\">l\u2019Elixir des Glaciers<\/strong> serijos anti\u2011sen\u0117jimo ingredientais, siekiant ne tik suteikti makia\u017eo efekt\u0105, bet ir palaikyti odos prie\u017ei\u016br\u0105.<\/p>\n<p data-start=\"656\" data-end=\"669\"><strong data-start=\"656\" data-end=\"669\">Effect:<\/strong><\/p>\n<p data-start=\"671\" data-end=\"949\">\u2022 Unifikuoja odos ton\u0105 ir suteikia auk\u0161t\u0105 padengim\u0105<br data-start=\"722\" data-end=\"725\" \/>\u2022 \u0160velniai lygina odos tekst\u016br\u0105 ir paslepia netolygumus<br data-start=\"780\" data-end=\"783\" \/>\u2022 Matinis, tolygus fini\u0161as<br data-start=\"809\" data-end=\"812\" \/>\u2022 Dr\u0117kina ir suma\u017eina smulki\u0173 linij\u0173 matomum\u0105<br data-start=\"857\" data-end=\"860\" \/>\u2022 Skatina odos regeneracij\u0105 ir jaunatvi\u0161k\u0105 i\u0161vaizd\u0105<\/p>\n<p data-start=\"951\" data-end=\"966\"><strong data-start=\"951\" data-end=\"966\">Usage:<\/strong><\/p>\n<p data-start=\"968\" data-end=\"1282\">Naudoti pagal poreik\u012f. Nedidel\u012f kiek\u012f skysto makia\u017eo pagrindo tepti ant \u0161varios odos ar hidratacijos priemon\u0117s pavir\u0161iaus ryte, tolygiai paskirstyti nuo veido centro link i\u0161or\u0117s ir \u012f kakl\u0105 su makia\u017eo kempin\u0117le ar \u0161epet\u0117liu, kol pasiekiamas norimas padengimas ir lygus efektas.<\/p>\n<p data-start=\"1284\" data-end=\"1482\">Tinka visiems odos tipams ir visiems, kurie nori <strong data-start=\"1333\" data-end=\"1443\">klaidingai nat\u016bralios i\u0161vaizdos su matinio \u0161velnumo efektu, vienodinan\u010diu odos ton\u0105 ir lyginan\u010diu pavir\u0161i\u0173<\/strong>.<\/p>","protected":false},"excerpt":{"rendered":"<p>Lyginantis ir anti\u2011age makia\u017eo pagrindas-fluidas<\/p>","protected":false},"featured_media":13604,"comment_status":"open","ping_status":"closed","template":"","meta":[],"product_cat":[417,181],"product_tag":[],"class_list":{"0":"post-13603","1":"product","2":"type-product","3":"status-publish","4":"has-post-thumbnail","6":"product_cat-is-clinical-ir-valmont","7":"product_cat-makiazo-pagrindas","8":"pa_brands-valmont","9":"pa_talpa-amber-beige-in-florence","10":"pa_talpa-ivory-in-shanghai","11":"pa_talpa-rosy-beige-in-new-york","12":"pa_talpa-sandy-beige-in-paris","14":"first","15":"instock","16":"taxable","17":"shipping-taxable","18":"purchasable","19":"product-type-variable"},"_links":{"self":[{"href":"https:\/\/miamedic.lt\/en\/wp-json\/wp\/v2\/product\/13603","targetHints":{"allow":["GET"]}}],"collection":[{"href":"https:\/\/miamedic.lt\/en\/wp-json\/wp\/v2\/product"}],"about":[{"href":"https:\/\/miamedic.lt\/en\/wp-json\/wp\/v2\/types\/product"}],"replies":[{"embeddable":true,"href":"https:\/\/miamedic.lt\/en\/wp-json\/wp\/v2\/comments?post=13603"}],"version-history":[{"count":1,"href":"https:\/\/miamedic.lt\/en\/wp-json\/wp\/v2\/product\/13603\/revisions"}],"predecessor-version":[{"id":13613,"href":"https:\/\/miamedic.lt\/en\/wp-json\/wp\/v2\/product\/13603\/revisions\/13613"}],"wp:featuredmedia":[{"embeddable":true,"href":"https:\/\/miamedic.lt\/en\/wp-json\/wp\/v2\/media\/13604"}],"wp:attachment":[{"href":"https:\/\/miamedic.lt\/en\/wp-json\/wp\/v2\/media?parent=13603"}],"wp:term":[{"taxonomy":"product_cat","embeddable":true,"href":"https:\/\/miamedic.lt\/en\/wp-json\/wp\/v2\/product_cat?post=13603"},{"taxonomy":"product_tag","embeddable":true,"href":"https:\/\/miamedic.lt\/en\/wp-json\/wp\/v2\/product_tag?post=13603"}],"curies":[{"name":"wp","href":"https:\/\/api.w.org\/{rel}","templated":true}]}}