{"id":13600,"date":"2026-03-05T11:05:46","date_gmt":"2026-03-05T11:05:46","guid":{"rendered":"https:\/\/miamedic.lt\/?post_type=product&#038;p=13600"},"modified":"2026-03-13T11:47:49","modified_gmt":"2026-03-13T11:47:49","slug":"valmont-serum-majestueux-vos-yeux","status":"publish","type":"product","link":"https:\/\/miamedic.lt\/en\/shop\/valmont-serum-majestueux-vos-yeux\/","title":{"rendered":"Valmont Serum Majestueux Vos Yeux"},"content":{"rendered":"<p data-start=\"0\" data-end=\"87\"><strong data-start=\"0\" data-end=\"87\"><span class=\"whitespace-normal\">Valmont S\u00e9rum Majestueux Vos Yeux<\/span> \u2013 liftingo efekt\u0105 suteikiantis paaki\u0173 serumas<\/strong><\/p>\n<p data-start=\"89\" data-end=\"634\">Lengvos, greitai \u012fsigerian\u010dios emulsijos tekst\u016bros paaki\u0173 serumas, sukurtas <strong data-start=\"165\" data-end=\"247\">liftinguoti vir\u0161utin\u012f vokus, tonizuoti od\u0105 ir suma\u017einti rauk\u0161leles aplink akis<\/strong>. Priemon\u0117 paskatina paaki\u0173 srities regeneracij\u0105 ir dr\u0117kinim\u0105, tod\u0117l aki\u0173 kont\u016bras atrodo labiau pakeltas, lygesnis ir atgaivintas. Formul\u0117je derinami aktyv\u016bs kompleksai, \u012fskaitant <strong data-start=\"428\" data-end=\"485\">\u201cEssence of Bees\u201d su medumi, propoliu ir gel\u00e9e royale<\/strong>, kurie <strong data-start=\"493\" data-end=\"524\">maitina, ramina ir stiprina<\/strong> od\u0105, bei peptid\u0173 kompleksas, skatinantis odos elastingum\u0105 ir stangrum\u0105.<\/p>\n<p data-start=\"636\" data-end=\"649\"><strong data-start=\"636\" data-end=\"649\">Effect:<\/strong><\/p>\n<p data-start=\"651\" data-end=\"936\">\u2022 Tonizuoja paaki\u0173 od\u0105 ir suteikia liftingo poj\u016bt\u012f<br data-start=\"701\" data-end=\"704\" \/>\u2022 Pakelia vir\u0161utin\u012f vok\u0105 ir suma\u017eina rauk\u0161leles<br data-start=\"751\" data-end=\"754\" \/>\u2022 Intensyviai dr\u0117kina ir regeneruoja plon\u0105 odos srit\u012f<br data-start=\"807\" data-end=\"810\" \/>\u2022 Skatina odos elastingum\u0105 ir tvirtum\u0105<br data-start=\"848\" data-end=\"851\" \/>\u2022 Aki\u0173 sritis atrodo gaivesn\u0117 ir jaunatvi\u0161kesn\u0117<\/p>\n<p data-start=\"938\" data-end=\"953\"><strong data-start=\"938\" data-end=\"953\">Usage:<\/strong><\/p>\n<p data-start=\"955\" data-end=\"1290\">Naudoti pagal kosmetologo rekomendacijas. Ryte ir (arba) vakare vien\u0105 pumpel\u012f serumo tepti ant \u0161varios paaki\u0173 srities, prad\u0117ti nuo apatin\u0117s akies kont\u016bro vidinio kampo ir \u0161velniai lyginti link i\u0161or\u0117s ir vir\u0161utinio voko. Lengvai tap\u0161noti, kol produktas visi\u0161kai \u012fsigers, prie\u0161 tepdami paaki\u0173 krem\u0105.<\/p>\n<p data-start=\"1292\" data-end=\"1509\">Tinka vis\u0173 tip\u0173 odai, ypa\u010d jei paaki\u0173 srityje pastebimos <strong data-start=\"1349\" data-end=\"1401\">sagging (krit\u0119) ar nuleid\u0119 voko srities po\u017eymiai<\/strong>, rauk\u0161lel\u0117s ar norimas <strong data-start=\"1425\" data-end=\"1470\">liftingo efektas ir atgaivintas \u017evilgsnis<\/strong>.<\/p>","protected":false},"excerpt":{"rendered":"<p>Liftingo efekt\u0105 suteikiantis paaki\u0173 serumas<\/p>","protected":false},"featured_media":13601,"comment_status":"open","ping_status":"closed","template":"","meta":[],"product_cat":[417,83],"product_tag":[],"class_list":{"0":"post-13600","1":"product","2":"type-product","3":"status-publish","4":"has-post-thumbnail","6":"product_cat-is-clinical-ir-valmont","7":"product_cat-paakiu-kremai","8":"pa_brands-valmont","9":"pa_talpa-15ml","11":"first","12":"instock","13":"taxable","14":"shipping-taxable","15":"purchasable","16":"product-type-simple"},"_links":{"self":[{"href":"https:\/\/miamedic.lt\/en\/wp-json\/wp\/v2\/product\/13600","targetHints":{"allow":["GET"]}}],"collection":[{"href":"https:\/\/miamedic.lt\/en\/wp-json\/wp\/v2\/product"}],"about":[{"href":"https:\/\/miamedic.lt\/en\/wp-json\/wp\/v2\/types\/product"}],"replies":[{"embeddable":true,"href":"https:\/\/miamedic.lt\/en\/wp-json\/wp\/v2\/comments?post=13600"}],"version-history":[{"count":1,"href":"https:\/\/miamedic.lt\/en\/wp-json\/wp\/v2\/product\/13600\/revisions"}],"predecessor-version":[{"id":13602,"href":"https:\/\/miamedic.lt\/en\/wp-json\/wp\/v2\/product\/13600\/revisions\/13602"}],"wp:featuredmedia":[{"embeddable":true,"href":"https:\/\/miamedic.lt\/en\/wp-json\/wp\/v2\/media\/13601"}],"wp:attachment":[{"href":"https:\/\/miamedic.lt\/en\/wp-json\/wp\/v2\/media?parent=13600"}],"wp:term":[{"taxonomy":"product_cat","embeddable":true,"href":"https:\/\/miamedic.lt\/en\/wp-json\/wp\/v2\/product_cat?post=13600"},{"taxonomy":"product_tag","embeddable":true,"href":"https:\/\/miamedic.lt\/en\/wp-json\/wp\/v2\/product_tag?post=13600"}],"curies":[{"name":"wp","href":"https:\/\/api.w.org\/{rel}","templated":true}]}}