{"id":13596,"date":"2026-03-05T10:52:45","date_gmt":"2026-03-05T10:52:45","guid":{"rendered":"https:\/\/miamedic.lt\/?post_type=product&#038;p=13596"},"modified":"2026-03-13T11:47:56","modified_gmt":"2026-03-13T11:47:56","slug":"valmont-creme-de-masque-majestueuse","status":"publish","type":"product","link":"https:\/\/miamedic.lt\/en\/shop\/valmont-creme-de-masque-majestueuse\/","title":{"rendered":"Valmont Creme de Masque Majestueuse"},"content":{"rendered":"<p data-start=\"0\" data-end=\"123\"><strong data-start=\"0\" data-end=\"123\">Valmont Elixir des Glaciers Cr\u00e8me de Masque Majestueuse \u2013 intensyviai maitinanti ir regeneruojanti veido kauk\u0117 \/ kremas<\/strong><\/p>\n<p data-start=\"125\" data-end=\"682\">Prabangi universalios paskirties veido priemon\u0117, kuri\u0105 galima naudoti kasdien kaip <strong data-start=\"208\" data-end=\"249\">maitiimo ir komforto suteikiant\u012f krem\u0105<\/strong> arba vien\u0105\u2011du kartus per savait\u0119 kaip <strong data-start=\"288\" data-end=\"327\">intensyviai maitinan\u010di\u0105 veido kauk\u0119<\/strong>. Formul\u0117 praturtinta vertingais \u0161veicari\u0161kais bi\u010di\u0173 produkt\u0173 kompleksais \u2013 <strong data-start=\"403\" data-end=\"439\">medumi, propoliu ir gel\u00e9e royale<\/strong>, kurie kartu su liposominiais <strong data-start=\"470\" data-end=\"496\">DNA ir RNA ekstraktais<\/strong> intensyviai dr\u0117kina, maitina, ramina ir regeneruoja od\u0105, padeda suma\u017einti sausumo \u017eenklus ir suteikti odai i\u0161lygint\u0105, mink\u0161t\u0105 bei sveikesn\u012f vaizd\u0105.<\/p>\n<p data-start=\"684\" data-end=\"697\"><strong data-start=\"684\" data-end=\"697\">Effect:<\/strong><\/p>\n<p data-start=\"699\" data-end=\"953\">\u2022 Intensyviai maitina ir dr\u0117kina od\u0105<br data-start=\"735\" data-end=\"738\" \/>\u2022 Skatina odos regeneracij\u0105 ir komfort\u0105<br data-start=\"777\" data-end=\"780\" \/>\u2022 Lygina odos pavir\u0161i\u0173 ir mink\u0161tina<br data-start=\"815\" data-end=\"818\" \/>\u2022 Ramina od\u0105 ir ma\u017eina sausumo po\u017eymius<br data-start=\"857\" data-end=\"860\" \/>\u2022 Suteikia odai nat\u016bral\u0173 sveikesn\u012f atspalv\u012f ir \u0161velnum\u0105<\/p>\n<p data-start=\"955\" data-end=\"970\"><strong data-start=\"955\" data-end=\"970\">Usage:<\/strong><\/p>\n<p data-start=\"972\" data-end=\"1461\">Naudoti pagal kosmetologo rekomendacijas. Kaip kasdien\u012f krem\u0105 \u2013 tepti ant \u0161varios veido ir kaklo odos ryte ir (arba) vakare ir \u0161velniai \u012fmasa\u017euoti, kol visi\u0161kai \u012fsigers. Kaip kauk\u0119 \u2013 vien\u0105 ar du kartus per savait\u0119 u\u017etepti storesn\u012f sluoksn\u012f ant \u0161varios odos, \u0161velniai masa\u017euoti 1\u20132 minutes, palikti veikti apie 5 minutes, \u0161velniai masa\u017euoti dr\u0117gnomis rankomis, kol tekst\u016bra pasikei\u010dia \u012f pienelio konsistencij\u0105, tada nuplauti ir t\u0119sti \u012fprast\u0105 prie\u017ei\u016br\u0105.<\/p>\n<p data-start=\"1463\" data-end=\"1660\">Tinka vis\u0173 tip\u0173 odai, ypa\u010d <strong data-start=\"1490\" data-end=\"1539\">sauso, brandesnio ar dehidratavusio tipo odai<\/strong>, siekiant intensyvios mitybos, komforto ir odos \u0161velnumo bei \u0161velnesn\u0117s tekst\u016bros.<\/p>","protected":false},"excerpt":{"rendered":"<p>Intensyviai maitinanti ir regeneruojanti veido kauk\u0117 \/ kremas<\/p>","protected":false},"featured_media":13598,"comment_status":"open","ping_status":"closed","template":"","meta":[],"product_cat":[417,420,129],"product_tag":[],"class_list":{"0":"post-13596","1":"product","2":"type-product","3":"status-publish","4":"has-post-thumbnail","6":"product_cat-is-clinical-ir-valmont","7":"product_cat-veido-kaukes","8":"product_cat-veido-kremai","9":"pa_brands-valmont","10":"pa_talpa-50ml-2","12":"first","13":"instock","14":"taxable","15":"shipping-taxable","16":"purchasable","17":"product-type-simple"},"_links":{"self":[{"href":"https:\/\/miamedic.lt\/en\/wp-json\/wp\/v2\/product\/13596","targetHints":{"allow":["GET"]}}],"collection":[{"href":"https:\/\/miamedic.lt\/en\/wp-json\/wp\/v2\/product"}],"about":[{"href":"https:\/\/miamedic.lt\/en\/wp-json\/wp\/v2\/types\/product"}],"replies":[{"embeddable":true,"href":"https:\/\/miamedic.lt\/en\/wp-json\/wp\/v2\/comments?post=13596"}],"version-history":[{"count":1,"href":"https:\/\/miamedic.lt\/en\/wp-json\/wp\/v2\/product\/13596\/revisions"}],"predecessor-version":[{"id":13599,"href":"https:\/\/miamedic.lt\/en\/wp-json\/wp\/v2\/product\/13596\/revisions\/13599"}],"wp:featuredmedia":[{"embeddable":true,"href":"https:\/\/miamedic.lt\/en\/wp-json\/wp\/v2\/media\/13598"}],"wp:attachment":[{"href":"https:\/\/miamedic.lt\/en\/wp-json\/wp\/v2\/media?parent=13596"}],"wp:term":[{"taxonomy":"product_cat","embeddable":true,"href":"https:\/\/miamedic.lt\/en\/wp-json\/wp\/v2\/product_cat?post=13596"},{"taxonomy":"product_tag","embeddable":true,"href":"https:\/\/miamedic.lt\/en\/wp-json\/wp\/v2\/product_tag?post=13596"}],"curies":[{"name":"wp","href":"https:\/\/api.w.org\/{rel}","templated":true}]}}