{"id":13593,"date":"2026-03-05T10:43:25","date_gmt":"2026-03-05T10:43:25","guid":{"rendered":"https:\/\/miamedic.lt\/?post_type=product&#038;p=13593"},"modified":"2026-03-13T11:48:03","modified_gmt":"2026-03-13T11:48:03","slug":"valmont-huile-majestueuse","status":"publish","type":"product","link":"https:\/\/miamedic.lt\/en\/shop\/valmont-huile-majestueuse\/","title":{"rendered":"Valmont Huile Majestueuse"},"content":{"rendered":"<p data-start=\"0\" data-end=\"70\"><strong data-start=\"0\" data-end=\"70\">Valmont Huile Majestueuse \u2013 praturtintas maitinantis veido aliejus<\/strong><\/p>\n<p data-start=\"72\" data-end=\"606\">Prabangi maitinanti veido aliejaus priemon\u0117, sukurta intensyviai <strong data-start=\"137\" data-end=\"166\">nourish, smooth and plump<\/strong> odai su nat\u016bralios kilm\u0117s ingredient\u0173 kompleksu i\u0161 \u0161veicari\u0161k\u0173 bi\u010di\u0173 produkt\u0173. Formul\u0117, kurioje net <strong data-start=\"267\" data-end=\"314\">97\u202f% sudedam\u0173j\u0173 dali\u0173 yra nat\u016bralios kilm\u0117s<\/strong>, apima <strong data-start=\"322\" data-end=\"357\">miel\u0119, propol\u012f ir bi\u010di\u0173 pienel\u012f<\/strong>, kurie kartu stiprina odos barjer\u0105, maitina, ramina ir padeda atkurti jaunatvi\u0161k\u0105 odos i\u0161vaizd\u0105. \u0160is lengvos tekst\u016bros aliejus greitai \u012fsigeria, palikdamas od\u0105 \u0161velni\u0105 ir spindin\u010di\u0105 be riebios pl\u0117vel\u0117s poj\u016b\u010dio.<\/p>\n<p data-start=\"608\" data-end=\"621\"><strong data-start=\"608\" data-end=\"621\">Effect:<\/strong><\/p>\n<p data-start=\"623\" data-end=\"897\">\u2022 Intensyviai <strong data-start=\"637\" data-end=\"648\">nourish<\/strong> ir maitina od\u0105<br data-start=\"663\" data-end=\"666\" \/>\u2022 <strong data-start=\"668\" data-end=\"689\">Sulygina pavir\u0161i\u0173<\/strong>, padeda u\u017epildyti smulkias linijas<br data-start=\"724\" data-end=\"727\" \/>\u2022 Stiprina <strong data-start=\"738\" data-end=\"763\">nat\u016bral\u0173 odos barjer\u0105<\/strong><br data-start=\"763\" data-end=\"766\" \/>\u2022 Skatina odos <strong data-start=\"781\" data-end=\"808\">elastingum\u0105 ir \u0161velnum\u0105<\/strong><br data-start=\"808\" data-end=\"811\" \/>\u2022 Suteikia odai <strong data-start=\"827\" data-end=\"859\">sveikesn\u012f, \u0161vytint\u012f atspalv\u012f<\/strong><\/p>\n<p data-start=\"899\" data-end=\"914\"><strong data-start=\"899\" data-end=\"914\">Usage:<\/strong><\/p>\n<p data-start=\"916\" data-end=\"1340\">Naudoti pagal kosmetologo rekomendacijas. Ryte ir (arba) vakare kelis la\u0161us aliejaus paskirstyti ant \u0161varios veido ir kaklo odos, \u0161velniai masa\u017euoti, kol produktas visi\u0161kai \u012fsigers. Priemon\u0119 galima naudoti <strong data-start=\"1122\" data-end=\"1150\">po serumo ir prie\u0161 krem\u0105<\/strong>, kad sustiprintum\u0117te dr\u0117kinimo ir maitinimo efekt\u0105. Siekiant dar didesnio spindesio, kelis la\u0161us galima prid\u0117ti \u012f skyst\u0105 makia\u017eo pagrind\u0105 prie\u0161 tepant.<\/p>\n<p data-start=\"1342\" data-end=\"1543\">Tinka vis\u0173 tip\u0173 odai, \u012fskaitant saus\u0105, brand\u017ei\u0105 ir net mi\u0161ri\u0105 ar riebesn\u0119 od\u0105, siekiant <strong data-start=\"1430\" data-end=\"1504\">intensyvios mitybos, regeneracijos ir nat\u016bralaus jaunatvi\u0161ko spindesio<\/strong>.<\/p>","protected":false},"excerpt":{"rendered":"<p>Praturtintas maitinantis veido aliejus<\/p>","protected":false},"featured_media":13594,"comment_status":"open","ping_status":"closed","template":"","meta":[],"product_cat":[417,379],"product_tag":[],"class_list":{"0":"post-13593","1":"product","2":"type-product","3":"status-publish","4":"has-post-thumbnail","6":"product_cat-is-clinical-ir-valmont","7":"product_cat-veido-aliejai","8":"pa_brands-valmont","9":"pa_talpa-30ml-2","11":"first","12":"instock","13":"taxable","14":"shipping-taxable","15":"purchasable","16":"product-type-simple"},"_links":{"self":[{"href":"https:\/\/miamedic.lt\/en\/wp-json\/wp\/v2\/product\/13593","targetHints":{"allow":["GET"]}}],"collection":[{"href":"https:\/\/miamedic.lt\/en\/wp-json\/wp\/v2\/product"}],"about":[{"href":"https:\/\/miamedic.lt\/en\/wp-json\/wp\/v2\/types\/product"}],"replies":[{"embeddable":true,"href":"https:\/\/miamedic.lt\/en\/wp-json\/wp\/v2\/comments?post=13593"}],"version-history":[{"count":1,"href":"https:\/\/miamedic.lt\/en\/wp-json\/wp\/v2\/product\/13593\/revisions"}],"predecessor-version":[{"id":13595,"href":"https:\/\/miamedic.lt\/en\/wp-json\/wp\/v2\/product\/13593\/revisions\/13595"}],"wp:featuredmedia":[{"embeddable":true,"href":"https:\/\/miamedic.lt\/en\/wp-json\/wp\/v2\/media\/13594"}],"wp:attachment":[{"href":"https:\/\/miamedic.lt\/en\/wp-json\/wp\/v2\/media?parent=13593"}],"wp:term":[{"taxonomy":"product_cat","embeddable":true,"href":"https:\/\/miamedic.lt\/en\/wp-json\/wp\/v2\/product_cat?post=13593"},{"taxonomy":"product_tag","embeddable":true,"href":"https:\/\/miamedic.lt\/en\/wp-json\/wp\/v2\/product_tag?post=13593"}],"curies":[{"name":"wp","href":"https:\/\/api.w.org\/{rel}","templated":true}]}}