{"id":13590,"date":"2026-03-05T10:39:01","date_gmt":"2026-03-05T10:39:01","guid":{"rendered":"https:\/\/miamedic.lt\/?post_type=product&#038;p=13590"},"modified":"2026-03-13T11:48:12","modified_gmt":"2026-03-13T11:48:12","slug":"valmont-elixir-des-glaciers-vos-yeux","status":"publish","type":"product","link":"https:\/\/miamedic.lt\/en\/shop\/valmont-elixir-des-glaciers-vos-yeux\/","title":{"rendered":"Valmont Elixir des Glaciers &#8222;Vos Yeux&#8221;"},"content":{"rendered":"<p data-start=\"0\" data-end=\"92\"><strong data-start=\"0\" data-end=\"92\">Valmont Elixir des Glaciers \u201cVos Yeux\u201d \u2013 kompleksi\u0161ka paaki\u0173 srities prie\u017ei\u016bros priemon\u0117<\/strong><\/p>\n<p data-start=\"94\" data-end=\"545\">Veiklios, velveto tekst\u016bros paaki\u0173 kremas, sukurtas intensyviai <strong data-start=\"158\" data-end=\"206\">dr\u0117kinti, lyginti ir atgaivinti aki\u0173 kont\u016br\u0105<\/strong> bei suma\u017einti matomus sen\u0117jimo po\u017eymius. Formul\u0117 padeda ma\u017einti <strong data-start=\"271\" data-end=\"325\">tamsius ratilus, paburkimus ir smulkias rauk\u0161leles<\/strong>, tuo pa\u010diu skatindama odos spindes\u012f ir gaivumo poj\u016bt\u012f aplink akis. Priemon\u0117 tinka visiems odos tipams ir ypa\u010d rekomenduojama, kai paaki\u0173 sritis atrodo pavargusi ar su nery\u0161kiu tonu.<\/p>\n<p data-start=\"547\" data-end=\"560\"><strong data-start=\"547\" data-end=\"560\">Effect:<\/strong><\/p>\n<p data-start=\"562\" data-end=\"838\">\u2022 Intensyviai dr\u0117kina ir mink\u0161tina paaki\u0173 od\u0105<br data-start=\"607\" data-end=\"610\" \/>\u2022 Suma\u017eina tamsius ratilus po akimis<br data-start=\"646\" data-end=\"649\" \/>\u2022 Ma\u017eina paburkim\u0105 ir dekongestuoja paaki\u0173 srit\u012f<br data-start=\"697\" data-end=\"700\" \/>\u2022 Lygina smulkias linijas ir rauk\u0161leles<br data-start=\"739\" data-end=\"742\" \/>\u2022 Atgaivina ir suteikia jaunatvi\u0161kesn\u012f, spindint\u012f i\u0161vaizd\u0105<\/p>\n<p data-start=\"840\" data-end=\"855\"><strong data-start=\"840\" data-end=\"855\">Usage:<\/strong><\/p>\n<p data-start=\"857\" data-end=\"1136\">Naudoti pagal kosmetologo rekomendacijas. Nedidel\u012f kiek\u012f kremo su \u0161velniais tap\u0161nojimo judesiais tepti ant \u0161varios paaki\u0173 odos ryte ir (arba) vakare, kol priemon\u0117 visi\u0161kai \u012fsigers. Atkreipti d\u0117mes\u012f \u012f sritis su tamsiais ratilais ir paburkimu.<\/p>\n<p data-start=\"1138\" data-end=\"1357\">Tinka vis\u0173 tip\u0173 odai, ypa\u010d jei paaki\u0173 srityje pastebimas nuovargio \u017eenklas, tams\u016bs ratilai, paburkimai ar smulkios linijos, siekiant <strong data-start=\"1271\" data-end=\"1318\">pagerinti odos ton\u0105 ir i\u0161vaizd\u0105 aplink akis<\/strong>.<\/p>","protected":false},"excerpt":{"rendered":"<p>Kompleksi\u0161ka paaki\u0173 srities prie\u017ei\u016bros priemon\u0117<\/p>","protected":false},"featured_media":13591,"comment_status":"open","ping_status":"closed","template":"","meta":[],"product_cat":[417,83],"product_tag":[],"class_list":{"0":"post-13590","1":"product","2":"type-product","3":"status-publish","4":"has-post-thumbnail","6":"product_cat-is-clinical-ir-valmont","7":"product_cat-paakiu-kremai","8":"pa_brands-valmont","9":"pa_talpa-15ml","11":"first","12":"instock","13":"taxable","14":"shipping-taxable","15":"purchasable","16":"product-type-simple"},"_links":{"self":[{"href":"https:\/\/miamedic.lt\/en\/wp-json\/wp\/v2\/product\/13590","targetHints":{"allow":["GET"]}}],"collection":[{"href":"https:\/\/miamedic.lt\/en\/wp-json\/wp\/v2\/product"}],"about":[{"href":"https:\/\/miamedic.lt\/en\/wp-json\/wp\/v2\/types\/product"}],"replies":[{"embeddable":true,"href":"https:\/\/miamedic.lt\/en\/wp-json\/wp\/v2\/comments?post=13590"}],"version-history":[{"count":1,"href":"https:\/\/miamedic.lt\/en\/wp-json\/wp\/v2\/product\/13590\/revisions"}],"predecessor-version":[{"id":13592,"href":"https:\/\/miamedic.lt\/en\/wp-json\/wp\/v2\/product\/13590\/revisions\/13592"}],"wp:featuredmedia":[{"embeddable":true,"href":"https:\/\/miamedic.lt\/en\/wp-json\/wp\/v2\/media\/13591"}],"wp:attachment":[{"href":"https:\/\/miamedic.lt\/en\/wp-json\/wp\/v2\/media?parent=13590"}],"wp:term":[{"taxonomy":"product_cat","embeddable":true,"href":"https:\/\/miamedic.lt\/en\/wp-json\/wp\/v2\/product_cat?post=13590"},{"taxonomy":"product_tag","embeddable":true,"href":"https:\/\/miamedic.lt\/en\/wp-json\/wp\/v2\/product_tag?post=13590"}],"curies":[{"name":"wp","href":"https:\/\/api.w.org\/{rel}","templated":true}]}}