{"id":13587,"date":"2026-03-05T10:35:58","date_gmt":"2026-03-05T10:35:58","guid":{"rendered":"https:\/\/miamedic.lt\/?post_type=product&#038;p=13587"},"modified":"2026-03-13T11:48:18","modified_gmt":"2026-03-13T11:48:18","slug":"valmont-elixir-des-glaciers-votre-visage","status":"publish","type":"product","link":"https:\/\/miamedic.lt\/en\/shop\/valmont-elixir-des-glaciers-votre-visage\/","title":{"rendered":"Valmont Elixir des Glaciers &#8222;Votre visage&#8221;"},"content":{"rendered":"<p data-start=\"0\" data-end=\"89\"><strong data-start=\"0\" data-end=\"89\">Valmont Elixir des Glaciers \u201cVotre Visage\u201d \u2013 anti\u2011age veido kremas su liftingo efektu<\/strong><\/p>\n<p data-start=\"91\" data-end=\"503\">Prabangi anti\u2011sen\u0117jimo formul\u0117, sukurta <strong data-start=\"131\" data-end=\"178\">skaistinti, lyginti ir stangrinti veido od\u0105<\/strong>. Kremas pasi\u017eymi \u0161velnia, lengvos tekst\u016bros konsistencija, kuri intensyviai <strong data-start=\"255\" data-end=\"319\">dr\u0117kina, gerina odos strukt\u016br\u0105 ir suteikia nat\u016bral\u0173 spindes\u012f<\/strong>. \u0160i priemon\u0117 jungia <strong data-start=\"340\" data-end=\"410\">aktyvius anti\u2011age ingredientus, lipidus bei glacial (ledo) vanden\u012f<\/strong>, kad oda atrodyt\u0173 lygesn\u0117, gaivesn\u0117 ir jaunatvi\u0161kesn\u0117.<\/p>\n<p data-start=\"505\" data-end=\"518\"><strong data-start=\"505\" data-end=\"518\">Effect:<\/strong><\/p>\n<p data-start=\"520\" data-end=\"787\">\u2022 Suteikia liftingo efekt\u0105 ir stangrina od\u0105<br data-start=\"563\" data-end=\"566\" \/>\u2022 Lygina smulkias linijas ir rauk\u0161leles<br data-start=\"605\" data-end=\"608\" \/>\u2022 Pagerina odos tekst\u016br\u0105 ir pore matomum\u0105<br data-start=\"649\" data-end=\"652\" \/>\u2022 Intensyviai dr\u0117kina ir atgaivina od\u0105<br data-start=\"690\" data-end=\"693\" \/>\u2022 Skatina nat\u016bral\u0173 odos spindes\u012f ir jaunatvi\u0161k\u0105 i\u0161vaizd\u0105<\/p>\n<p data-start=\"789\" data-end=\"804\"><strong data-start=\"789\" data-end=\"804\">Usage:<\/strong><\/p>\n<p data-start=\"806\" data-end=\"1010\">Naudoti pagal kosmetologo rekomendacijas. Nedidel\u012f kiek\u012f kremo tepti ant \u0161varios veido ir kaklo odos ryte ir (arba) vakare, \u0161velniai \u012fmasa\u017euoti, kol visi\u0161kai \u012fsigers.<\/p>\n<p data-start=\"1012\" data-end=\"1174\">Tinka vis\u0173 tip\u0173 odai, ypa\u010d tiems, kurie siekia <strong data-start=\"1059\" data-end=\"1135\">anti\u2011age prie\u017ei\u016bros, odos stangrinimo, lygesnio tono ir \u0161vyt\u0117jimo efekto<\/strong>.<\/p>","protected":false},"excerpt":{"rendered":"<p>Anti\u2011age veido kremas su liftingo efektu<\/p>","protected":false},"featured_media":13588,"comment_status":"open","ping_status":"closed","template":"","meta":[],"product_cat":[417,129],"product_tag":[],"class_list":{"0":"post-13587","1":"product","2":"type-product","3":"status-publish","4":"has-post-thumbnail","6":"product_cat-is-clinical-ir-valmont","7":"product_cat-veido-kremai","8":"pa_brands-valmont","9":"pa_talpa-50ml-2","11":"first","12":"instock","13":"taxable","14":"shipping-taxable","15":"purchasable","16":"product-type-simple"},"_links":{"self":[{"href":"https:\/\/miamedic.lt\/en\/wp-json\/wp\/v2\/product\/13587","targetHints":{"allow":["GET"]}}],"collection":[{"href":"https:\/\/miamedic.lt\/en\/wp-json\/wp\/v2\/product"}],"about":[{"href":"https:\/\/miamedic.lt\/en\/wp-json\/wp\/v2\/types\/product"}],"replies":[{"embeddable":true,"href":"https:\/\/miamedic.lt\/en\/wp-json\/wp\/v2\/comments?post=13587"}],"version-history":[{"count":1,"href":"https:\/\/miamedic.lt\/en\/wp-json\/wp\/v2\/product\/13587\/revisions"}],"predecessor-version":[{"id":13589,"href":"https:\/\/miamedic.lt\/en\/wp-json\/wp\/v2\/product\/13587\/revisions\/13589"}],"wp:featuredmedia":[{"embeddable":true,"href":"https:\/\/miamedic.lt\/en\/wp-json\/wp\/v2\/media\/13588"}],"wp:attachment":[{"href":"https:\/\/miamedic.lt\/en\/wp-json\/wp\/v2\/media?parent=13587"}],"wp:term":[{"taxonomy":"product_cat","embeddable":true,"href":"https:\/\/miamedic.lt\/en\/wp-json\/wp\/v2\/product_cat?post=13587"},{"taxonomy":"product_tag","embeddable":true,"href":"https:\/\/miamedic.lt\/en\/wp-json\/wp\/v2\/product_tag?post=13587"}],"curies":[{"name":"wp","href":"https:\/\/api.w.org\/{rel}","templated":true}]}}