{"id":13583,"date":"2026-03-05T10:29:48","date_gmt":"2026-03-05T10:29:48","guid":{"rendered":"https:\/\/miamedic.lt\/?post_type=product&#038;p=13583"},"modified":"2026-03-13T11:48:25","modified_gmt":"2026-03-13T11:48:25","slug":"valmont-body-24-hour-tube","status":"publish","type":"product","link":"https:\/\/miamedic.lt\/en\/shop\/valmont-body-24-hour-tube\/","title":{"rendered":"Valmont Body 24 Hour Tube"},"content":{"rendered":"<p data-start=\"0\" data-end=\"79\"><strong data-start=\"0\" data-end=\"79\">Valmont Body 24 Hour Tube \u2013 intensyviai dr\u0117kinantis ir anti\u2011age k\u016bno kremas<\/strong><\/p>\n<p data-start=\"81\" data-end=\"567\">Turtingos ir kremi\u0161kos tekst\u016bros kremas, sukurtas <strong data-start=\"131\" data-end=\"198\">intensyviai dr\u0117kinti, maitinti ir apsaugoti k\u016bno od\u0105 vis\u0105 dien\u0105<\/strong>. Priemon\u0117 akimirksniu \u012fsigeria ir suteikia ilgalaik\u012f komforto poj\u016bt\u012f, ma\u017eina sausumo ir tempimo simptomus bei padeda i\u0161laikyti odos \u0161velnum\u0105 ir elastingum\u0105. Formul\u0117 su aktyviais ingredientais prisideda prie odos hidratacijos, regeneracijos ir padeda apsaugoti j\u0105 nuo matom\u0173 sen\u0117jimo po\u017eymi\u0173, tod\u0117l oda atrodo lygesn\u0117 ir sveikesn\u0117.<\/p>\n<p data-start=\"569\" data-end=\"582\"><strong data-start=\"569\" data-end=\"582\">Effect:<\/strong><\/p>\n<p data-start=\"584\" data-end=\"864\">\u2022 Intensyviai dr\u0117kina ir ma\u017eina sausumo poj\u016bt\u012f<br data-start=\"630\" data-end=\"633\" \/>\u2022 Maitina epiderm\u012f ir palaiko komfort\u0105 iki 24 valand\u0173<br data-start=\"686\" data-end=\"689\" \/>\u2022 Skatina odos barjero atk\u016brim\u0105 ir elastingum\u0105<br data-start=\"735\" data-end=\"738\" \/>\u2022 Suteikia odai \u0161velnumo ir lygumo<br data-start=\"772\" data-end=\"775\" \/>\u2022 Padeda kovoti su matomais odos sen\u0117jimo po\u017eymiais<\/p>\n<p data-start=\"866\" data-end=\"881\"><strong data-start=\"866\" data-end=\"881\">Usage:<\/strong><\/p>\n<p data-start=\"883\" data-end=\"1078\">Naudoti pagal kosmetologo rekomendacijas. Ryte ir (arba) vakare po du\u0161o ar vonios tepti krem\u0105 ant sausos k\u016bno odos, \u0161velniai masa\u017euoti, kol visi\u0161kai \u012fsigers.<\/p>\n<p data-start=\"1080\" data-end=\"1234\">Tinka vis\u0173 tip\u0173 odai, ypa\u010d sausai ar dehidratavusiai odai, siekiant <strong data-start=\"1148\" data-end=\"1195\">ilgalaik\u0117s dr\u0117kinimo ir komforto vis\u0105 dien\u0105<\/strong>.<\/p>","protected":false},"excerpt":{"rendered":"<p>Intensyviai dr\u0117kinantis ir anti\u2011age k\u016bno kremas<\/p>","protected":false},"featured_media":13584,"comment_status":"open","ping_status":"closed","template":"","meta":[],"product_cat":[417,113],"product_tag":[],"class_list":{"0":"post-13583","1":"product","2":"type-product","3":"status-publish","4":"has-post-thumbnail","6":"product_cat-is-clinical-ir-valmont","7":"product_cat-kuno-kremas","8":"pa_brands-valmont","9":"pa_talpa-150ml","11":"first","12":"instock","13":"taxable","14":"shipping-taxable","15":"purchasable","16":"product-type-simple"},"_links":{"self":[{"href":"https:\/\/miamedic.lt\/en\/wp-json\/wp\/v2\/product\/13583","targetHints":{"allow":["GET"]}}],"collection":[{"href":"https:\/\/miamedic.lt\/en\/wp-json\/wp\/v2\/product"}],"about":[{"href":"https:\/\/miamedic.lt\/en\/wp-json\/wp\/v2\/types\/product"}],"replies":[{"embeddable":true,"href":"https:\/\/miamedic.lt\/en\/wp-json\/wp\/v2\/comments?post=13583"}],"version-history":[{"count":1,"href":"https:\/\/miamedic.lt\/en\/wp-json\/wp\/v2\/product\/13583\/revisions"}],"predecessor-version":[{"id":13586,"href":"https:\/\/miamedic.lt\/en\/wp-json\/wp\/v2\/product\/13583\/revisions\/13586"}],"wp:featuredmedia":[{"embeddable":true,"href":"https:\/\/miamedic.lt\/en\/wp-json\/wp\/v2\/media\/13584"}],"wp:attachment":[{"href":"https:\/\/miamedic.lt\/en\/wp-json\/wp\/v2\/media?parent=13583"}],"wp:term":[{"taxonomy":"product_cat","embeddable":true,"href":"https:\/\/miamedic.lt\/en\/wp-json\/wp\/v2\/product_cat?post=13583"},{"taxonomy":"product_tag","embeddable":true,"href":"https:\/\/miamedic.lt\/en\/wp-json\/wp\/v2\/product_tag?post=13583"}],"curies":[{"name":"wp","href":"https:\/\/api.w.org\/{rel}","templated":true}]}}