{"id":13580,"date":"2026-03-05T10:22:46","date_gmt":"2026-03-05T10:22:46","guid":{"rendered":"https:\/\/miamedic.lt\/?post_type=product&#038;p=13580"},"modified":"2026-03-13T11:48:32","modified_gmt":"2026-03-13T11:48:32","slug":"valmont-hand-24-hour","status":"publish","type":"product","link":"https:\/\/miamedic.lt\/en\/shop\/valmont-hand-24-hour\/","title":{"rendered":"Valmont Hand 24 Hour"},"content":{"rendered":"<p data-start=\"0\" data-end=\"69\"><strong data-start=\"0\" data-end=\"69\">Valmont Hand 24 Hour \u2013 maitinamasis ir atjauninantis rank\u0173 kremas<\/strong><\/p>\n<p data-start=\"71\" data-end=\"569\">Lengvos, bet turtingos tekst\u016bros kremas, sukurtas intensyviai <strong data-start=\"133\" data-end=\"178\">dr\u0117kinti, maitinti ir apsaugoti rank\u0173 od\u0105<\/strong>, kovojant su matomais sen\u0117jimo po\u017eymiais. \u0160i prabangi priemon\u0117 greitai \u012fsigeria, nepalieka lipnumo ir sukuria apsaugin\u012f barjer\u0105, kuris palaiko rank\u0173 odos komfort\u0105 ir mink\u0161tum\u0105 iki 24 valand\u0173 po vien\u0105kartinio naudojimo. Nuolatinis naudojimas padeda stiprinti odos atsparum\u0105, gerina dr\u0117gm\u0117s balans\u0105 ir suteikia rankoms \u0161velnesn\u0119, jaunatvi\u0161kesn\u0119 i\u0161vaizd\u0105.<\/p>\n<p data-start=\"571\" data-end=\"584\"><strong data-start=\"571\" data-end=\"584\">Effect:<\/strong><\/p>\n<p data-start=\"586\" data-end=\"832\">\u2022 Intensyviai dr\u0117kina ir maitina od\u0105<br data-start=\"622\" data-end=\"625\" \/>\u2022 Stiprina ir atkuria odos barjer\u0105<br data-start=\"659\" data-end=\"662\" \/>\u2022 Suteikia odai mink\u0161tumo ir elastingumo<br data-start=\"702\" data-end=\"705\" \/>\u2022 Apsaugo ir ramina rank\u0173 od\u0105 vis\u0105 dien\u0105<br data-start=\"745\" data-end=\"748\" \/>\u2022 Padeda kovoti su matomais sen\u0117jimo po\u017eymiais<\/p>\n<p data-start=\"834\" data-end=\"849\"><strong data-start=\"834\" data-end=\"849\">Usage:<\/strong><\/p>\n<p data-start=\"851\" data-end=\"1138\">Naudoti pagal poreik\u012f. Nedidel\u012f kiek\u012f kremo (\u017eirnelio dyd\u017eio) tepti ant rank\u0173 odos, pirmiausia paskirstyti ant nugar\u0117li\u0173, paskui \u012fmasa\u017euoti \u012f delnus ir odeles. Kremas greitai \u012fsigeria (apie 24 sek.), suteikdamas iki 24 valand\u0173 dr\u0117kinimo ir apsaugos.<\/p>\n<p data-start=\"1140\" data-end=\"1320\">Tinka vis\u0173 tip\u0173 odai, \u012fskaitant saus\u0105 ir brand\u017ei\u0105 od\u0105, siekiant intensyvaus dr\u0117kinimo, komforto ir apsaugos nuo i\u0161orini\u0173 stresori\u0173 vis\u0105 dien\u0105.<\/p>","protected":false},"excerpt":{"rendered":"<p>Maitinamasis ir atjauninantis rank\u0173 kremas<\/p>","protected":false},"featured_media":13581,"comment_status":"open","ping_status":"closed","template":"","meta":[],"product_cat":[417,275],"product_tag":[],"class_list":{"0":"post-13580","1":"product","2":"type-product","3":"status-publish","4":"has-post-thumbnail","6":"product_cat-is-clinical-ir-valmont","7":"product_cat-ranku-kremai","8":"pa_brands-valmont","9":"pa_talpa-75ml","11":"first","12":"instock","13":"taxable","14":"shipping-taxable","15":"purchasable","16":"product-type-simple"},"_links":{"self":[{"href":"https:\/\/miamedic.lt\/en\/wp-json\/wp\/v2\/product\/13580","targetHints":{"allow":["GET"]}}],"collection":[{"href":"https:\/\/miamedic.lt\/en\/wp-json\/wp\/v2\/product"}],"about":[{"href":"https:\/\/miamedic.lt\/en\/wp-json\/wp\/v2\/types\/product"}],"replies":[{"embeddable":true,"href":"https:\/\/miamedic.lt\/en\/wp-json\/wp\/v2\/comments?post=13580"}],"version-history":[{"count":1,"href":"https:\/\/miamedic.lt\/en\/wp-json\/wp\/v2\/product\/13580\/revisions"}],"predecessor-version":[{"id":13582,"href":"https:\/\/miamedic.lt\/en\/wp-json\/wp\/v2\/product\/13580\/revisions\/13582"}],"wp:featuredmedia":[{"embeddable":true,"href":"https:\/\/miamedic.lt\/en\/wp-json\/wp\/v2\/media\/13581"}],"wp:attachment":[{"href":"https:\/\/miamedic.lt\/en\/wp-json\/wp\/v2\/media?parent=13580"}],"wp:term":[{"taxonomy":"product_cat","embeddable":true,"href":"https:\/\/miamedic.lt\/en\/wp-json\/wp\/v2\/product_cat?post=13580"},{"taxonomy":"product_tag","embeddable":true,"href":"https:\/\/miamedic.lt\/en\/wp-json\/wp\/v2\/product_tag?post=13580"}],"curies":[{"name":"wp","href":"https:\/\/api.w.org\/{rel}","templated":true}]}}