{"id":13577,"date":"2026-03-05T10:18:08","date_gmt":"2026-03-05T10:18:08","guid":{"rendered":"https:\/\/miamedic.lt\/?post_type=product&#038;p=13577"},"modified":"2026-03-13T11:48:38","modified_gmt":"2026-03-13T11:48:38","slug":"valmont-time-master-intensive-program","status":"publish","type":"product","link":"https:\/\/miamedic.lt\/en\/shop\/valmont-time-master-intensive-program\/","title":{"rendered":"Valmont Time Master Intensive Program"},"content":{"rendered":"<p data-start=\"0\" data-end=\"92\"><strong data-start=\"0\" data-end=\"92\">Valmont Time Master Intensive Program \u2013 intensyvus antiaging odos prie\u017ei\u016bros kompleksas<\/strong><\/p>\n<p data-start=\"94\" data-end=\"482\">30\u2011dien\u0173 intensyvus anti\u2011aging programos rinkinys, sukurtas stimuliuoti odos l\u0105steli\u0173 aktyvum\u0105 ir i\u0161 esm\u0117s pagerinti odos b\u016bkl\u0119 per 28 dienas. \u0160is itin koncentruotas, \u012fvairiapusi\u0161kas l\u0105stelin\u0117s prie\u017ei\u016bros kompleksas vienu metu dr\u0117kina, tonizuoja, stangrina ir sustiprina odos spindes\u012f, tod\u0117l oda atrodo atgaivinta, atjaun\u0117jusi ir labiau suvienodinta.<\/p>\n<p data-start=\"484\" data-end=\"497\"><strong data-start=\"484\" data-end=\"497\">Effect:<\/strong><\/p>\n<p data-start=\"499\" data-end=\"783\">\u2022 Skatina odos l\u0105steli\u0173 regeneracij\u0105 ir energij\u0105<br data-start=\"547\" data-end=\"550\" \/>\u2022 Intensyviai dr\u0117kina ir prisotina od\u0105 dr\u0117gme<br data-start=\"595\" data-end=\"598\" \/>\u2022 Padeda suma\u017einti smulkias linijas ir rauk\u0161les<br data-start=\"645\" data-end=\"648\" \/>\u2022 Pagerina odos elastingum\u0105 ir tonus\u0105<br data-start=\"685\" data-end=\"688\" \/>\u2022 Suteikia odai nat\u016bral\u0173 spindes\u012f ir jaunatvi\u0161k\u0105 i\u0161vaizd\u0105<\/p>\n<p data-start=\"785\" data-end=\"800\"><strong data-start=\"785\" data-end=\"800\">Usage:<\/strong><\/p>\n<p data-start=\"802\" data-end=\"1318\">Naudoti pagal kosmetologo rekomendacijas. Ryte ir (arba) vakare 5 pumpavimus produkto u\u017etepti ant \u0161varios veido ir kaklo odos vietoje serumo. Produkt\u0105 \u0161velniai paskirstyti nuo veido centro link i\u0161or\u0117s su pakylan\u010diais, glotninan\u010diais judesiais, t\u0119siant per kakl\u0105 ir dekolt\u0117 srit\u012f. Po to, kai produktas visi\u0161kai \u012fsigers, \u0161velniai paspausti ant smakro, kaktos ir skruost\u0173, ir u\u017ebaigti prie\u017ei\u016bros rutin\u0105 tinkamu kremu. Rekomenduojamas 28 dien\u0173 ciklas, kur\u012f kartoti kas 3\u20136 m\u0117nesius.<\/p>\n<p data-start=\"1320\" data-end=\"1492\">Tinka vis\u0173 tip\u0173 odai, ypa\u010d esant odai, kuriai tr\u016bksta tonuso, dr\u0117gm\u0117s ar energijos, siekiant atkurti jaunatvi\u0161k\u0105 i\u0161vaizd\u0105 ir spindes\u012f.<\/p>","protected":false},"excerpt":{"rendered":"<p>Intensyvus antiaging odos prie\u017ei\u016bros kompleksas<\/p>","protected":false},"featured_media":13578,"comment_status":"open","ping_status":"closed","template":"","meta":[],"product_cat":[417,188,107],"product_tag":[],"class_list":{"0":"post-13577","1":"product","2":"type-product","3":"status-publish","4":"has-post-thumbnail","6":"product_cat-is-clinical-ir-valmont","7":"product_cat-rinkiniai","8":"product_cat-serumai","9":"pa_brands-valmont","11":"first","12":"instock","13":"taxable","14":"shipping-taxable","15":"purchasable","16":"product-type-simple"},"_links":{"self":[{"href":"https:\/\/miamedic.lt\/en\/wp-json\/wp\/v2\/product\/13577","targetHints":{"allow":["GET"]}}],"collection":[{"href":"https:\/\/miamedic.lt\/en\/wp-json\/wp\/v2\/product"}],"about":[{"href":"https:\/\/miamedic.lt\/en\/wp-json\/wp\/v2\/types\/product"}],"replies":[{"embeddable":true,"href":"https:\/\/miamedic.lt\/en\/wp-json\/wp\/v2\/comments?post=13577"}],"version-history":[{"count":1,"href":"https:\/\/miamedic.lt\/en\/wp-json\/wp\/v2\/product\/13577\/revisions"}],"predecessor-version":[{"id":13579,"href":"https:\/\/miamedic.lt\/en\/wp-json\/wp\/v2\/product\/13577\/revisions\/13579"}],"wp:featuredmedia":[{"embeddable":true,"href":"https:\/\/miamedic.lt\/en\/wp-json\/wp\/v2\/media\/13578"}],"wp:attachment":[{"href":"https:\/\/miamedic.lt\/en\/wp-json\/wp\/v2\/media?parent=13577"}],"wp:term":[{"taxonomy":"product_cat","embeddable":true,"href":"https:\/\/miamedic.lt\/en\/wp-json\/wp\/v2\/product_cat?post=13577"},{"taxonomy":"product_tag","embeddable":true,"href":"https:\/\/miamedic.lt\/en\/wp-json\/wp\/v2\/product_tag?post=13577"}],"curies":[{"name":"wp","href":"https:\/\/api.w.org\/{rel}","templated":true}]}}