{"id":13574,"date":"2026-03-05T10:03:28","date_gmt":"2026-03-05T10:03:28","guid":{"rendered":"https:\/\/miamedic.lt\/?post_type=product&#038;p=13574"},"modified":"2026-03-13T11:48:47","modified_gmt":"2026-03-13T11:48:47","slug":"valmont-lumimask","status":"publish","type":"product","link":"https:\/\/miamedic.lt\/en\/shop\/valmont-lumimask\/","title":{"rendered":"Valmont Lumimask"},"content":{"rendered":"<p data-start=\"0\" data-end=\"87\"><strong data-start=\"0\" data-end=\"87\">Valmont LumiMask \u2013 \u0161vei\u010diamasis ir odos atnaujinimo efekt\u0105 suteikiantis veido kauk\u0117<\/strong><\/p>\n<p data-start=\"89\" data-end=\"484\">Velveto tekst\u016bros universali kauk\u0117, kuri veikia kaip \u0161veitiklis ir intensyvios prie\u017ei\u016bros priemon\u0117, padedanti pagerinti odos tekst\u016br\u0105 ir suteikti nat\u016bral\u0173 spindes\u012f jau po vienkartinio naudojimo. \u0160i \u201eviskas viename\u201c formul\u0117 pa\u0161alina negyvas odos l\u0105steles, skatina l\u0105steli\u0173 atsinaujinim\u0105 ir pagerina odos tone ir i\u0161vaizd\u0105, tod\u0117l oda tampa lygesn\u0117 ir \u0161vytinti.<\/p>\n<p data-start=\"486\" data-end=\"499\"><strong data-start=\"486\" data-end=\"499\">Effect:<\/strong><\/p>\n<p data-start=\"501\" data-end=\"754\">\u2022 Pa\u0161alina negyvas odos l\u0105steles ir skatina odos atsinaujinim\u0105<br data-start=\"563\" data-end=\"566\" \/>\u2022 Lygina odos pavir\u0161i\u0173 ir ma\u017eina nelygumus<br data-start=\"608\" data-end=\"611\" \/>\u2022 Vienodina odos ton\u0105<br data-start=\"632\" data-end=\"635\" \/>\u2022 Suteikia nat\u016bral\u0173 \u0161vyt\u0117jim\u0105 ir spindes\u012f<br data-start=\"676\" data-end=\"679\" \/>\u2022 Pagerina odos tekst\u016br\u0105 ir mink\u0161tum\u0105<\/p>\n<p data-start=\"756\" data-end=\"771\"><strong data-start=\"756\" data-end=\"771\">Usage:<\/strong><\/p>\n<p data-start=\"773\" data-end=\"1123\">Naudoti pagal kosmetologo rekomendacijas. Kart\u0105 arba du per savait\u0119 u\u017etepkite vidutinio storio sluoksn\u012f ant \u0161varios veido odos, vengiant aki\u0173 srities, palikite veikti apie 10 minu\u010di\u0173, tada \u0161velniai masa\u017euokite ir nuplaukite vandeniu arba nuvalykite dr\u0117gna servet\u0117le. Po to t\u0119skite \u012fprast\u0105 odos prie\u017ei\u016bros rutin\u0105.<\/p>\n<p data-start=\"1125\" data-end=\"1385\">Tinka vis\u0173 tip\u0173 odai, ypa\u010d mi\u0161riai ar riebiai ar netolygios tekst\u016bros odai, siekiant atskleisti \u0161velnesn\u012f ir labiau spindint\u012f odos atspalv\u012f. Priemon\u0117s naudojimas nerekomenduojamas labai jautriai ar lengvai dirginamai odai.<\/p>","protected":false},"excerpt":{"rendered":"<p>\u0160vei\u010diamasis ir odos atnaujinimo efekt\u0105 suteikiantis veido kauk\u0117<\/p>","protected":false},"featured_media":13575,"comment_status":"open","ping_status":"closed","template":"","meta":[],"product_cat":[417,420],"product_tag":[],"class_list":{"0":"post-13574","1":"product","2":"type-product","3":"status-publish","4":"has-post-thumbnail","6":"product_cat-is-clinical-ir-valmont","7":"product_cat-veido-kaukes","8":"pa_brands-valmont","9":"pa_talpa-50ml-2","11":"first","12":"instock","13":"taxable","14":"shipping-taxable","15":"purchasable","16":"product-type-simple"},"_links":{"self":[{"href":"https:\/\/miamedic.lt\/en\/wp-json\/wp\/v2\/product\/13574","targetHints":{"allow":["GET"]}}],"collection":[{"href":"https:\/\/miamedic.lt\/en\/wp-json\/wp\/v2\/product"}],"about":[{"href":"https:\/\/miamedic.lt\/en\/wp-json\/wp\/v2\/types\/product"}],"replies":[{"embeddable":true,"href":"https:\/\/miamedic.lt\/en\/wp-json\/wp\/v2\/comments?post=13574"}],"version-history":[{"count":1,"href":"https:\/\/miamedic.lt\/en\/wp-json\/wp\/v2\/product\/13574\/revisions"}],"predecessor-version":[{"id":13576,"href":"https:\/\/miamedic.lt\/en\/wp-json\/wp\/v2\/product\/13574\/revisions\/13576"}],"wp:featuredmedia":[{"embeddable":true,"href":"https:\/\/miamedic.lt\/en\/wp-json\/wp\/v2\/media\/13575"}],"wp:attachment":[{"href":"https:\/\/miamedic.lt\/en\/wp-json\/wp\/v2\/media?parent=13574"}],"wp:term":[{"taxonomy":"product_cat","embeddable":true,"href":"https:\/\/miamedic.lt\/en\/wp-json\/wp\/v2\/product_cat?post=13574"},{"taxonomy":"product_tag","embeddable":true,"href":"https:\/\/miamedic.lt\/en\/wp-json\/wp\/v2\/product_tag?post=13574"}],"curies":[{"name":"wp","href":"https:\/\/api.w.org\/{rel}","templated":true}]}}