{"id":13571,"date":"2026-03-05T10:00:27","date_gmt":"2026-03-05T10:00:27","guid":{"rendered":"https:\/\/miamedic.lt\/?post_type=product&#038;p=13571"},"modified":"2026-03-13T11:48:53","modified_gmt":"2026-03-13T11:48:53","slug":"valmont-lumipeel","status":"publish","type":"product","link":"https:\/\/miamedic.lt\/en\/shop\/valmont-lumipeel\/","title":{"rendered":"Valmont LumiPeel"},"content":{"rendered":"<p data-start=\"88\" data-end=\"164\"><strong data-start=\"88\" data-end=\"164\">Valmont LumiPeel \u2013 \u0161velnus \u0161vei\u010diamasis losjonas odos spindesiui atkurti<\/strong><\/p>\n<p data-start=\"166\" data-end=\"515\">Lengvos tekst\u016bros \u0161vei\u010diamasis losjonas, sukurtas odos pavir\u0161iaus atnaujinimui ir nat\u016bralaus \u0161vyt\u0117jimo sustiprinimui. Formul\u0117 \u0161velniai pa\u0161alina negyvas odos l\u0105steles, lygina odos tekst\u016br\u0105 ir vienodina ton\u0105, tuo pa\u010diu i\u0161laikant odos komfort\u0105 ir dr\u0117gm\u0117s balans\u0105. Produktas padeda atskleisti gaivesn\u012f, \u0161vytint\u012f veido atspalv\u012f ir pagerina odos i\u0161vaizd\u0105.<\/p>\n<p data-start=\"517\" data-end=\"530\"><strong data-start=\"517\" data-end=\"530\">Effect:<\/strong><\/p>\n<p data-start=\"532\" data-end=\"750\">\u2022 \u0160velniai \u0161vei\u010dia od\u0105 ir pa\u0161alina negyvas l\u0105steles<br data-start=\"583\" data-end=\"586\" \/>\u2022 Lygina odos tekst\u016br\u0105 ir ma\u017eina nelygumus<br data-start=\"628\" data-end=\"631\" \/>\u2022 Vienodina odos ton\u0105<br data-start=\"652\" data-end=\"655\" \/>\u2022 Suteikia nat\u016bral\u0173 spindes\u012f ir \u0161vyt\u0117jim\u0105<br data-start=\"696\" data-end=\"699\" \/>\u2022 I\u0161laiko odos dr\u0117gm\u0117s balans\u0105 ir komforto poj\u016bt\u012f<\/p>\n<p data-start=\"752\" data-end=\"767\"><strong data-start=\"752\" data-end=\"767\">Usage:<\/strong><\/p>\n<p data-start=\"769\" data-end=\"1023\">Naudoti pagal kosmetologo rekomendacijas. Nedidel\u012f kiek\u012f losjono tepti ant \u0161varios veido ir kaklo odos su vatos tampon\u0117liu, \u0161velniai praleisti per vis\u0105 pavir\u0161i\u0173 ir palikti \u012fsigers. Po naudojimo rekomenduojama t\u0119sti odos prie\u017ei\u016bros rutin\u0105 serumu ar kremu.<\/p>\n<p data-start=\"1025\" data-end=\"1157\">Tinka vis\u0173 tip\u0173 odai, ypa\u010d esant nelygiam odos tonui, mi\u0161riai ar netolygiai odai, siekiant atkurti nat\u016bral\u0173 spindes\u012f ir \u0161vyt\u0117jim\u0105.<\/p>","protected":false},"excerpt":{"rendered":"<p>\u0160velnus \u0161vei\u010diamasis losjonas odos spindesiui atkurti<\/p>","protected":false},"featured_media":13572,"comment_status":"open","ping_status":"closed","template":"","meta":[],"product_cat":[417,226],"product_tag":[],"class_list":{"0":"post-13571","1":"product","2":"type-product","3":"status-publish","4":"has-post-thumbnail","6":"product_cat-is-clinical-ir-valmont","7":"product_cat-sveitikliai-odos-prieziura","8":"pa_brands-valmont","9":"pa_talpa-150ml","11":"first","12":"instock","13":"taxable","14":"shipping-taxable","15":"purchasable","16":"product-type-simple"},"_links":{"self":[{"href":"https:\/\/miamedic.lt\/en\/wp-json\/wp\/v2\/product\/13571","targetHints":{"allow":["GET"]}}],"collection":[{"href":"https:\/\/miamedic.lt\/en\/wp-json\/wp\/v2\/product"}],"about":[{"href":"https:\/\/miamedic.lt\/en\/wp-json\/wp\/v2\/types\/product"}],"replies":[{"embeddable":true,"href":"https:\/\/miamedic.lt\/en\/wp-json\/wp\/v2\/comments?post=13571"}],"version-history":[{"count":1,"href":"https:\/\/miamedic.lt\/en\/wp-json\/wp\/v2\/product\/13571\/revisions"}],"predecessor-version":[{"id":13573,"href":"https:\/\/miamedic.lt\/en\/wp-json\/wp\/v2\/product\/13571\/revisions\/13573"}],"wp:featuredmedia":[{"embeddable":true,"href":"https:\/\/miamedic.lt\/en\/wp-json\/wp\/v2\/media\/13572"}],"wp:attachment":[{"href":"https:\/\/miamedic.lt\/en\/wp-json\/wp\/v2\/media?parent=13571"}],"wp:term":[{"taxonomy":"product_cat","embeddable":true,"href":"https:\/\/miamedic.lt\/en\/wp-json\/wp\/v2\/product_cat?post=13571"},{"taxonomy":"product_tag","embeddable":true,"href":"https:\/\/miamedic.lt\/en\/wp-json\/wp\/v2\/product_tag?post=13571"}],"curies":[{"name":"wp","href":"https:\/\/api.w.org\/{rel}","templated":true}]}}