{"id":13568,"date":"2026-03-05T09:56:10","date_gmt":"2026-03-05T09:56:10","guid":{"rendered":"https:\/\/miamedic.lt\/?post_type=product&#038;p=13568"},"modified":"2026-03-13T11:49:03","modified_gmt":"2026-03-13T11:49:03","slug":"valmont-lumicream","status":"publish","type":"product","link":"https:\/\/miamedic.lt\/en\/shop\/valmont-lumicream\/","title":{"rendered":"Valmont Lumicream"},"content":{"rendered":"<p data-start=\"0\" data-end=\"74\"><strong data-start=\"0\" data-end=\"74\">Valmont LumiCream \u2013 skaistinantis ir odos ton\u0105 lyginantis veido kremas<\/strong><\/p>\n<p data-start=\"76\" data-end=\"432\">\u0160ilkin\u0117s, lengvai tirpstan\u010dios tekst\u016bros kremas, sukurtas odos skaistumui atkurti ir veido tonui suvienodinti. Formul\u0117 padeda suma\u017einti pigmentini\u0173 d\u0117mi\u0173 matomum\u0105, gerina odos \u0161vyt\u0117jim\u0105 ir suteikia jai gaivumo. Kremas intensyviai dr\u0117kina, lygina odos pavir\u0161i\u0173 ir padeda atskleisti nat\u016bral\u0173 odos spindes\u012f, tod\u0117l veidas atrodo skaistesnis ir tolygesnio tono.<\/p>\n<p data-start=\"434\" data-end=\"447\"><strong data-start=\"434\" data-end=\"447\">Effect:<\/strong><\/p>\n<p data-start=\"449\" data-end=\"663\">\u2022 Skaistina od\u0105 ir suteikia nat\u016bralaus \u0161vyt\u0117jimo<br data-start=\"497\" data-end=\"500\" \/>\u2022 Padeda ma\u017einti pigmentini\u0173 d\u0117mi\u0173 matomum\u0105<br data-start=\"543\" data-end=\"546\" \/>\u2022 Lygina odos ton\u0105 ir tekst\u016br\u0105<br data-start=\"576\" data-end=\"579\" \/>\u2022 Intensyviai dr\u0117kina ir mink\u0161tina od\u0105<br data-start=\"617\" data-end=\"620\" \/>\u2022 Suteikia odai \u0161velnumo ir komforto poj\u016bt\u012f<\/p>\n<p data-start=\"665\" data-end=\"680\"><strong data-start=\"665\" data-end=\"680\">Usage:<\/strong><\/p>\n<p data-start=\"682\" data-end=\"913\">Naudoti pagal kosmetologo rekomendacijas. Nedidel\u012f kiek\u012f kremo tepti ant \u0161varios veido ir kaklo odos ryte ir (arba) vakare, \u0161velniai \u012fmasa\u017euoti, kol visi\u0161kai \u012fsigers. Geriausiam rezultatui pasiekti rekomenduojama naudoti po serumo.<\/p>\n<p data-start=\"915\" data-end=\"1086\" data-is-last-node=\"\" data-is-only-node=\"\">Tinka vis\u0173 tip\u0173 odai, ypa\u010d esant nelygiam odos tonui, pigmentin\u0117ms d\u0117m\u0117ms ar praradusiam skaistum\u0105 veido odos atspalviui, siekiant \u0161vytin\u010dios ir tolygesn\u0117s odos i\u0161vaizdos.<\/p>","protected":false},"excerpt":{"rendered":"<p>Skaistinantis ir odos ton\u0105 lyginantis veido kremas<\/p>","protected":false},"featured_media":13569,"comment_status":"open","ping_status":"closed","template":"","meta":[],"product_cat":[417,129],"product_tag":[],"class_list":{"0":"post-13568","1":"product","2":"type-product","3":"status-publish","4":"has-post-thumbnail","6":"product_cat-is-clinical-ir-valmont","7":"product_cat-veido-kremai","8":"pa_brands-valmont","9":"pa_talpa-50ml-2","11":"first","12":"instock","13":"taxable","14":"shipping-taxable","15":"purchasable","16":"product-type-simple"},"_links":{"self":[{"href":"https:\/\/miamedic.lt\/en\/wp-json\/wp\/v2\/product\/13568","targetHints":{"allow":["GET"]}}],"collection":[{"href":"https:\/\/miamedic.lt\/en\/wp-json\/wp\/v2\/product"}],"about":[{"href":"https:\/\/miamedic.lt\/en\/wp-json\/wp\/v2\/types\/product"}],"replies":[{"embeddable":true,"href":"https:\/\/miamedic.lt\/en\/wp-json\/wp\/v2\/comments?post=13568"}],"version-history":[{"count":1,"href":"https:\/\/miamedic.lt\/en\/wp-json\/wp\/v2\/product\/13568\/revisions"}],"predecessor-version":[{"id":13570,"href":"https:\/\/miamedic.lt\/en\/wp-json\/wp\/v2\/product\/13568\/revisions\/13570"}],"wp:featuredmedia":[{"embeddable":true,"href":"https:\/\/miamedic.lt\/en\/wp-json\/wp\/v2\/media\/13569"}],"wp:attachment":[{"href":"https:\/\/miamedic.lt\/en\/wp-json\/wp\/v2\/media?parent=13568"}],"wp:term":[{"taxonomy":"product_cat","embeddable":true,"href":"https:\/\/miamedic.lt\/en\/wp-json\/wp\/v2\/product_cat?post=13568"},{"taxonomy":"product_tag","embeddable":true,"href":"https:\/\/miamedic.lt\/en\/wp-json\/wp\/v2\/product_tag?post=13568"}],"curies":[{"name":"wp","href":"https:\/\/api.w.org\/{rel}","templated":true}]}}